{"id":1796,"date":"2025-07-25T11:29:53","date_gmt":"2025-07-25T15:29:53","guid":{"rendered":"https:\/\/multiagua.cl\/quimicos\/?post_type=product&#038;p=1796"},"modified":"2025-07-28T15:04:03","modified_gmt":"2025-07-28T19:04:03","slug":"mega-oferta-urinx-ii","status":"publish","type":"product","link":"https:\/\/multiagua.cl\/quimicos\/producto\/mega-oferta-urinx-ii\/","title":{"rendered":"MEGA OFERTA \u2013 URINX II"},"content":{"rendered":"","protected":false},"excerpt":{"rendered":"<h4 class=\"tbk__subtitle ai-optimize-32\">Limpiador de Urinales<\/h4>\n<p class=\"ai-optimize-33\">Dise\u00f1ado no s\u00f3lo para remover los dep\u00f3sitos de calcio causados por la orina, sino tambi\u00e9n para con su uso regular ayudar a reducir la acumulaci\u00f3n de sarro en los Sanitarios Port\u00e1tiles.<\/p>\n<p class=\"ai-optimize-34\">UrinX II puede tambi\u00e9n ser usado como un limpiador de prop\u00f3sito general.<\/p>\n<p class=\"ai-optimize-35\">Es muy efectivo especialmente para remover hongos y moho de sus sanitarios.<\/p>\n[video width=\"480\" height=\"848\" mp4=\"https:\/\/ecoportable.cl\/wp-content\/uploads\/2024\/04\/WhatsApp-Video-2025-06-17-at-08.48.31.mp4\"][\/video]\n<p>&nbsp;<\/p>\n<p>https:\/\/www.youtube.com\/watch?v=EnJUIZiePG0<\/p>\n","protected":false},"featured_media":1803,"template":"","meta":[],"product_brand":[],"product_cat":[90],"product_tag":[],"class_list":{"0":"post-1796","1":"product","2":"type-product","3":"status-publish","4":"has-post-thumbnail","6":"product_cat-mega-ofertas","8":"first","9":"instock","10":"shipping-taxable","11":"product-type-simple"},"yoast_head":"<!-- This site is optimized with the Yoast SEO Premium plugin v27.1 (Yoast SEO v27.2) - https:\/\/yoast.com\/product\/yoast-seo-premium-wordpress\/ -->\n<title>MEGA OFERTA \u2013 URINX II - Multiagua Qu\u00edmicos<\/title>\n<meta name=\"robots\" content=\"index, follow, max-snippet:-1, max-image-preview:large, max-video-preview:-1\" \/>\n<link rel=\"canonical\" href=\"https:\/\/multiagua.cl\/quimicos\/producto\/mega-oferta-urinx-ii\/\" \/>\n<meta property=\"og:locale\" content=\"es_ES\" \/>\n<meta property=\"og:type\" content=\"article\" \/>\n<meta property=\"og:title\" content=\"MEGA OFERTA \u2013 URINX II\" \/>\n<meta property=\"og:description\" content=\"Limpiador de Urinales Dise\u00f1ado no s\u00f3lo para remover los dep\u00f3sitos de calcio causados por la orina, sino tambi\u00e9n para con su uso regular ayudar a reducir la acumulaci\u00f3n de sarro en los Sanitarios Port\u00e1tiles. UrinX II puede tambi\u00e9n ser usado como un limpiador de prop\u00f3sito general. Es muy efectivo especialmente para remover hongos y moho de sus sanitarios.   &nbsp;  https:\/\/www.youtube.com\/watch?v=EnJUIZiePG0\" \/>\n<meta property=\"og:url\" content=\"https:\/\/multiagua.cl\/quimicos\/producto\/mega-oferta-urinx-ii\/\" \/>\n<meta property=\"og:site_name\" content=\"Multiagua Qu\u00edmicos\" \/>\n<meta property=\"article:modified_time\" content=\"2025-07-28T19:04:03+00:00\" \/>\n<meta property=\"og:image\" content=\"https:\/\/multiagua.cl\/quimicos\/wp-content\/uploads\/2025\/07\/WhatsApp-Image-2025-07-28-at-12.57.02.jpeg\" \/>\n\t<meta property=\"og:image:width\" content=\"1599\" \/>\n\t<meta property=\"og:image:height\" content=\"1600\" \/>\n\t<meta property=\"og:image:type\" content=\"image\/jpeg\" \/>\n<meta name=\"twitter:card\" content=\"summary_large_image\" \/>\n<script type=\"application\/ld+json\" class=\"yoast-schema-graph\">{\"@context\":\"https:\/\/schema.org\",\"@graph\":[{\"@type\":\"WebPage\",\"@id\":\"https:\/\/multiagua.cl\/quimicos\/producto\/mega-oferta-urinx-ii\/\",\"url\":\"https:\/\/multiagua.cl\/quimicos\/producto\/mega-oferta-urinx-ii\/\",\"name\":\"MEGA OFERTA \u2013 URINX II - Multiagua Qu\u00edmicos\",\"isPartOf\":{\"@id\":\"https:\/\/multiagua.cl\/quimicos\/#website\"},\"primaryImageOfPage\":{\"@id\":\"https:\/\/multiagua.cl\/quimicos\/producto\/mega-oferta-urinx-ii\/#primaryimage\"},\"image\":{\"@id\":\"https:\/\/multiagua.cl\/quimicos\/producto\/mega-oferta-urinx-ii\/#primaryimage\"},\"thumbnailUrl\":\"https:\/\/multiagua.cl\/quimicos\/wp-content\/uploads\/2025\/07\/WhatsApp-Image-2025-07-28-at-12.57.02.jpeg\",\"datePublished\":\"2025-07-25T15:29:53+00:00\",\"dateModified\":\"2025-07-28T19:04:03+00:00\",\"breadcrumb\":{\"@id\":\"https:\/\/multiagua.cl\/quimicos\/producto\/mega-oferta-urinx-ii\/#breadcrumb\"},\"inLanguage\":\"es\",\"potentialAction\":[{\"@type\":\"ReadAction\",\"target\":[\"https:\/\/multiagua.cl\/quimicos\/producto\/mega-oferta-urinx-ii\/\"]}]},{\"@type\":\"ImageObject\",\"inLanguage\":\"es\",\"@id\":\"https:\/\/multiagua.cl\/quimicos\/producto\/mega-oferta-urinx-ii\/#primaryimage\",\"url\":\"https:\/\/multiagua.cl\/quimicos\/wp-content\/uploads\/2025\/07\/WhatsApp-Image-2025-07-28-at-12.57.02.jpeg\",\"contentUrl\":\"https:\/\/multiagua.cl\/quimicos\/wp-content\/uploads\/2025\/07\/WhatsApp-Image-2025-07-28-at-12.57.02.jpeg\",\"width\":1599,\"height\":1600},{\"@type\":\"BreadcrumbList\",\"@id\":\"https:\/\/multiagua.cl\/quimicos\/producto\/mega-oferta-urinx-ii\/#breadcrumb\",\"itemListElement\":[{\"@type\":\"ListItem\",\"position\":1,\"name\":\"Portada\",\"item\":\"https:\/\/multiagua.cl\/quimicos\/\"},{\"@type\":\"ListItem\",\"position\":2,\"name\":\"Productos\",\"item\":\"https:\/\/multiagua.cl\/quimicos\/tienda\/\"},{\"@type\":\"ListItem\",\"position\":3,\"name\":\"MEGA OFERTA \u2013 URINX II\"}]},{\"@type\":\"WebSite\",\"@id\":\"https:\/\/multiagua.cl\/quimicos\/#website\",\"url\":\"https:\/\/multiagua.cl\/quimicos\/\",\"name\":\"Multiagua Qu\u00edmicos\",\"description\":\"Desodorantes para ba\u00f1os quimicos y sanitarios portatiles\",\"potentialAction\":[{\"@type\":\"SearchAction\",\"target\":{\"@type\":\"EntryPoint\",\"urlTemplate\":\"https:\/\/multiagua.cl\/quimicos\/?s={search_term_string}\"},\"query-input\":{\"@type\":\"PropertyValueSpecification\",\"valueRequired\":true,\"valueName\":\"search_term_string\"}}],\"inLanguage\":\"es\"}]}<\/script>\n<!-- \/ Yoast SEO Premium plugin. -->","yoast_head_json":{"title":"MEGA OFERTA \u2013 URINX II - Multiagua Qu\u00edmicos","robots":{"index":"index","follow":"follow","max-snippet":"max-snippet:-1","max-image-preview":"max-image-preview:large","max-video-preview":"max-video-preview:-1"},"canonical":"https:\/\/multiagua.cl\/quimicos\/producto\/mega-oferta-urinx-ii\/","og_locale":"es_ES","og_type":"article","og_title":"MEGA OFERTA \u2013 URINX II","og_description":"Limpiador de Urinales Dise\u00f1ado no s\u00f3lo para remover los dep\u00f3sitos de calcio causados por la orina, sino tambi\u00e9n para con su uso regular ayudar a reducir la acumulaci\u00f3n de sarro en los Sanitarios Port\u00e1tiles. UrinX II puede tambi\u00e9n ser usado como un limpiador de prop\u00f3sito general. Es muy efectivo especialmente para remover hongos y moho de sus sanitarios.   &nbsp;  https:\/\/www.youtube.com\/watch?v=EnJUIZiePG0","og_url":"https:\/\/multiagua.cl\/quimicos\/producto\/mega-oferta-urinx-ii\/","og_site_name":"Multiagua Qu\u00edmicos","article_modified_time":"2025-07-28T19:04:03+00:00","og_image":[{"width":1599,"height":1600,"url":"https:\/\/multiagua.cl\/quimicos\/wp-content\/uploads\/2025\/07\/WhatsApp-Image-2025-07-28-at-12.57.02.jpeg","type":"image\/jpeg"}],"twitter_card":"summary_large_image","schema":{"@context":"https:\/\/schema.org","@graph":[{"@type":"WebPage","@id":"https:\/\/multiagua.cl\/quimicos\/producto\/mega-oferta-urinx-ii\/","url":"https:\/\/multiagua.cl\/quimicos\/producto\/mega-oferta-urinx-ii\/","name":"MEGA OFERTA \u2013 URINX II - Multiagua Qu\u00edmicos","isPartOf":{"@id":"https:\/\/multiagua.cl\/quimicos\/#website"},"primaryImageOfPage":{"@id":"https:\/\/multiagua.cl\/quimicos\/producto\/mega-oferta-urinx-ii\/#primaryimage"},"image":{"@id":"https:\/\/multiagua.cl\/quimicos\/producto\/mega-oferta-urinx-ii\/#primaryimage"},"thumbnailUrl":"https:\/\/multiagua.cl\/quimicos\/wp-content\/uploads\/2025\/07\/WhatsApp-Image-2025-07-28-at-12.57.02.jpeg","datePublished":"2025-07-25T15:29:53+00:00","dateModified":"2025-07-28T19:04:03+00:00","breadcrumb":{"@id":"https:\/\/multiagua.cl\/quimicos\/producto\/mega-oferta-urinx-ii\/#breadcrumb"},"inLanguage":"es","potentialAction":[{"@type":"ReadAction","target":["https:\/\/multiagua.cl\/quimicos\/producto\/mega-oferta-urinx-ii\/"]}]},{"@type":"ImageObject","inLanguage":"es","@id":"https:\/\/multiagua.cl\/quimicos\/producto\/mega-oferta-urinx-ii\/#primaryimage","url":"https:\/\/multiagua.cl\/quimicos\/wp-content\/uploads\/2025\/07\/WhatsApp-Image-2025-07-28-at-12.57.02.jpeg","contentUrl":"https:\/\/multiagua.cl\/quimicos\/wp-content\/uploads\/2025\/07\/WhatsApp-Image-2025-07-28-at-12.57.02.jpeg","width":1599,"height":1600},{"@type":"BreadcrumbList","@id":"https:\/\/multiagua.cl\/quimicos\/producto\/mega-oferta-urinx-ii\/#breadcrumb","itemListElement":[{"@type":"ListItem","position":1,"name":"Portada","item":"https:\/\/multiagua.cl\/quimicos\/"},{"@type":"ListItem","position":2,"name":"Productos","item":"https:\/\/multiagua.cl\/quimicos\/tienda\/"},{"@type":"ListItem","position":3,"name":"MEGA OFERTA \u2013 URINX II"}]},{"@type":"WebSite","@id":"https:\/\/multiagua.cl\/quimicos\/#website","url":"https:\/\/multiagua.cl\/quimicos\/","name":"Multiagua Qu\u00edmicos","description":"Desodorantes para ba\u00f1os quimicos y sanitarios portatiles","potentialAction":[{"@type":"SearchAction","target":{"@type":"EntryPoint","urlTemplate":"https:\/\/multiagua.cl\/quimicos\/?s={search_term_string}"},"query-input":{"@type":"PropertyValueSpecification","valueRequired":true,"valueName":"search_term_string"}}],"inLanguage":"es"}]}},"_links":{"self":[{"href":"https:\/\/multiagua.cl\/quimicos\/wp-json\/wp\/v2\/product\/1796","targetHints":{"allow":["GET"]}}],"collection":[{"href":"https:\/\/multiagua.cl\/quimicos\/wp-json\/wp\/v2\/product"}],"about":[{"href":"https:\/\/multiagua.cl\/quimicos\/wp-json\/wp\/v2\/types\/product"}],"version-history":[{"count":2,"href":"https:\/\/multiagua.cl\/quimicos\/wp-json\/wp\/v2\/product\/1796\/revisions"}],"predecessor-version":[{"id":1799,"href":"https:\/\/multiagua.cl\/quimicos\/wp-json\/wp\/v2\/product\/1796\/revisions\/1799"}],"wp:featuredmedia":[{"embeddable":true,"href":"https:\/\/multiagua.cl\/quimicos\/wp-json\/wp\/v2\/media\/1803"}],"wp:attachment":[{"href":"https:\/\/multiagua.cl\/quimicos\/wp-json\/wp\/v2\/media?parent=1796"}],"wp:term":[{"taxonomy":"product_brand","embeddable":true,"href":"https:\/\/multiagua.cl\/quimicos\/wp-json\/wp\/v2\/product_brand?post=1796"},{"taxonomy":"product_cat","embeddable":true,"href":"https:\/\/multiagua.cl\/quimicos\/wp-json\/wp\/v2\/product_cat?post=1796"},{"taxonomy":"product_tag","embeddable":true,"href":"https:\/\/multiagua.cl\/quimicos\/wp-json\/wp\/v2\/product_tag?post=1796"}],"curies":[{"name":"wp","href":"https:\/\/api.w.org\/{rel}","templated":true}]}}