{"id":1793,"date":"2025-07-25T11:28:28","date_gmt":"2025-07-25T15:28:28","guid":{"rendered":"https:\/\/multiagua.cl\/quimicos\/?post_type=product&#038;p=1793"},"modified":"2025-07-28T15:03:23","modified_gmt":"2025-07-28T19:03:23","slug":"mega-oferta-truex-squeeze","status":"publish","type":"product","link":"https:\/\/multiagua.cl\/quimicos\/producto\/mega-oferta-truex-squeeze\/","title":{"rendered":"MEGA OFERTA \u2013 TRUEX SQUEEZE"},"content":{"rendered":"","protected":false},"excerpt":{"rendered":"<p class=\"ai-optimize-30\">La botella de Truex Squeeze es conveniente, sin derrames, f\u00e1cil de usar y trae 1 litro de nuestro desodorizante liquido sin formaldehido, ideal para Sanitarios Port\u00e1tiles, Casas Rodantes, Motorhome, Camping, etc.<\/p>\n<p class=\"ai-optimize-31\">La botella Truex Squeeze agiliza su productividad al mismo tiempo que reduce dram\u00e1ticamente los derrames los cuales pueden ser extremadamente costosos y problem\u00e1tico.<\/p>\n<ul>\n<li class=\"ai-optimize-32\"><strong>1 Disparo<\/strong><\/li>\n<\/ul>\n<p class=\"ai-optimize-33\">Temperaturas Frescas \/ Eventos Especiales &amp; Tr\u00e1fico Ligero<\/p>\n<p class=\"ai-optimize-34\">135 Servicios por Botella<\/p>\n<ul>\n<li class=\"ai-optimize-35\"><strong>2 Disparos<\/strong><\/li>\n<\/ul>\n<p class=\"ai-optimize-36\">Temperaturas Altas &amp; Condiciones Moderadas de Temperatura y Tr\u00e1fico<\/p>\n<p class=\"ai-optimize-37\">90 Servicios por botella<\/p>\n<ul>\n<li class=\"ai-optimize-38\"><strong>3 Disparos<\/strong><\/li>\n<\/ul>\n<p class=\"ai-optimize-39\">Temperaturas Extremas y Tr\u00e1fico Pesado<\/p>\n<p class=\"ai-optimize-40\">45 Servicios por botella<\/p>\n<p>&nbsp;<\/p>\n<p class=\"ai-optimize-41\">\u00a1Te ense\u00f1amos c\u00f3mo utilizar nuestros productos paso a paso!<\/p>\n<p>&nbsp;<\/p>\n<h3 class=\"ai-optimize-42\">Paso N\u00b0 1:<\/h3>\n<h4 class=\"ai-optimize-43\">Debes llenar el estanque con 20 litros de agua limpia.<\/h4>\n<h4><img loading=\"lazy\" decoding=\"async\" class=\" wp-image-1557 aligncenter\" src=\"https:\/\/ecoportable.cl\/wp-content\/uploads\/2024\/04\/Untitled-design-31.webp\" alt=\"\" width=\"371\" height=\"254\" \/><\/h4>\n<h3 class=\"ai-optimize-44\">Paso N\u00b0 2:<\/h3>\n<h4 class=\"ai-optimize-45\">Abre la tapa f\u00e1cil de usar y a prueba de derrames.<br data-start=\"300\" data-end=\"303\" \/>El dise\u00f1o de la tapa evita fugas y facilita la dosificaci\u00f3n.<\/h4>\n<p><img loading=\"lazy\" decoding=\"async\" class=\" wp-image-1681 aligncenter\" src=\"https:\/\/ecoportable.cl\/wp-content\/uploads\/2024\/04\/Untitled-design-37-ezgif.com-gif-to-webp-converter.webp\" alt=\"\" width=\"371\" height=\"254\" \/><\/p>\n<h3 class=\"ai-optimize-46\">Paso N\u00b0 3:<\/h3>\n<h4 class=\"ai-optimize-47\">Aprieta la botella para verter la cantidad deseada en el tanque<br data-start=\"435\" data-end=\"438\" \/>Controla f\u00e1cilmente la dosis seg\u00fan el uso que necesites.<\/h4>\n<p><img loading=\"lazy\" decoding=\"async\" class=\" wp-image-1684 aligncenter\" src=\"https:\/\/ecoportable.cl\/wp-content\/uploads\/2024\/04\/sbq.webp\" alt=\"\" width=\"372\" height=\"255\" \/><\/p>\n<h3 class=\"ai-optimize-48\">Paso N\u00b0 4:<\/h3>\n<h4 class=\"ai-optimize-49\">Disfruta de un color azul intenso y duradero<br data-start=\"547\" data-end=\"550\" \/>El producto brinda un color profundo que ayuda a mantener el tanque con buen aspecto por m\u00e1s tiempo.<\/h4>\n<p><img loading=\"lazy\" decoding=\"async\" class=\"wp-image-1636 aligncenter\" src=\"https:\/\/ecoportable.cl\/wp-content\/uploads\/2024\/04\/Untitled-design-351-ezgif.com-gif-to-webp-converter.webp\" alt=\"\" width=\"369\" height=\"253\" \/><\/p>\n","protected":false},"featured_media":1802,"template":"","meta":[],"product_brand":[],"product_cat":[90],"product_tag":[],"class_list":{"0":"post-1793","1":"product","2":"type-product","3":"status-publish","4":"has-post-thumbnail","6":"product_cat-mega-ofertas","8":"first","9":"instock","10":"shipping-taxable","11":"product-type-simple"},"yoast_head":"<!-- This site is optimized with the Yoast SEO Premium plugin v27.1 (Yoast SEO v27.2) - https:\/\/yoast.com\/product\/yoast-seo-premium-wordpress\/ -->\n<title>MEGA OFERTA \u2013 TRUEX SQUEEZE - Multiagua Qu\u00edmicos<\/title>\n<meta name=\"robots\" content=\"index, follow, max-snippet:-1, max-image-preview:large, max-video-preview:-1\" \/>\n<link rel=\"canonical\" href=\"https:\/\/multiagua.cl\/quimicos\/producto\/mega-oferta-truex-squeeze\/\" \/>\n<meta property=\"og:locale\" content=\"es_ES\" \/>\n<meta property=\"og:type\" content=\"article\" \/>\n<meta property=\"og:title\" content=\"MEGA OFERTA \u2013 TRUEX SQUEEZE\" \/>\n<meta property=\"og:description\" content=\"La botella de Truex Squeeze es conveniente, sin derrames, f\u00e1cil de usar y trae 1 litro de nuestro desodorizante liquido sin formaldehido, ideal para Sanitarios Port\u00e1tiles, Casas Rodantes, Motorhome, Camping, etc. La botella Truex Squeeze agiliza su productividad al mismo tiempo que reduce dram\u00e1ticamente los derrames los cuales pueden ser extremadamente costosos y problem\u00e1tico.    1 Disparo  Temperaturas Frescas \/ Eventos Especiales &amp; Tr\u00e1fico Ligero 135 Servicios por Botella    2 Disparos  Temperaturas Altas &amp; Condiciones Moderadas de Temperatura y Tr\u00e1fico 90 Servicios por botella    3 Disparos  Temperaturas Extremas y Tr\u00e1fico Pesado 45 Servicios por botella &nbsp; \u00a1Te ense\u00f1amos c\u00f3mo utilizar nuestros productos paso a paso! &nbsp; Paso N\u00b0 1: Debes llenar el estanque con 20 litros de agua limpia.  Paso N\u00b0 2: Abre la tapa f\u00e1cil de usar y a prueba de derrames.El dise\u00f1o de la tapa evita fugas y facilita la dosificaci\u00f3n.  Paso N\u00b0 3: Aprieta la botella para verter la cantidad deseada en el tanqueControla f\u00e1cilmente la dosis seg\u00fan el uso que necesites.  Paso N\u00b0 4: Disfruta de un color azul intenso y duraderoEl producto brinda un color profundo que ayuda a mantener el tanque con buen aspecto por m\u00e1s tiempo.\" \/>\n<meta property=\"og:url\" content=\"https:\/\/multiagua.cl\/quimicos\/producto\/mega-oferta-truex-squeeze\/\" \/>\n<meta property=\"og:site_name\" content=\"Multiagua Qu\u00edmicos\" \/>\n<meta property=\"article:modified_time\" content=\"2025-07-28T19:03:23+00:00\" \/>\n<meta property=\"og:image\" content=\"https:\/\/multiagua.cl\/quimicos\/wp-content\/uploads\/2025\/07\/WhatsApp-Image-2025-07-28-at-12.57.02-2.jpeg\" \/>\n\t<meta property=\"og:image:width\" content=\"1599\" \/>\n\t<meta property=\"og:image:height\" content=\"1600\" \/>\n\t<meta property=\"og:image:type\" content=\"image\/jpeg\" \/>\n<meta name=\"twitter:card\" content=\"summary_large_image\" \/>\n<script type=\"application\/ld+json\" class=\"yoast-schema-graph\">{\"@context\":\"https:\/\/schema.org\",\"@graph\":[{\"@type\":\"WebPage\",\"@id\":\"https:\/\/multiagua.cl\/quimicos\/producto\/mega-oferta-truex-squeeze\/\",\"url\":\"https:\/\/multiagua.cl\/quimicos\/producto\/mega-oferta-truex-squeeze\/\",\"name\":\"MEGA OFERTA \u2013 TRUEX SQUEEZE - Multiagua Qu\u00edmicos\",\"isPartOf\":{\"@id\":\"https:\/\/multiagua.cl\/quimicos\/#website\"},\"primaryImageOfPage\":{\"@id\":\"https:\/\/multiagua.cl\/quimicos\/producto\/mega-oferta-truex-squeeze\/#primaryimage\"},\"image\":{\"@id\":\"https:\/\/multiagua.cl\/quimicos\/producto\/mega-oferta-truex-squeeze\/#primaryimage\"},\"thumbnailUrl\":\"https:\/\/multiagua.cl\/quimicos\/wp-content\/uploads\/2025\/07\/WhatsApp-Image-2025-07-28-at-12.57.02-2.jpeg\",\"datePublished\":\"2025-07-25T15:28:28+00:00\",\"dateModified\":\"2025-07-28T19:03:23+00:00\",\"breadcrumb\":{\"@id\":\"https:\/\/multiagua.cl\/quimicos\/producto\/mega-oferta-truex-squeeze\/#breadcrumb\"},\"inLanguage\":\"es\",\"potentialAction\":[{\"@type\":\"ReadAction\",\"target\":[\"https:\/\/multiagua.cl\/quimicos\/producto\/mega-oferta-truex-squeeze\/\"]}]},{\"@type\":\"ImageObject\",\"inLanguage\":\"es\",\"@id\":\"https:\/\/multiagua.cl\/quimicos\/producto\/mega-oferta-truex-squeeze\/#primaryimage\",\"url\":\"https:\/\/multiagua.cl\/quimicos\/wp-content\/uploads\/2025\/07\/WhatsApp-Image-2025-07-28-at-12.57.02-2.jpeg\",\"contentUrl\":\"https:\/\/multiagua.cl\/quimicos\/wp-content\/uploads\/2025\/07\/WhatsApp-Image-2025-07-28-at-12.57.02-2.jpeg\",\"width\":1599,\"height\":1600},{\"@type\":\"BreadcrumbList\",\"@id\":\"https:\/\/multiagua.cl\/quimicos\/producto\/mega-oferta-truex-squeeze\/#breadcrumb\",\"itemListElement\":[{\"@type\":\"ListItem\",\"position\":1,\"name\":\"Portada\",\"item\":\"https:\/\/multiagua.cl\/quimicos\/\"},{\"@type\":\"ListItem\",\"position\":2,\"name\":\"Productos\",\"item\":\"https:\/\/multiagua.cl\/quimicos\/tienda\/\"},{\"@type\":\"ListItem\",\"position\":3,\"name\":\"MEGA OFERTA \u2013 TRUEX SQUEEZE\"}]},{\"@type\":\"WebSite\",\"@id\":\"https:\/\/multiagua.cl\/quimicos\/#website\",\"url\":\"https:\/\/multiagua.cl\/quimicos\/\",\"name\":\"Multiagua Qu\u00edmicos\",\"description\":\"Desodorantes para ba\u00f1os quimicos y sanitarios portatiles\",\"potentialAction\":[{\"@type\":\"SearchAction\",\"target\":{\"@type\":\"EntryPoint\",\"urlTemplate\":\"https:\/\/multiagua.cl\/quimicos\/?s={search_term_string}\"},\"query-input\":{\"@type\":\"PropertyValueSpecification\",\"valueRequired\":true,\"valueName\":\"search_term_string\"}}],\"inLanguage\":\"es\"}]}<\/script>\n<!-- \/ Yoast SEO Premium plugin. -->","yoast_head_json":{"title":"MEGA OFERTA \u2013 TRUEX SQUEEZE - Multiagua Qu\u00edmicos","robots":{"index":"index","follow":"follow","max-snippet":"max-snippet:-1","max-image-preview":"max-image-preview:large","max-video-preview":"max-video-preview:-1"},"canonical":"https:\/\/multiagua.cl\/quimicos\/producto\/mega-oferta-truex-squeeze\/","og_locale":"es_ES","og_type":"article","og_title":"MEGA OFERTA \u2013 TRUEX SQUEEZE","og_description":"La botella de Truex Squeeze es conveniente, sin derrames, f\u00e1cil de usar y trae 1 litro de nuestro desodorizante liquido sin formaldehido, ideal para Sanitarios Port\u00e1tiles, Casas Rodantes, Motorhome, Camping, etc. La botella Truex Squeeze agiliza su productividad al mismo tiempo que reduce dram\u00e1ticamente los derrames los cuales pueden ser extremadamente costosos y problem\u00e1tico.    1 Disparo  Temperaturas Frescas \/ Eventos Especiales &amp; Tr\u00e1fico Ligero 135 Servicios por Botella    2 Disparos  Temperaturas Altas &amp; Condiciones Moderadas de Temperatura y Tr\u00e1fico 90 Servicios por botella    3 Disparos  Temperaturas Extremas y Tr\u00e1fico Pesado 45 Servicios por botella &nbsp; \u00a1Te ense\u00f1amos c\u00f3mo utilizar nuestros productos paso a paso! &nbsp; Paso N\u00b0 1: Debes llenar el estanque con 20 litros de agua limpia.  Paso N\u00b0 2: Abre la tapa f\u00e1cil de usar y a prueba de derrames.El dise\u00f1o de la tapa evita fugas y facilita la dosificaci\u00f3n.  Paso N\u00b0 3: Aprieta la botella para verter la cantidad deseada en el tanqueControla f\u00e1cilmente la dosis seg\u00fan el uso que necesites.  Paso N\u00b0 4: Disfruta de un color azul intenso y duraderoEl producto brinda un color profundo que ayuda a mantener el tanque con buen aspecto por m\u00e1s tiempo.","og_url":"https:\/\/multiagua.cl\/quimicos\/producto\/mega-oferta-truex-squeeze\/","og_site_name":"Multiagua Qu\u00edmicos","article_modified_time":"2025-07-28T19:03:23+00:00","og_image":[{"width":1599,"height":1600,"url":"https:\/\/multiagua.cl\/quimicos\/wp-content\/uploads\/2025\/07\/WhatsApp-Image-2025-07-28-at-12.57.02-2.jpeg","type":"image\/jpeg"}],"twitter_card":"summary_large_image","schema":{"@context":"https:\/\/schema.org","@graph":[{"@type":"WebPage","@id":"https:\/\/multiagua.cl\/quimicos\/producto\/mega-oferta-truex-squeeze\/","url":"https:\/\/multiagua.cl\/quimicos\/producto\/mega-oferta-truex-squeeze\/","name":"MEGA OFERTA \u2013 TRUEX SQUEEZE - Multiagua Qu\u00edmicos","isPartOf":{"@id":"https:\/\/multiagua.cl\/quimicos\/#website"},"primaryImageOfPage":{"@id":"https:\/\/multiagua.cl\/quimicos\/producto\/mega-oferta-truex-squeeze\/#primaryimage"},"image":{"@id":"https:\/\/multiagua.cl\/quimicos\/producto\/mega-oferta-truex-squeeze\/#primaryimage"},"thumbnailUrl":"https:\/\/multiagua.cl\/quimicos\/wp-content\/uploads\/2025\/07\/WhatsApp-Image-2025-07-28-at-12.57.02-2.jpeg","datePublished":"2025-07-25T15:28:28+00:00","dateModified":"2025-07-28T19:03:23+00:00","breadcrumb":{"@id":"https:\/\/multiagua.cl\/quimicos\/producto\/mega-oferta-truex-squeeze\/#breadcrumb"},"inLanguage":"es","potentialAction":[{"@type":"ReadAction","target":["https:\/\/multiagua.cl\/quimicos\/producto\/mega-oferta-truex-squeeze\/"]}]},{"@type":"ImageObject","inLanguage":"es","@id":"https:\/\/multiagua.cl\/quimicos\/producto\/mega-oferta-truex-squeeze\/#primaryimage","url":"https:\/\/multiagua.cl\/quimicos\/wp-content\/uploads\/2025\/07\/WhatsApp-Image-2025-07-28-at-12.57.02-2.jpeg","contentUrl":"https:\/\/multiagua.cl\/quimicos\/wp-content\/uploads\/2025\/07\/WhatsApp-Image-2025-07-28-at-12.57.02-2.jpeg","width":1599,"height":1600},{"@type":"BreadcrumbList","@id":"https:\/\/multiagua.cl\/quimicos\/producto\/mega-oferta-truex-squeeze\/#breadcrumb","itemListElement":[{"@type":"ListItem","position":1,"name":"Portada","item":"https:\/\/multiagua.cl\/quimicos\/"},{"@type":"ListItem","position":2,"name":"Productos","item":"https:\/\/multiagua.cl\/quimicos\/tienda\/"},{"@type":"ListItem","position":3,"name":"MEGA OFERTA \u2013 TRUEX SQUEEZE"}]},{"@type":"WebSite","@id":"https:\/\/multiagua.cl\/quimicos\/#website","url":"https:\/\/multiagua.cl\/quimicos\/","name":"Multiagua Qu\u00edmicos","description":"Desodorantes para ba\u00f1os quimicos y sanitarios portatiles","potentialAction":[{"@type":"SearchAction","target":{"@type":"EntryPoint","urlTemplate":"https:\/\/multiagua.cl\/quimicos\/?s={search_term_string}"},"query-input":{"@type":"PropertyValueSpecification","valueRequired":true,"valueName":"search_term_string"}}],"inLanguage":"es"}]}},"_links":{"self":[{"href":"https:\/\/multiagua.cl\/quimicos\/wp-json\/wp\/v2\/product\/1793","targetHints":{"allow":["GET"]}}],"collection":[{"href":"https:\/\/multiagua.cl\/quimicos\/wp-json\/wp\/v2\/product"}],"about":[{"href":"https:\/\/multiagua.cl\/quimicos\/wp-json\/wp\/v2\/types\/product"}],"version-history":[{"count":1,"href":"https:\/\/multiagua.cl\/quimicos\/wp-json\/wp\/v2\/product\/1793\/revisions"}],"predecessor-version":[{"id":1795,"href":"https:\/\/multiagua.cl\/quimicos\/wp-json\/wp\/v2\/product\/1793\/revisions\/1795"}],"wp:featuredmedia":[{"embeddable":true,"href":"https:\/\/multiagua.cl\/quimicos\/wp-json\/wp\/v2\/media\/1802"}],"wp:attachment":[{"href":"https:\/\/multiagua.cl\/quimicos\/wp-json\/wp\/v2\/media?parent=1793"}],"wp:term":[{"taxonomy":"product_brand","embeddable":true,"href":"https:\/\/multiagua.cl\/quimicos\/wp-json\/wp\/v2\/product_brand?post=1793"},{"taxonomy":"product_cat","embeddable":true,"href":"https:\/\/multiagua.cl\/quimicos\/wp-json\/wp\/v2\/product_cat?post=1793"},{"taxonomy":"product_tag","embeddable":true,"href":"https:\/\/multiagua.cl\/quimicos\/wp-json\/wp\/v2\/product_tag?post=1793"}],"curies":[{"name":"wp","href":"https:\/\/api.w.org\/{rel}","templated":true}]}}