{"id":1565,"date":"2025-06-06T09:55:15","date_gmt":"2025-06-06T13:55:15","guid":{"rendered":"https:\/\/multiagua.cl\/quimicos\/?post_type=product&#038;p=1565"},"modified":"2025-06-11T14:05:38","modified_gmt":"2025-06-11T18:05:38","slug":"botella-un-cuarto-de-galon-de-cuello-angosto-946-ml","status":"publish","type":"product","link":"https:\/\/multiagua.cl\/quimicos\/producto\/botella-un-cuarto-de-galon-de-cuello-angosto-946-ml\/","title":{"rendered":"Botella un cuarto de Gal\u00f3n de cuello angosto \u2013 946 ml"},"content":{"rendered":"","protected":false},"excerpt":{"rendered":"<p data-start=\"66\" data-end=\"181\"><strong>Botella un cuarto de Gal\u00f3n \u2013 946 ml<\/strong><br data-start=\"112\" data-end=\"115\" \/>Dise\u00f1ada para uso profesional con productos qu\u00edmicos y de limpieza<\/p>\n<ul>\n<li data-start=\"183\" data-end=\"434\">Capacidad: 946 ml (32 onzas).<\/li>\n<li data-start=\"183\" data-end=\"434\">Cuello angosto para mayor control al verter.<\/li>\n<li data-start=\"183\" data-end=\"434\">Compatible con gatillos rociadores est\u00e1ndar.<\/li>\n<li data-start=\"183\" data-end=\"434\">Ideal para diluciones, aplicaciones dirigidas y uso diario.<\/li>\n<li data-start=\"183\" data-end=\"434\">Pl\u00e1stico resistente a qu\u00edmicos, reutilizable y duradero.<\/li>\n<\/ul>\n<p data-start=\"436\" data-end=\"583\" data-is-last-node=\"\" data-is-only-node=\"\">Perfecta para combinar con atomizadores o etiquetas de productos diluidos.<\/p>\n","protected":false},"featured_media":1624,"template":"","meta":[],"product_brand":[],"product_cat":[86],"product_tag":[],"class_list":{"0":"post-1565","1":"product","2":"type-product","3":"status-publish","4":"has-post-thumbnail","6":"product_cat-accesorios-complementarios","8":"first","9":"instock","10":"shipping-taxable","11":"product-type-simple"},"yoast_head":"<!-- This site is optimized with the Yoast SEO Premium plugin v27.1 (Yoast SEO v27.2) - https:\/\/yoast.com\/product\/yoast-seo-premium-wordpress\/ -->\n<title>Botella un cuarto de Gal\u00f3n de cuello angosto \u2013 946 ml - Multiagua Qu\u00edmicos<\/title>\n<meta name=\"robots\" content=\"index, follow, max-snippet:-1, max-image-preview:large, max-video-preview:-1\" \/>\n<link rel=\"canonical\" href=\"https:\/\/multiagua.cl\/quimicos\/producto\/botella-un-cuarto-de-galon-de-cuello-angosto-946-ml\/\" \/>\n<meta property=\"og:locale\" content=\"es_ES\" \/>\n<meta property=\"og:type\" content=\"article\" \/>\n<meta property=\"og:title\" content=\"Botella un cuarto de Gal\u00f3n de cuello angosto \u2013 946 ml\" \/>\n<meta property=\"og:description\" content=\"Botella un cuarto de Gal\u00f3n \u2013 946 mlDise\u00f1ada para uso profesional con productos qu\u00edmicos y de limpieza    Capacidad: 946 ml (32 onzas).  Cuello angosto para mayor control al verter.  Compatible con gatillos rociadores est\u00e1ndar.  Ideal para diluciones, aplicaciones dirigidas y uso diario.  Pl\u00e1stico resistente a qu\u00edmicos, reutilizable y duradero.  Perfecta para combinar con atomizadores o etiquetas de productos diluidos.\" \/>\n<meta property=\"og:url\" content=\"https:\/\/multiagua.cl\/quimicos\/producto\/botella-un-cuarto-de-galon-de-cuello-angosto-946-ml\/\" \/>\n<meta property=\"og:site_name\" content=\"Multiagua Qu\u00edmicos\" \/>\n<meta property=\"article:modified_time\" content=\"2025-06-11T18:05:38+00:00\" \/>\n<meta property=\"og:image\" content=\"https:\/\/multiagua.cl\/quimicos\/wp-content\/uploads\/2025\/06\/pixelcut-export-2025-06-02T110952.340.png\" \/>\n\t<meta property=\"og:image:width\" content=\"1080\" \/>\n\t<meta property=\"og:image:height\" content=\"1080\" \/>\n\t<meta property=\"og:image:type\" content=\"image\/png\" \/>\n<meta name=\"twitter:card\" content=\"summary_large_image\" \/>\n<meta name=\"twitter:label1\" content=\"Tiempo de lectura\" \/>\n\t<meta name=\"twitter:data1\" content=\"1 minuto\" \/>\n<script type=\"application\/ld+json\" class=\"yoast-schema-graph\">{\"@context\":\"https:\/\/schema.org\",\"@graph\":[{\"@type\":\"WebPage\",\"@id\":\"https:\/\/multiagua.cl\/quimicos\/producto\/botella-un-cuarto-de-galon-de-cuello-angosto-946-ml\/\",\"url\":\"https:\/\/multiagua.cl\/quimicos\/producto\/botella-un-cuarto-de-galon-de-cuello-angosto-946-ml\/\",\"name\":\"Botella un cuarto de Gal\u00f3n de cuello angosto \u2013 946 ml - Multiagua Qu\u00edmicos\",\"isPartOf\":{\"@id\":\"https:\/\/multiagua.cl\/quimicos\/#website\"},\"primaryImageOfPage\":{\"@id\":\"https:\/\/multiagua.cl\/quimicos\/producto\/botella-un-cuarto-de-galon-de-cuello-angosto-946-ml\/#primaryimage\"},\"image\":{\"@id\":\"https:\/\/multiagua.cl\/quimicos\/producto\/botella-un-cuarto-de-galon-de-cuello-angosto-946-ml\/#primaryimage\"},\"thumbnailUrl\":\"https:\/\/multiagua.cl\/quimicos\/wp-content\/uploads\/2025\/06\/pixelcut-export-2025-06-02T110952.340.png\",\"datePublished\":\"2025-06-06T13:55:15+00:00\",\"dateModified\":\"2025-06-11T18:05:38+00:00\",\"breadcrumb\":{\"@id\":\"https:\/\/multiagua.cl\/quimicos\/producto\/botella-un-cuarto-de-galon-de-cuello-angosto-946-ml\/#breadcrumb\"},\"inLanguage\":\"es\",\"potentialAction\":[{\"@type\":\"ReadAction\",\"target\":[\"https:\/\/multiagua.cl\/quimicos\/producto\/botella-un-cuarto-de-galon-de-cuello-angosto-946-ml\/\"]}]},{\"@type\":\"ImageObject\",\"inLanguage\":\"es\",\"@id\":\"https:\/\/multiagua.cl\/quimicos\/producto\/botella-un-cuarto-de-galon-de-cuello-angosto-946-ml\/#primaryimage\",\"url\":\"https:\/\/multiagua.cl\/quimicos\/wp-content\/uploads\/2025\/06\/pixelcut-export-2025-06-02T110952.340.png\",\"contentUrl\":\"https:\/\/multiagua.cl\/quimicos\/wp-content\/uploads\/2025\/06\/pixelcut-export-2025-06-02T110952.340.png\",\"width\":1080,\"height\":1080},{\"@type\":\"BreadcrumbList\",\"@id\":\"https:\/\/multiagua.cl\/quimicos\/producto\/botella-un-cuarto-de-galon-de-cuello-angosto-946-ml\/#breadcrumb\",\"itemListElement\":[{\"@type\":\"ListItem\",\"position\":1,\"name\":\"Portada\",\"item\":\"https:\/\/multiagua.cl\/quimicos\/\"},{\"@type\":\"ListItem\",\"position\":2,\"name\":\"Productos\",\"item\":\"https:\/\/multiagua.cl\/quimicos\/tienda\/\"},{\"@type\":\"ListItem\",\"position\":3,\"name\":\"Botella un cuarto de Gal\u00f3n de cuello angosto \u2013 946 ml\"}]},{\"@type\":\"WebSite\",\"@id\":\"https:\/\/multiagua.cl\/quimicos\/#website\",\"url\":\"https:\/\/multiagua.cl\/quimicos\/\",\"name\":\"Multiagua Qu\u00edmicos\",\"description\":\"Desodorantes para ba\u00f1os quimicos y sanitarios portatiles\",\"potentialAction\":[{\"@type\":\"SearchAction\",\"target\":{\"@type\":\"EntryPoint\",\"urlTemplate\":\"https:\/\/multiagua.cl\/quimicos\/?s={search_term_string}\"},\"query-input\":{\"@type\":\"PropertyValueSpecification\",\"valueRequired\":true,\"valueName\":\"search_term_string\"}}],\"inLanguage\":\"es\"}]}<\/script>\n<!-- \/ Yoast SEO Premium plugin. -->","yoast_head_json":{"title":"Botella un cuarto de Gal\u00f3n de cuello angosto \u2013 946 ml - Multiagua Qu\u00edmicos","robots":{"index":"index","follow":"follow","max-snippet":"max-snippet:-1","max-image-preview":"max-image-preview:large","max-video-preview":"max-video-preview:-1"},"canonical":"https:\/\/multiagua.cl\/quimicos\/producto\/botella-un-cuarto-de-galon-de-cuello-angosto-946-ml\/","og_locale":"es_ES","og_type":"article","og_title":"Botella un cuarto de Gal\u00f3n de cuello angosto \u2013 946 ml","og_description":"Botella un cuarto de Gal\u00f3n \u2013 946 mlDise\u00f1ada para uso profesional con productos qu\u00edmicos y de limpieza    Capacidad: 946 ml (32 onzas).  Cuello angosto para mayor control al verter.  Compatible con gatillos rociadores est\u00e1ndar.  Ideal para diluciones, aplicaciones dirigidas y uso diario.  Pl\u00e1stico resistente a qu\u00edmicos, reutilizable y duradero.  Perfecta para combinar con atomizadores o etiquetas de productos diluidos.","og_url":"https:\/\/multiagua.cl\/quimicos\/producto\/botella-un-cuarto-de-galon-de-cuello-angosto-946-ml\/","og_site_name":"Multiagua Qu\u00edmicos","article_modified_time":"2025-06-11T18:05:38+00:00","og_image":[{"width":1080,"height":1080,"url":"https:\/\/multiagua.cl\/quimicos\/wp-content\/uploads\/2025\/06\/pixelcut-export-2025-06-02T110952.340.png","type":"image\/png"}],"twitter_card":"summary_large_image","twitter_misc":{"Tiempo de lectura":"1 minuto"},"schema":{"@context":"https:\/\/schema.org","@graph":[{"@type":"WebPage","@id":"https:\/\/multiagua.cl\/quimicos\/producto\/botella-un-cuarto-de-galon-de-cuello-angosto-946-ml\/","url":"https:\/\/multiagua.cl\/quimicos\/producto\/botella-un-cuarto-de-galon-de-cuello-angosto-946-ml\/","name":"Botella un cuarto de Gal\u00f3n de cuello angosto \u2013 946 ml - Multiagua Qu\u00edmicos","isPartOf":{"@id":"https:\/\/multiagua.cl\/quimicos\/#website"},"primaryImageOfPage":{"@id":"https:\/\/multiagua.cl\/quimicos\/producto\/botella-un-cuarto-de-galon-de-cuello-angosto-946-ml\/#primaryimage"},"image":{"@id":"https:\/\/multiagua.cl\/quimicos\/producto\/botella-un-cuarto-de-galon-de-cuello-angosto-946-ml\/#primaryimage"},"thumbnailUrl":"https:\/\/multiagua.cl\/quimicos\/wp-content\/uploads\/2025\/06\/pixelcut-export-2025-06-02T110952.340.png","datePublished":"2025-06-06T13:55:15+00:00","dateModified":"2025-06-11T18:05:38+00:00","breadcrumb":{"@id":"https:\/\/multiagua.cl\/quimicos\/producto\/botella-un-cuarto-de-galon-de-cuello-angosto-946-ml\/#breadcrumb"},"inLanguage":"es","potentialAction":[{"@type":"ReadAction","target":["https:\/\/multiagua.cl\/quimicos\/producto\/botella-un-cuarto-de-galon-de-cuello-angosto-946-ml\/"]}]},{"@type":"ImageObject","inLanguage":"es","@id":"https:\/\/multiagua.cl\/quimicos\/producto\/botella-un-cuarto-de-galon-de-cuello-angosto-946-ml\/#primaryimage","url":"https:\/\/multiagua.cl\/quimicos\/wp-content\/uploads\/2025\/06\/pixelcut-export-2025-06-02T110952.340.png","contentUrl":"https:\/\/multiagua.cl\/quimicos\/wp-content\/uploads\/2025\/06\/pixelcut-export-2025-06-02T110952.340.png","width":1080,"height":1080},{"@type":"BreadcrumbList","@id":"https:\/\/multiagua.cl\/quimicos\/producto\/botella-un-cuarto-de-galon-de-cuello-angosto-946-ml\/#breadcrumb","itemListElement":[{"@type":"ListItem","position":1,"name":"Portada","item":"https:\/\/multiagua.cl\/quimicos\/"},{"@type":"ListItem","position":2,"name":"Productos","item":"https:\/\/multiagua.cl\/quimicos\/tienda\/"},{"@type":"ListItem","position":3,"name":"Botella un cuarto de Gal\u00f3n de cuello angosto \u2013 946 ml"}]},{"@type":"WebSite","@id":"https:\/\/multiagua.cl\/quimicos\/#website","url":"https:\/\/multiagua.cl\/quimicos\/","name":"Multiagua Qu\u00edmicos","description":"Desodorantes para ba\u00f1os quimicos y sanitarios portatiles","potentialAction":[{"@type":"SearchAction","target":{"@type":"EntryPoint","urlTemplate":"https:\/\/multiagua.cl\/quimicos\/?s={search_term_string}"},"query-input":{"@type":"PropertyValueSpecification","valueRequired":true,"valueName":"search_term_string"}}],"inLanguage":"es"}]}},"_links":{"self":[{"href":"https:\/\/multiagua.cl\/quimicos\/wp-json\/wp\/v2\/product\/1565","targetHints":{"allow":["GET"]}}],"collection":[{"href":"https:\/\/multiagua.cl\/quimicos\/wp-json\/wp\/v2\/product"}],"about":[{"href":"https:\/\/multiagua.cl\/quimicos\/wp-json\/wp\/v2\/types\/product"}],"version-history":[{"count":1,"href":"https:\/\/multiagua.cl\/quimicos\/wp-json\/wp\/v2\/product\/1565\/revisions"}],"predecessor-version":[{"id":1625,"href":"https:\/\/multiagua.cl\/quimicos\/wp-json\/wp\/v2\/product\/1565\/revisions\/1625"}],"wp:featuredmedia":[{"embeddable":true,"href":"https:\/\/multiagua.cl\/quimicos\/wp-json\/wp\/v2\/media\/1624"}],"wp:attachment":[{"href":"https:\/\/multiagua.cl\/quimicos\/wp-json\/wp\/v2\/media?parent=1565"}],"wp:term":[{"taxonomy":"product_brand","embeddable":true,"href":"https:\/\/multiagua.cl\/quimicos\/wp-json\/wp\/v2\/product_brand?post=1565"},{"taxonomy":"product_cat","embeddable":true,"href":"https:\/\/multiagua.cl\/quimicos\/wp-json\/wp\/v2\/product_cat?post=1565"},{"taxonomy":"product_tag","embeddable":true,"href":"https:\/\/multiagua.cl\/quimicos\/wp-json\/wp\/v2\/product_tag?post=1565"}],"curies":[{"name":"wp","href":"https:\/\/api.w.org\/{rel}","templated":true}]}}