{"id":1557,"date":"2025-06-06T09:55:12","date_gmt":"2025-06-06T13:55:12","guid":{"rendered":"https:\/\/multiagua.cl\/quimicos\/?post_type=product&#038;p=1557"},"modified":"2025-06-17T14:52:04","modified_gmt":"2025-06-17T18:52:04","slug":"graffiti-blaster","status":"publish","type":"product","link":"https:\/\/multiagua.cl\/quimicos\/producto\/graffiti-blaster\/","title":{"rendered":"Graffiti Blaster"},"content":{"rendered":"","protected":false},"excerpt":{"rendered":"<h4>Graffiti Blaster es un l\u00edquido en forma de GEL que se pega a los lados de las paredes de su sanitario port\u00e1til mientras penetra para disolver los grafitis m\u00e1s pegados de manera f\u00e1cil y r\u00e1pida.<\/h4>\n<p>Es Perfecto para ser usado cuando limpia sus unidades en su taller.<\/p>\n<ul>\n<li><strong>1 Litro<\/strong><br \/>\n(Pedido m\u00ednimo 2 botellas)<br \/>\nIncluye 2 esponjas y 1 atomizador<\/li>\n<li><strong>Caja 12 Litros<\/strong><br \/>\nIncluye 12 esponjas y 3 atomizadores<\/li>\n<li><strong>1 Gal\u00f3n<\/strong><br \/>\nIncluye 4 Esponjas<\/li>\n<li><strong>Caja 4 Gal.<\/strong><br \/>\nIncluye 12 Esponjas<\/li>\n<\/ul>\n<h4>PENETRA PARA DISOLVER LOS GRAFITIS M\u00c1S PEGADOS PERFECTO PARA USO EN EL TALLER<\/h4>\n<p>M\u00e1s Seguro que Aerosoles y no deja olores severos.<\/p>\n<p>https:\/\/www.youtube.com\/watch?v=bHJU3NLOqL0<\/p>\n","protected":false},"featured_media":1608,"template":"","meta":[],"product_brand":[],"product_cat":[58],"product_tag":[],"class_list":{"0":"post-1557","1":"product","2":"type-product","3":"status-publish","4":"has-post-thumbnail","6":"product_cat-borra-graffiti","8":"first","9":"instock","10":"shipping-taxable","11":"product-type-simple"},"yoast_head":"<!-- This site is optimized with the Yoast SEO Premium plugin v27.1 (Yoast SEO v27.2) - https:\/\/yoast.com\/product\/yoast-seo-premium-wordpress\/ -->\n<title>Graffiti Blaster - Multiagua Qu\u00edmicos<\/title>\n<meta name=\"robots\" content=\"index, follow, max-snippet:-1, max-image-preview:large, max-video-preview:-1\" \/>\n<link rel=\"canonical\" href=\"https:\/\/multiagua.cl\/quimicos\/producto\/graffiti-blaster\/\" \/>\n<meta property=\"og:locale\" content=\"es_ES\" \/>\n<meta property=\"og:type\" content=\"article\" \/>\n<meta property=\"og:title\" content=\"Graffiti Blaster\" \/>\n<meta property=\"og:description\" content=\"Graffiti Blaster es un l\u00edquido en forma de GEL que se pega a los lados de las paredes de su sanitario port\u00e1til mientras penetra para disolver los grafitis m\u00e1s pegados de manera f\u00e1cil y r\u00e1pida. Es Perfecto para ser usado cuando limpia sus unidades en su taller.   1 Litro (Pedido m\u00ednimo 2 botellas) Incluye 2 esponjas y 1 atomizador  Caja 12 Litros Incluye 12 esponjas y 3 atomizadores  1 Gal\u00f3n Incluye 4 Esponjas  Caja 4 Gal. Incluye 12 Esponjas  PENETRA PARA DISOLVER LOS GRAFITIS M\u00c1S PEGADOS PERFECTO PARA USO EN EL TALLER M\u00e1s Seguro que Aerosoles y no deja olores severos.  https:\/\/www.youtube.com\/watch?v=bHJU3NLOqL0\" \/>\n<meta property=\"og:url\" content=\"https:\/\/multiagua.cl\/quimicos\/producto\/graffiti-blaster\/\" \/>\n<meta property=\"og:site_name\" content=\"Multiagua Qu\u00edmicos\" \/>\n<meta property=\"article:modified_time\" content=\"2025-06-17T18:52:04+00:00\" \/>\n<meta property=\"og:image\" content=\"https:\/\/multiagua.cl\/quimicos\/wp-content\/uploads\/2025\/06\/graffiti-blaster-prod.jpg\" \/>\n\t<meta property=\"og:image:width\" content=\"766\" \/>\n\t<meta property=\"og:image:height\" content=\"766\" \/>\n\t<meta property=\"og:image:type\" content=\"image\/jpeg\" \/>\n<meta name=\"twitter:card\" content=\"summary_large_image\" \/>\n<meta name=\"twitter:label1\" content=\"Tiempo de lectura\" \/>\n\t<meta name=\"twitter:data1\" content=\"1 minuto\" \/>\n<script type=\"application\/ld+json\" class=\"yoast-schema-graph\">{\"@context\":\"https:\/\/schema.org\",\"@graph\":[{\"@type\":\"WebPage\",\"@id\":\"https:\/\/multiagua.cl\/quimicos\/producto\/graffiti-blaster\/\",\"url\":\"https:\/\/multiagua.cl\/quimicos\/producto\/graffiti-blaster\/\",\"name\":\"Graffiti Blaster - Multiagua Qu\u00edmicos\",\"isPartOf\":{\"@id\":\"https:\/\/multiagua.cl\/quimicos\/#website\"},\"primaryImageOfPage\":{\"@id\":\"https:\/\/multiagua.cl\/quimicos\/producto\/graffiti-blaster\/#primaryimage\"},\"image\":{\"@id\":\"https:\/\/multiagua.cl\/quimicos\/producto\/graffiti-blaster\/#primaryimage\"},\"thumbnailUrl\":\"https:\/\/multiagua.cl\/quimicos\/wp-content\/uploads\/2025\/06\/graffiti-blaster-prod.jpg\",\"datePublished\":\"2025-06-06T13:55:12+00:00\",\"dateModified\":\"2025-06-17T18:52:04+00:00\",\"breadcrumb\":{\"@id\":\"https:\/\/multiagua.cl\/quimicos\/producto\/graffiti-blaster\/#breadcrumb\"},\"inLanguage\":\"es\",\"potentialAction\":[{\"@type\":\"ReadAction\",\"target\":[\"https:\/\/multiagua.cl\/quimicos\/producto\/graffiti-blaster\/\"]}]},{\"@type\":\"ImageObject\",\"inLanguage\":\"es\",\"@id\":\"https:\/\/multiagua.cl\/quimicos\/producto\/graffiti-blaster\/#primaryimage\",\"url\":\"https:\/\/multiagua.cl\/quimicos\/wp-content\/uploads\/2025\/06\/graffiti-blaster-prod.jpg\",\"contentUrl\":\"https:\/\/multiagua.cl\/quimicos\/wp-content\/uploads\/2025\/06\/graffiti-blaster-prod.jpg\",\"width\":766,\"height\":766},{\"@type\":\"BreadcrumbList\",\"@id\":\"https:\/\/multiagua.cl\/quimicos\/producto\/graffiti-blaster\/#breadcrumb\",\"itemListElement\":[{\"@type\":\"ListItem\",\"position\":1,\"name\":\"Portada\",\"item\":\"https:\/\/multiagua.cl\/quimicos\/\"},{\"@type\":\"ListItem\",\"position\":2,\"name\":\"Productos\",\"item\":\"https:\/\/multiagua.cl\/quimicos\/tienda\/\"},{\"@type\":\"ListItem\",\"position\":3,\"name\":\"Graffiti Blaster\"}]},{\"@type\":\"WebSite\",\"@id\":\"https:\/\/multiagua.cl\/quimicos\/#website\",\"url\":\"https:\/\/multiagua.cl\/quimicos\/\",\"name\":\"Multiagua Qu\u00edmicos\",\"description\":\"Desodorantes para ba\u00f1os quimicos y sanitarios portatiles\",\"potentialAction\":[{\"@type\":\"SearchAction\",\"target\":{\"@type\":\"EntryPoint\",\"urlTemplate\":\"https:\/\/multiagua.cl\/quimicos\/?s={search_term_string}\"},\"query-input\":{\"@type\":\"PropertyValueSpecification\",\"valueRequired\":true,\"valueName\":\"search_term_string\"}}],\"inLanguage\":\"es\"}]}<\/script>\n<!-- \/ Yoast SEO Premium plugin. -->","yoast_head_json":{"title":"Graffiti Blaster - Multiagua Qu\u00edmicos","robots":{"index":"index","follow":"follow","max-snippet":"max-snippet:-1","max-image-preview":"max-image-preview:large","max-video-preview":"max-video-preview:-1"},"canonical":"https:\/\/multiagua.cl\/quimicos\/producto\/graffiti-blaster\/","og_locale":"es_ES","og_type":"article","og_title":"Graffiti Blaster","og_description":"Graffiti Blaster es un l\u00edquido en forma de GEL que se pega a los lados de las paredes de su sanitario port\u00e1til mientras penetra para disolver los grafitis m\u00e1s pegados de manera f\u00e1cil y r\u00e1pida. Es Perfecto para ser usado cuando limpia sus unidades en su taller.   1 Litro (Pedido m\u00ednimo 2 botellas) Incluye 2 esponjas y 1 atomizador  Caja 12 Litros Incluye 12 esponjas y 3 atomizadores  1 Gal\u00f3n Incluye 4 Esponjas  Caja 4 Gal. Incluye 12 Esponjas  PENETRA PARA DISOLVER LOS GRAFITIS M\u00c1S PEGADOS PERFECTO PARA USO EN EL TALLER M\u00e1s Seguro que Aerosoles y no deja olores severos.  https:\/\/www.youtube.com\/watch?v=bHJU3NLOqL0","og_url":"https:\/\/multiagua.cl\/quimicos\/producto\/graffiti-blaster\/","og_site_name":"Multiagua Qu\u00edmicos","article_modified_time":"2025-06-17T18:52:04+00:00","og_image":[{"width":766,"height":766,"url":"https:\/\/multiagua.cl\/quimicos\/wp-content\/uploads\/2025\/06\/graffiti-blaster-prod.jpg","type":"image\/jpeg"}],"twitter_card":"summary_large_image","twitter_misc":{"Tiempo de lectura":"1 minuto"},"schema":{"@context":"https:\/\/schema.org","@graph":[{"@type":"WebPage","@id":"https:\/\/multiagua.cl\/quimicos\/producto\/graffiti-blaster\/","url":"https:\/\/multiagua.cl\/quimicos\/producto\/graffiti-blaster\/","name":"Graffiti Blaster - Multiagua Qu\u00edmicos","isPartOf":{"@id":"https:\/\/multiagua.cl\/quimicos\/#website"},"primaryImageOfPage":{"@id":"https:\/\/multiagua.cl\/quimicos\/producto\/graffiti-blaster\/#primaryimage"},"image":{"@id":"https:\/\/multiagua.cl\/quimicos\/producto\/graffiti-blaster\/#primaryimage"},"thumbnailUrl":"https:\/\/multiagua.cl\/quimicos\/wp-content\/uploads\/2025\/06\/graffiti-blaster-prod.jpg","datePublished":"2025-06-06T13:55:12+00:00","dateModified":"2025-06-17T18:52:04+00:00","breadcrumb":{"@id":"https:\/\/multiagua.cl\/quimicos\/producto\/graffiti-blaster\/#breadcrumb"},"inLanguage":"es","potentialAction":[{"@type":"ReadAction","target":["https:\/\/multiagua.cl\/quimicos\/producto\/graffiti-blaster\/"]}]},{"@type":"ImageObject","inLanguage":"es","@id":"https:\/\/multiagua.cl\/quimicos\/producto\/graffiti-blaster\/#primaryimage","url":"https:\/\/multiagua.cl\/quimicos\/wp-content\/uploads\/2025\/06\/graffiti-blaster-prod.jpg","contentUrl":"https:\/\/multiagua.cl\/quimicos\/wp-content\/uploads\/2025\/06\/graffiti-blaster-prod.jpg","width":766,"height":766},{"@type":"BreadcrumbList","@id":"https:\/\/multiagua.cl\/quimicos\/producto\/graffiti-blaster\/#breadcrumb","itemListElement":[{"@type":"ListItem","position":1,"name":"Portada","item":"https:\/\/multiagua.cl\/quimicos\/"},{"@type":"ListItem","position":2,"name":"Productos","item":"https:\/\/multiagua.cl\/quimicos\/tienda\/"},{"@type":"ListItem","position":3,"name":"Graffiti Blaster"}]},{"@type":"WebSite","@id":"https:\/\/multiagua.cl\/quimicos\/#website","url":"https:\/\/multiagua.cl\/quimicos\/","name":"Multiagua Qu\u00edmicos","description":"Desodorantes para ba\u00f1os quimicos y sanitarios portatiles","potentialAction":[{"@type":"SearchAction","target":{"@type":"EntryPoint","urlTemplate":"https:\/\/multiagua.cl\/quimicos\/?s={search_term_string}"},"query-input":{"@type":"PropertyValueSpecification","valueRequired":true,"valueName":"search_term_string"}}],"inLanguage":"es"}]}},"_links":{"self":[{"href":"https:\/\/multiagua.cl\/quimicos\/wp-json\/wp\/v2\/product\/1557","targetHints":{"allow":["GET"]}}],"collection":[{"href":"https:\/\/multiagua.cl\/quimicos\/wp-json\/wp\/v2\/product"}],"about":[{"href":"https:\/\/multiagua.cl\/quimicos\/wp-json\/wp\/v2\/types\/product"}],"version-history":[{"count":2,"href":"https:\/\/multiagua.cl\/quimicos\/wp-json\/wp\/v2\/product\/1557\/revisions"}],"predecessor-version":[{"id":1766,"href":"https:\/\/multiagua.cl\/quimicos\/wp-json\/wp\/v2\/product\/1557\/revisions\/1766"}],"wp:featuredmedia":[{"embeddable":true,"href":"https:\/\/multiagua.cl\/quimicos\/wp-json\/wp\/v2\/media\/1608"}],"wp:attachment":[{"href":"https:\/\/multiagua.cl\/quimicos\/wp-json\/wp\/v2\/media?parent=1557"}],"wp:term":[{"taxonomy":"product_brand","embeddable":true,"href":"https:\/\/multiagua.cl\/quimicos\/wp-json\/wp\/v2\/product_brand?post=1557"},{"taxonomy":"product_cat","embeddable":true,"href":"https:\/\/multiagua.cl\/quimicos\/wp-json\/wp\/v2\/product_cat?post=1557"},{"taxonomy":"product_tag","embeddable":true,"href":"https:\/\/multiagua.cl\/quimicos\/wp-json\/wp\/v2\/product_tag?post=1557"}],"curies":[{"name":"wp","href":"https:\/\/api.w.org\/{rel}","templated":true}]}}