{"id":1554,"date":"2025-06-06T09:55:11","date_gmt":"2025-06-06T13:55:11","guid":{"rendered":"https:\/\/multiagua.cl\/quimicos\/?post_type=product&#038;p=1554"},"modified":"2025-06-06T09:55:57","modified_gmt":"2025-06-06T13:55:57","slug":"pump-oil-controller","status":"publish","type":"product","link":"https:\/\/multiagua.cl\/quimicos\/producto\/pump-oil-controller\/","title":{"rendered":"Pump Oil Controller"},"content":{"rendered":"","protected":false},"excerpt":{"rendered":"<h3 data-start=\"137\" data-end=\"221\"><strong data-start=\"137\" data-end=\"221\">Pump Oil Controller \u2013 Aditivo Desodorizante para Lubricante de Bombas de Succi\u00f3n<\/strong><\/h3>\n<p data-start=\"223\" data-end=\"509\"><strong data-start=\"223\" data-end=\"271\">Elimina olores desagradables desde el origen.<\/strong><br data-start=\"271\" data-end=\"274\" \/>Pump Oil Controller est\u00e1 formulado especialmente para mezclarse con el lubricante del motor de bombas de succi\u00f3n, ayudando a <strong data-start=\"399\" data-end=\"450\">neutralizar los malos olores del aire de escape<\/strong> y a <strong data-start=\"455\" data-end=\"508\">mejorar la percepci\u00f3n de calidad en sus servicios<\/strong>.<\/p>\n<p data-start=\"223\" data-end=\"509\">Seamos sinceros, el bombeo puede ser desagradable, pero el <strong>Pump Oil Controller<\/strong> de J&amp;J puede y har\u00e1 que el trabajo sea mucho m\u00e1s agradable.<\/p>\n<p data-start=\"223\" data-end=\"509\">Con cada revoluci\u00f3n de la bomba, el <strong>Pump Oil Controller<\/strong> de <strong>J&amp;J<\/strong> atomiza y\u00a0 se libera en el aire de escape. El aire que circula por su sistema transportar\u00e1 la fragancia y combatir\u00e1 los malos olores.<\/p>\n<p data-start=\"511\" data-end=\"586\"><strong data-start=\"511\" data-end=\"529\">F\u00e1cil de usar:<\/strong><br data-start=\"529\" data-end=\"532\" \/>Agregue <strong data-start=\"540\" data-end=\"576\">113 ml por cada 3.8 litros de aceite<\/strong> de bomba.<\/p>\n<p data-start=\"588\" data-end=\"607\"><strong data-start=\"588\" data-end=\"605\">Presentaci\u00f3n:<\/strong><\/p>\n<ul data-start=\"608\" data-end=\"653\">\n<li data-start=\"608\" data-end=\"653\">\n<p data-start=\"610\" data-end=\"653\">Disponible en fragancia <strong data-start=\"634\" data-end=\"651\">Cereza.<\/strong><\/p>\n<\/li>\n<\/ul>\n<p data-start=\"655\" data-end=\"744\"><strong data-start=\"655\" data-end=\"744\">Ideal para mantener un entorno m\u00e1s limpio, profesional y agradable en cada operaci\u00f3n.<\/strong><\/p>\n<p data-start=\"655\" data-end=\"744\"><img loading=\"lazy\" decoding=\"async\" class=\"alignnone wp-image-1877 size-full\" src=\"https:\/\/ecoportable.cl\/wp-content\/uploads\/2024\/04\/pixelcut-export-2025-05-27T172847.411.png\" alt=\"\" width=\"1080\" height=\"1080\" \/><\/p>\n<p data-start=\"655\" data-end=\"744\">\n","protected":false},"featured_media":1601,"template":"","meta":[],"product_brand":[],"product_cat":[85],"product_tag":[],"class_list":{"0":"post-1554","1":"product","2":"type-product","3":"status-publish","4":"has-post-thumbnail","6":"product_cat-productos-complementarios","8":"first","9":"instock","10":"shipping-taxable","11":"product-type-simple"},"yoast_head":"<!-- This site is optimized with the Yoast SEO Premium plugin v27.1 (Yoast SEO v27.2) - https:\/\/yoast.com\/product\/yoast-seo-premium-wordpress\/ -->\n<title>Pump Oil Controller - Multiagua Qu\u00edmicos<\/title>\n<meta name=\"robots\" content=\"index, follow, max-snippet:-1, max-image-preview:large, max-video-preview:-1\" \/>\n<link rel=\"canonical\" href=\"https:\/\/multiagua.cl\/quimicos\/producto\/pump-oil-controller\/\" \/>\n<meta property=\"og:locale\" content=\"es_ES\" \/>\n<meta property=\"og:type\" content=\"article\" \/>\n<meta property=\"og:title\" content=\"Pump Oil Controller\" \/>\n<meta property=\"og:description\" content=\"Pump Oil Controller \u2013 Aditivo Desodorizante para Lubricante de Bombas de Succi\u00f3n Elimina olores desagradables desde el origen.Pump Oil Controller est\u00e1 formulado especialmente para mezclarse con el lubricante del motor de bombas de succi\u00f3n, ayudando a neutralizar los malos olores del aire de escape y a mejorar la percepci\u00f3n de calidad en sus servicios. Seamos sinceros, el bombeo puede ser desagradable, pero el Pump Oil Controller de J&amp;J puede y har\u00e1 que el trabajo sea mucho m\u00e1s agradable. Con cada revoluci\u00f3n de la bomba, el Pump Oil Controller de J&amp;J atomiza y\u00a0 se libera en el aire de escape. El aire que circula por su sistema transportar\u00e1 la fragancia y combatir\u00e1 los malos olores. F\u00e1cil de usar:Agregue 113 ml por cada 3.8 litros de aceite de bomba. Presentaci\u00f3n:     Disponible en fragancia Cereza.   Ideal para mantener un entorno m\u00e1s limpio, profesional y agradable en cada operaci\u00f3n.\" \/>\n<meta property=\"og:url\" content=\"https:\/\/multiagua.cl\/quimicos\/producto\/pump-oil-controller\/\" \/>\n<meta property=\"og:site_name\" content=\"Multiagua Qu\u00edmicos\" \/>\n<meta property=\"article:modified_time\" content=\"2025-06-06T13:55:57+00:00\" \/>\n<meta property=\"og:image\" content=\"https:\/\/multiagua.cl\/quimicos\/wp-content\/uploads\/2025\/06\/pixelcut-export-2025-05-27T142438.440.png\" \/>\n\t<meta property=\"og:image:width\" content=\"1080\" \/>\n\t<meta property=\"og:image:height\" content=\"1080\" \/>\n\t<meta property=\"og:image:type\" content=\"image\/png\" \/>\n<meta name=\"twitter:card\" content=\"summary_large_image\" \/>\n<meta name=\"twitter:label1\" content=\"Tiempo de lectura\" \/>\n\t<meta name=\"twitter:data1\" content=\"1 minuto\" \/>\n<script type=\"application\/ld+json\" class=\"yoast-schema-graph\">{\"@context\":\"https:\/\/schema.org\",\"@graph\":[{\"@type\":\"WebPage\",\"@id\":\"https:\/\/multiagua.cl\/quimicos\/producto\/pump-oil-controller\/\",\"url\":\"https:\/\/multiagua.cl\/quimicos\/producto\/pump-oil-controller\/\",\"name\":\"Pump Oil Controller - Multiagua Qu\u00edmicos\",\"isPartOf\":{\"@id\":\"https:\/\/multiagua.cl\/quimicos\/#website\"},\"primaryImageOfPage\":{\"@id\":\"https:\/\/multiagua.cl\/quimicos\/producto\/pump-oil-controller\/#primaryimage\"},\"image\":{\"@id\":\"https:\/\/multiagua.cl\/quimicos\/producto\/pump-oil-controller\/#primaryimage\"},\"thumbnailUrl\":\"https:\/\/multiagua.cl\/quimicos\/wp-content\/uploads\/2025\/06\/pixelcut-export-2025-05-27T142438.440.png\",\"datePublished\":\"2025-06-06T13:55:11+00:00\",\"dateModified\":\"2025-06-06T13:55:57+00:00\",\"breadcrumb\":{\"@id\":\"https:\/\/multiagua.cl\/quimicos\/producto\/pump-oil-controller\/#breadcrumb\"},\"inLanguage\":\"es\",\"potentialAction\":[{\"@type\":\"ReadAction\",\"target\":[\"https:\/\/multiagua.cl\/quimicos\/producto\/pump-oil-controller\/\"]}]},{\"@type\":\"ImageObject\",\"inLanguage\":\"es\",\"@id\":\"https:\/\/multiagua.cl\/quimicos\/producto\/pump-oil-controller\/#primaryimage\",\"url\":\"https:\/\/multiagua.cl\/quimicos\/wp-content\/uploads\/2025\/06\/pixelcut-export-2025-05-27T142438.440.png\",\"contentUrl\":\"https:\/\/multiagua.cl\/quimicos\/wp-content\/uploads\/2025\/06\/pixelcut-export-2025-05-27T142438.440.png\",\"width\":1080,\"height\":1080},{\"@type\":\"BreadcrumbList\",\"@id\":\"https:\/\/multiagua.cl\/quimicos\/producto\/pump-oil-controller\/#breadcrumb\",\"itemListElement\":[{\"@type\":\"ListItem\",\"position\":1,\"name\":\"Portada\",\"item\":\"https:\/\/multiagua.cl\/quimicos\/\"},{\"@type\":\"ListItem\",\"position\":2,\"name\":\"Productos\",\"item\":\"https:\/\/multiagua.cl\/quimicos\/tienda\/\"},{\"@type\":\"ListItem\",\"position\":3,\"name\":\"Pump Oil Controller\"}]},{\"@type\":\"WebSite\",\"@id\":\"https:\/\/multiagua.cl\/quimicos\/#website\",\"url\":\"https:\/\/multiagua.cl\/quimicos\/\",\"name\":\"Multiagua Qu\u00edmicos\",\"description\":\"Desodorantes para ba\u00f1os quimicos y sanitarios portatiles\",\"potentialAction\":[{\"@type\":\"SearchAction\",\"target\":{\"@type\":\"EntryPoint\",\"urlTemplate\":\"https:\/\/multiagua.cl\/quimicos\/?s={search_term_string}\"},\"query-input\":{\"@type\":\"PropertyValueSpecification\",\"valueRequired\":true,\"valueName\":\"search_term_string\"}}],\"inLanguage\":\"es\"}]}<\/script>\n<!-- \/ Yoast SEO Premium plugin. -->","yoast_head_json":{"title":"Pump Oil Controller - Multiagua Qu\u00edmicos","robots":{"index":"index","follow":"follow","max-snippet":"max-snippet:-1","max-image-preview":"max-image-preview:large","max-video-preview":"max-video-preview:-1"},"canonical":"https:\/\/multiagua.cl\/quimicos\/producto\/pump-oil-controller\/","og_locale":"es_ES","og_type":"article","og_title":"Pump Oil Controller","og_description":"Pump Oil Controller \u2013 Aditivo Desodorizante para Lubricante de Bombas de Succi\u00f3n Elimina olores desagradables desde el origen.Pump Oil Controller est\u00e1 formulado especialmente para mezclarse con el lubricante del motor de bombas de succi\u00f3n, ayudando a neutralizar los malos olores del aire de escape y a mejorar la percepci\u00f3n de calidad en sus servicios. Seamos sinceros, el bombeo puede ser desagradable, pero el Pump Oil Controller de J&amp;J puede y har\u00e1 que el trabajo sea mucho m\u00e1s agradable. Con cada revoluci\u00f3n de la bomba, el Pump Oil Controller de J&amp;J atomiza y\u00a0 se libera en el aire de escape. El aire que circula por su sistema transportar\u00e1 la fragancia y combatir\u00e1 los malos olores. F\u00e1cil de usar:Agregue 113 ml por cada 3.8 litros de aceite de bomba. Presentaci\u00f3n:     Disponible en fragancia Cereza.   Ideal para mantener un entorno m\u00e1s limpio, profesional y agradable en cada operaci\u00f3n.","og_url":"https:\/\/multiagua.cl\/quimicos\/producto\/pump-oil-controller\/","og_site_name":"Multiagua Qu\u00edmicos","article_modified_time":"2025-06-06T13:55:57+00:00","og_image":[{"width":1080,"height":1080,"url":"https:\/\/multiagua.cl\/quimicos\/wp-content\/uploads\/2025\/06\/pixelcut-export-2025-05-27T142438.440.png","type":"image\/png"}],"twitter_card":"summary_large_image","twitter_misc":{"Tiempo de lectura":"1 minuto"},"schema":{"@context":"https:\/\/schema.org","@graph":[{"@type":"WebPage","@id":"https:\/\/multiagua.cl\/quimicos\/producto\/pump-oil-controller\/","url":"https:\/\/multiagua.cl\/quimicos\/producto\/pump-oil-controller\/","name":"Pump Oil Controller - Multiagua Qu\u00edmicos","isPartOf":{"@id":"https:\/\/multiagua.cl\/quimicos\/#website"},"primaryImageOfPage":{"@id":"https:\/\/multiagua.cl\/quimicos\/producto\/pump-oil-controller\/#primaryimage"},"image":{"@id":"https:\/\/multiagua.cl\/quimicos\/producto\/pump-oil-controller\/#primaryimage"},"thumbnailUrl":"https:\/\/multiagua.cl\/quimicos\/wp-content\/uploads\/2025\/06\/pixelcut-export-2025-05-27T142438.440.png","datePublished":"2025-06-06T13:55:11+00:00","dateModified":"2025-06-06T13:55:57+00:00","breadcrumb":{"@id":"https:\/\/multiagua.cl\/quimicos\/producto\/pump-oil-controller\/#breadcrumb"},"inLanguage":"es","potentialAction":[{"@type":"ReadAction","target":["https:\/\/multiagua.cl\/quimicos\/producto\/pump-oil-controller\/"]}]},{"@type":"ImageObject","inLanguage":"es","@id":"https:\/\/multiagua.cl\/quimicos\/producto\/pump-oil-controller\/#primaryimage","url":"https:\/\/multiagua.cl\/quimicos\/wp-content\/uploads\/2025\/06\/pixelcut-export-2025-05-27T142438.440.png","contentUrl":"https:\/\/multiagua.cl\/quimicos\/wp-content\/uploads\/2025\/06\/pixelcut-export-2025-05-27T142438.440.png","width":1080,"height":1080},{"@type":"BreadcrumbList","@id":"https:\/\/multiagua.cl\/quimicos\/producto\/pump-oil-controller\/#breadcrumb","itemListElement":[{"@type":"ListItem","position":1,"name":"Portada","item":"https:\/\/multiagua.cl\/quimicos\/"},{"@type":"ListItem","position":2,"name":"Productos","item":"https:\/\/multiagua.cl\/quimicos\/tienda\/"},{"@type":"ListItem","position":3,"name":"Pump Oil Controller"}]},{"@type":"WebSite","@id":"https:\/\/multiagua.cl\/quimicos\/#website","url":"https:\/\/multiagua.cl\/quimicos\/","name":"Multiagua Qu\u00edmicos","description":"Desodorantes para ba\u00f1os quimicos y sanitarios portatiles","potentialAction":[{"@type":"SearchAction","target":{"@type":"EntryPoint","urlTemplate":"https:\/\/multiagua.cl\/quimicos\/?s={search_term_string}"},"query-input":{"@type":"PropertyValueSpecification","valueRequired":true,"valueName":"search_term_string"}}],"inLanguage":"es"}]}},"_links":{"self":[{"href":"https:\/\/multiagua.cl\/quimicos\/wp-json\/wp\/v2\/product\/1554","targetHints":{"allow":["GET"]}}],"collection":[{"href":"https:\/\/multiagua.cl\/quimicos\/wp-json\/wp\/v2\/product"}],"about":[{"href":"https:\/\/multiagua.cl\/quimicos\/wp-json\/wp\/v2\/types\/product"}],"version-history":[{"count":1,"href":"https:\/\/multiagua.cl\/quimicos\/wp-json\/wp\/v2\/product\/1554\/revisions"}],"predecessor-version":[{"id":1602,"href":"https:\/\/multiagua.cl\/quimicos\/wp-json\/wp\/v2\/product\/1554\/revisions\/1602"}],"wp:featuredmedia":[{"embeddable":true,"href":"https:\/\/multiagua.cl\/quimicos\/wp-json\/wp\/v2\/media\/1601"}],"wp:attachment":[{"href":"https:\/\/multiagua.cl\/quimicos\/wp-json\/wp\/v2\/media?parent=1554"}],"wp:term":[{"taxonomy":"product_brand","embeddable":true,"href":"https:\/\/multiagua.cl\/quimicos\/wp-json\/wp\/v2\/product_brand?post=1554"},{"taxonomy":"product_cat","embeddable":true,"href":"https:\/\/multiagua.cl\/quimicos\/wp-json\/wp\/v2\/product_cat?post=1554"},{"taxonomy":"product_tag","embeddable":true,"href":"https:\/\/multiagua.cl\/quimicos\/wp-json\/wp\/v2\/product_tag?post=1554"}],"curies":[{"name":"wp","href":"https:\/\/api.w.org\/{rel}","templated":true}]}}