{"id":1551,"date":"2025-06-06T09:55:10","date_gmt":"2025-06-06T13:55:10","guid":{"rendered":"https:\/\/multiagua.cl\/quimicos\/?post_type=product&#038;p=1551"},"modified":"2025-06-06T09:55:47","modified_gmt":"2025-06-06T13:55:47","slug":"home-run","status":"publish","type":"product","link":"https:\/\/multiagua.cl\/quimicos\/producto\/home-run\/","title":{"rendered":"Home Run"},"content":{"rendered":"","protected":false},"excerpt":{"rendered":"<p data-start=\"141\" data-end=\"211\"><strong data-start=\"141\" data-end=\"211\">Home Run \u2013 Limpiador y Desengrasante Multiusos de Alto Rendimiento<\/strong><\/p>\n<p data-start=\"213\" data-end=\"366\"><strong data-start=\"213\" data-end=\"257\">El limpiador m\u00e1s potente de un solo paso<\/strong><br data-start=\"257\" data-end=\"260\" \/>Especialmente formulado para superficies pintadas de veh\u00edculos y sanitarios port\u00e1tiles de fibra de vidrio.<\/p>\n<p data-start=\"368\" data-end=\"461\"><strong data-start=\"368\" data-end=\"391\">Elimina f\u00e1cilmente:<\/strong><\/p>\n<ul>\n<li data-start=\"368\" data-end=\"461\">Suciedad pesada.<\/li>\n<li data-start=\"368\" data-end=\"461\">Capa de asfalto.<\/li>\n<li data-start=\"368\" data-end=\"461\">Grasa y mugre acumulada.<\/li>\n<\/ul>\n<p data-start=\"463\" data-end=\"574\">Funciona a la perfecci\u00f3n tanto en <strong data-start=\"497\" data-end=\"517\">lavado a presi\u00f3n<\/strong> como en <strong data-start=\"526\" data-end=\"573\">sistemas autom\u00e1ticos de lavado de veh\u00edculos<\/strong>.<\/p>\n<p data-start=\"576\" data-end=\"701\"><strong data-start=\"576\" data-end=\"621\">Ideal para veh\u00edculos comerciales y sanitarios port\u00e1tiles<\/strong> \u2013 <strong data-start=\"624\" data-end=\"636\">Home Run<\/strong> mantiene sus camiones y unidades impecables con m\u00ednimo esfuerzo.<\/p>\n<p data-start=\"703\" data-end=\"794\"><strong data-start=\"703\" data-end=\"728\">Rendimiento superior:<\/strong><\/p>\n<ul>\n<li data-start=\"703\" data-end=\"794\">\u00a0Soporta diluciones de hasta <strong data-start=\"761\" data-end=\"769\">45:1<\/strong>, sin perder efectividad.<\/li>\n<\/ul>\n","protected":false},"featured_media":1593,"template":"","meta":[],"product_brand":[],"product_cat":[85],"product_tag":[],"class_list":{"0":"post-1551","1":"product","2":"type-product","3":"status-publish","4":"has-post-thumbnail","6":"product_cat-productos-complementarios","8":"first","9":"instock","10":"shipping-taxable","11":"product-type-simple"},"yoast_head":"<!-- This site is optimized with the Yoast SEO Premium plugin v27.1 (Yoast SEO v27.2) - https:\/\/yoast.com\/product\/yoast-seo-premium-wordpress\/ -->\n<title>Home Run - Multiagua Qu\u00edmicos<\/title>\n<meta name=\"robots\" content=\"index, follow, max-snippet:-1, max-image-preview:large, max-video-preview:-1\" \/>\n<link rel=\"canonical\" href=\"https:\/\/multiagua.cl\/quimicos\/producto\/home-run\/\" \/>\n<meta property=\"og:locale\" content=\"es_ES\" \/>\n<meta property=\"og:type\" content=\"article\" \/>\n<meta property=\"og:title\" content=\"Home Run\" \/>\n<meta property=\"og:description\" content=\"Home Run \u2013 Limpiador y Desengrasante Multiusos de Alto Rendimiento El limpiador m\u00e1s potente de un solo pasoEspecialmente formulado para superficies pintadas de veh\u00edculos y sanitarios port\u00e1tiles de fibra de vidrio. Elimina f\u00e1cilmente:    Suciedad pesada.  Capa de asfalto.  Grasa y mugre acumulada.  Funciona a la perfecci\u00f3n tanto en lavado a presi\u00f3n como en sistemas autom\u00e1ticos de lavado de veh\u00edculos. Ideal para veh\u00edculos comerciales y sanitarios port\u00e1tiles \u2013 Home Run mantiene sus camiones y unidades impecables con m\u00ednimo esfuerzo. Rendimiento superior:    \u00a0Soporta diluciones de hasta 45:1, sin perder efectividad.\" \/>\n<meta property=\"og:url\" content=\"https:\/\/multiagua.cl\/quimicos\/producto\/home-run\/\" \/>\n<meta property=\"og:site_name\" content=\"Multiagua Qu\u00edmicos\" \/>\n<meta property=\"article:modified_time\" content=\"2025-06-06T13:55:47+00:00\" \/>\n<meta property=\"og:image\" content=\"https:\/\/multiagua.cl\/quimicos\/wp-content\/uploads\/2025\/06\/home-run-prod.jpg\" \/>\n\t<meta property=\"og:image:width\" content=\"523\" \/>\n\t<meta property=\"og:image:height\" content=\"523\" \/>\n\t<meta property=\"og:image:type\" content=\"image\/jpeg\" \/>\n<meta name=\"twitter:card\" content=\"summary_large_image\" \/>\n<meta name=\"twitter:label1\" content=\"Tiempo de lectura\" \/>\n\t<meta name=\"twitter:data1\" content=\"1 minuto\" \/>\n<script type=\"application\/ld+json\" class=\"yoast-schema-graph\">{\"@context\":\"https:\/\/schema.org\",\"@graph\":[{\"@type\":\"WebPage\",\"@id\":\"https:\/\/multiagua.cl\/quimicos\/producto\/home-run\/\",\"url\":\"https:\/\/multiagua.cl\/quimicos\/producto\/home-run\/\",\"name\":\"Home Run - Multiagua Qu\u00edmicos\",\"isPartOf\":{\"@id\":\"https:\/\/multiagua.cl\/quimicos\/#website\"},\"primaryImageOfPage\":{\"@id\":\"https:\/\/multiagua.cl\/quimicos\/producto\/home-run\/#primaryimage\"},\"image\":{\"@id\":\"https:\/\/multiagua.cl\/quimicos\/producto\/home-run\/#primaryimage\"},\"thumbnailUrl\":\"https:\/\/multiagua.cl\/quimicos\/wp-content\/uploads\/2025\/06\/home-run-prod.jpg\",\"datePublished\":\"2025-06-06T13:55:10+00:00\",\"dateModified\":\"2025-06-06T13:55:47+00:00\",\"breadcrumb\":{\"@id\":\"https:\/\/multiagua.cl\/quimicos\/producto\/home-run\/#breadcrumb\"},\"inLanguage\":\"es\",\"potentialAction\":[{\"@type\":\"ReadAction\",\"target\":[\"https:\/\/multiagua.cl\/quimicos\/producto\/home-run\/\"]}]},{\"@type\":\"ImageObject\",\"inLanguage\":\"es\",\"@id\":\"https:\/\/multiagua.cl\/quimicos\/producto\/home-run\/#primaryimage\",\"url\":\"https:\/\/multiagua.cl\/quimicos\/wp-content\/uploads\/2025\/06\/home-run-prod.jpg\",\"contentUrl\":\"https:\/\/multiagua.cl\/quimicos\/wp-content\/uploads\/2025\/06\/home-run-prod.jpg\",\"width\":523,\"height\":523},{\"@type\":\"BreadcrumbList\",\"@id\":\"https:\/\/multiagua.cl\/quimicos\/producto\/home-run\/#breadcrumb\",\"itemListElement\":[{\"@type\":\"ListItem\",\"position\":1,\"name\":\"Portada\",\"item\":\"https:\/\/multiagua.cl\/quimicos\/\"},{\"@type\":\"ListItem\",\"position\":2,\"name\":\"Productos\",\"item\":\"https:\/\/multiagua.cl\/quimicos\/tienda\/\"},{\"@type\":\"ListItem\",\"position\":3,\"name\":\"Home Run\"}]},{\"@type\":\"WebSite\",\"@id\":\"https:\/\/multiagua.cl\/quimicos\/#website\",\"url\":\"https:\/\/multiagua.cl\/quimicos\/\",\"name\":\"Multiagua Qu\u00edmicos\",\"description\":\"Desodorantes para ba\u00f1os quimicos y sanitarios portatiles\",\"potentialAction\":[{\"@type\":\"SearchAction\",\"target\":{\"@type\":\"EntryPoint\",\"urlTemplate\":\"https:\/\/multiagua.cl\/quimicos\/?s={search_term_string}\"},\"query-input\":{\"@type\":\"PropertyValueSpecification\",\"valueRequired\":true,\"valueName\":\"search_term_string\"}}],\"inLanguage\":\"es\"}]}<\/script>\n<!-- \/ Yoast SEO Premium plugin. -->","yoast_head_json":{"title":"Home Run - Multiagua Qu\u00edmicos","robots":{"index":"index","follow":"follow","max-snippet":"max-snippet:-1","max-image-preview":"max-image-preview:large","max-video-preview":"max-video-preview:-1"},"canonical":"https:\/\/multiagua.cl\/quimicos\/producto\/home-run\/","og_locale":"es_ES","og_type":"article","og_title":"Home Run","og_description":"Home Run \u2013 Limpiador y Desengrasante Multiusos de Alto Rendimiento El limpiador m\u00e1s potente de un solo pasoEspecialmente formulado para superficies pintadas de veh\u00edculos y sanitarios port\u00e1tiles de fibra de vidrio. Elimina f\u00e1cilmente:    Suciedad pesada.  Capa de asfalto.  Grasa y mugre acumulada.  Funciona a la perfecci\u00f3n tanto en lavado a presi\u00f3n como en sistemas autom\u00e1ticos de lavado de veh\u00edculos. Ideal para veh\u00edculos comerciales y sanitarios port\u00e1tiles \u2013 Home Run mantiene sus camiones y unidades impecables con m\u00ednimo esfuerzo. Rendimiento superior:    \u00a0Soporta diluciones de hasta 45:1, sin perder efectividad.","og_url":"https:\/\/multiagua.cl\/quimicos\/producto\/home-run\/","og_site_name":"Multiagua Qu\u00edmicos","article_modified_time":"2025-06-06T13:55:47+00:00","og_image":[{"width":523,"height":523,"url":"https:\/\/multiagua.cl\/quimicos\/wp-content\/uploads\/2025\/06\/home-run-prod.jpg","type":"image\/jpeg"}],"twitter_card":"summary_large_image","twitter_misc":{"Tiempo de lectura":"1 minuto"},"schema":{"@context":"https:\/\/schema.org","@graph":[{"@type":"WebPage","@id":"https:\/\/multiagua.cl\/quimicos\/producto\/home-run\/","url":"https:\/\/multiagua.cl\/quimicos\/producto\/home-run\/","name":"Home Run - Multiagua Qu\u00edmicos","isPartOf":{"@id":"https:\/\/multiagua.cl\/quimicos\/#website"},"primaryImageOfPage":{"@id":"https:\/\/multiagua.cl\/quimicos\/producto\/home-run\/#primaryimage"},"image":{"@id":"https:\/\/multiagua.cl\/quimicos\/producto\/home-run\/#primaryimage"},"thumbnailUrl":"https:\/\/multiagua.cl\/quimicos\/wp-content\/uploads\/2025\/06\/home-run-prod.jpg","datePublished":"2025-06-06T13:55:10+00:00","dateModified":"2025-06-06T13:55:47+00:00","breadcrumb":{"@id":"https:\/\/multiagua.cl\/quimicos\/producto\/home-run\/#breadcrumb"},"inLanguage":"es","potentialAction":[{"@type":"ReadAction","target":["https:\/\/multiagua.cl\/quimicos\/producto\/home-run\/"]}]},{"@type":"ImageObject","inLanguage":"es","@id":"https:\/\/multiagua.cl\/quimicos\/producto\/home-run\/#primaryimage","url":"https:\/\/multiagua.cl\/quimicos\/wp-content\/uploads\/2025\/06\/home-run-prod.jpg","contentUrl":"https:\/\/multiagua.cl\/quimicos\/wp-content\/uploads\/2025\/06\/home-run-prod.jpg","width":523,"height":523},{"@type":"BreadcrumbList","@id":"https:\/\/multiagua.cl\/quimicos\/producto\/home-run\/#breadcrumb","itemListElement":[{"@type":"ListItem","position":1,"name":"Portada","item":"https:\/\/multiagua.cl\/quimicos\/"},{"@type":"ListItem","position":2,"name":"Productos","item":"https:\/\/multiagua.cl\/quimicos\/tienda\/"},{"@type":"ListItem","position":3,"name":"Home Run"}]},{"@type":"WebSite","@id":"https:\/\/multiagua.cl\/quimicos\/#website","url":"https:\/\/multiagua.cl\/quimicos\/","name":"Multiagua Qu\u00edmicos","description":"Desodorantes para ba\u00f1os quimicos y sanitarios portatiles","potentialAction":[{"@type":"SearchAction","target":{"@type":"EntryPoint","urlTemplate":"https:\/\/multiagua.cl\/quimicos\/?s={search_term_string}"},"query-input":{"@type":"PropertyValueSpecification","valueRequired":true,"valueName":"search_term_string"}}],"inLanguage":"es"}]}},"_links":{"self":[{"href":"https:\/\/multiagua.cl\/quimicos\/wp-json\/wp\/v2\/product\/1551","targetHints":{"allow":["GET"]}}],"collection":[{"href":"https:\/\/multiagua.cl\/quimicos\/wp-json\/wp\/v2\/product"}],"about":[{"href":"https:\/\/multiagua.cl\/quimicos\/wp-json\/wp\/v2\/types\/product"}],"version-history":[{"count":1,"href":"https:\/\/multiagua.cl\/quimicos\/wp-json\/wp\/v2\/product\/1551\/revisions"}],"predecessor-version":[{"id":1594,"href":"https:\/\/multiagua.cl\/quimicos\/wp-json\/wp\/v2\/product\/1551\/revisions\/1594"}],"wp:featuredmedia":[{"embeddable":true,"href":"https:\/\/multiagua.cl\/quimicos\/wp-json\/wp\/v2\/media\/1593"}],"wp:attachment":[{"href":"https:\/\/multiagua.cl\/quimicos\/wp-json\/wp\/v2\/media?parent=1551"}],"wp:term":[{"taxonomy":"product_brand","embeddable":true,"href":"https:\/\/multiagua.cl\/quimicos\/wp-json\/wp\/v2\/product_brand?post=1551"},{"taxonomy":"product_cat","embeddable":true,"href":"https:\/\/multiagua.cl\/quimicos\/wp-json\/wp\/v2\/product_cat?post=1551"},{"taxonomy":"product_tag","embeddable":true,"href":"https:\/\/multiagua.cl\/quimicos\/wp-json\/wp\/v2\/product_tag?post=1551"}],"curies":[{"name":"wp","href":"https:\/\/api.w.org\/{rel}","templated":true}]}}