{"id":1550,"date":"2025-06-06T09:55:10","date_gmt":"2025-06-06T13:55:10","guid":{"rendered":"https:\/\/multiagua.cl\/quimicos\/?post_type=product&#038;p=1550"},"modified":"2025-06-06T09:55:45","modified_gmt":"2025-06-06T13:55:45","slug":"super-blue","status":"publish","type":"product","link":"https:\/\/multiagua.cl\/quimicos\/producto\/super-blue\/","title":{"rendered":"Super Blue"},"content":{"rendered":"","protected":false},"excerpt":{"rendered":"<h4 class=\"tbk__subtitle\">Limpiador y Desengrasante para Todo Prop\u00f3sito<\/h4>\n<p>Super Blue es nuestro limpiador y desengrasante para todo prop\u00f3sito especialmente formulado para remover mugre y manchas dif\u00edciles de los Sanitarios Port\u00e1tiles.<\/p>\n<p>Diez veces m\u00e1s potente que la mayor\u00eda de los limpiadores multiprop\u00f3sito residenciales; Super Blue remover\u00e1 grasa, barro, manchas de hongos, escoria de jab\u00f3n, holl\u00edn, chicle, resina, aceite, colorantes, sangre, comida y tinta.<\/p>\n<p>Mezclarlo en 10 a 1 le suministra un limpiador fuerte y eficiente en costos.<\/p>\n","protected":false},"featured_media":1591,"template":"","meta":[],"product_brand":[],"product_cat":[85],"product_tag":[],"class_list":{"0":"post-1550","1":"product","2":"type-product","3":"status-publish","4":"has-post-thumbnail","6":"product_cat-productos-complementarios","8":"first","9":"instock","10":"shipping-taxable","11":"product-type-simple"},"yoast_head":"<!-- This site is optimized with the Yoast SEO Premium plugin v27.1 (Yoast SEO v27.2) - https:\/\/yoast.com\/product\/yoast-seo-premium-wordpress\/ -->\n<title>Super Blue - Multiagua Qu\u00edmicos<\/title>\n<meta name=\"robots\" content=\"index, follow, max-snippet:-1, max-image-preview:large, max-video-preview:-1\" \/>\n<link rel=\"canonical\" href=\"https:\/\/multiagua.cl\/quimicos\/producto\/super-blue\/\" \/>\n<meta property=\"og:locale\" content=\"es_ES\" \/>\n<meta property=\"og:type\" content=\"article\" \/>\n<meta property=\"og:title\" content=\"Super Blue\" \/>\n<meta property=\"og:description\" content=\"Limpiador y Desengrasante para Todo Prop\u00f3sito Super Blue es nuestro limpiador y desengrasante para todo prop\u00f3sito especialmente formulado para remover mugre y manchas dif\u00edciles de los Sanitarios Port\u00e1tiles.  Diez veces m\u00e1s potente que la mayor\u00eda de los limpiadores multiprop\u00f3sito residenciales; Super Blue remover\u00e1 grasa, barro, manchas de hongos, escoria de jab\u00f3n, holl\u00edn, chicle, resina, aceite, colorantes, sangre, comida y tinta.  Mezclarlo en 10 a 1 le suministra un limpiador fuerte y eficiente en costos.\" \/>\n<meta property=\"og:url\" content=\"https:\/\/multiagua.cl\/quimicos\/producto\/super-blue\/\" \/>\n<meta property=\"og:site_name\" content=\"Multiagua Qu\u00edmicos\" \/>\n<meta property=\"article:modified_time\" content=\"2025-06-06T13:55:45+00:00\" \/>\n<meta property=\"og:image\" content=\"https:\/\/multiagua.cl\/quimicos\/wp-content\/uploads\/2025\/06\/super-blue-prod.jpg\" \/>\n\t<meta property=\"og:image:width\" content=\"523\" \/>\n\t<meta property=\"og:image:height\" content=\"523\" \/>\n\t<meta property=\"og:image:type\" content=\"image\/jpeg\" \/>\n<meta name=\"twitter:card\" content=\"summary_large_image\" \/>\n<meta name=\"twitter:label1\" content=\"Tiempo de lectura\" \/>\n\t<meta name=\"twitter:data1\" content=\"1 minuto\" \/>\n<script type=\"application\/ld+json\" class=\"yoast-schema-graph\">{\"@context\":\"https:\/\/schema.org\",\"@graph\":[{\"@type\":\"WebPage\",\"@id\":\"https:\/\/multiagua.cl\/quimicos\/producto\/super-blue\/\",\"url\":\"https:\/\/multiagua.cl\/quimicos\/producto\/super-blue\/\",\"name\":\"Super Blue - Multiagua Qu\u00edmicos\",\"isPartOf\":{\"@id\":\"https:\/\/multiagua.cl\/quimicos\/#website\"},\"primaryImageOfPage\":{\"@id\":\"https:\/\/multiagua.cl\/quimicos\/producto\/super-blue\/#primaryimage\"},\"image\":{\"@id\":\"https:\/\/multiagua.cl\/quimicos\/producto\/super-blue\/#primaryimage\"},\"thumbnailUrl\":\"https:\/\/multiagua.cl\/quimicos\/wp-content\/uploads\/2025\/06\/super-blue-prod.jpg\",\"datePublished\":\"2025-06-06T13:55:10+00:00\",\"dateModified\":\"2025-06-06T13:55:45+00:00\",\"breadcrumb\":{\"@id\":\"https:\/\/multiagua.cl\/quimicos\/producto\/super-blue\/#breadcrumb\"},\"inLanguage\":\"es\",\"potentialAction\":[{\"@type\":\"ReadAction\",\"target\":[\"https:\/\/multiagua.cl\/quimicos\/producto\/super-blue\/\"]}]},{\"@type\":\"ImageObject\",\"inLanguage\":\"es\",\"@id\":\"https:\/\/multiagua.cl\/quimicos\/producto\/super-blue\/#primaryimage\",\"url\":\"https:\/\/multiagua.cl\/quimicos\/wp-content\/uploads\/2025\/06\/super-blue-prod.jpg\",\"contentUrl\":\"https:\/\/multiagua.cl\/quimicos\/wp-content\/uploads\/2025\/06\/super-blue-prod.jpg\",\"width\":523,\"height\":523},{\"@type\":\"BreadcrumbList\",\"@id\":\"https:\/\/multiagua.cl\/quimicos\/producto\/super-blue\/#breadcrumb\",\"itemListElement\":[{\"@type\":\"ListItem\",\"position\":1,\"name\":\"Portada\",\"item\":\"https:\/\/multiagua.cl\/quimicos\/\"},{\"@type\":\"ListItem\",\"position\":2,\"name\":\"Productos\",\"item\":\"https:\/\/multiagua.cl\/quimicos\/tienda\/\"},{\"@type\":\"ListItem\",\"position\":3,\"name\":\"Super Blue\"}]},{\"@type\":\"WebSite\",\"@id\":\"https:\/\/multiagua.cl\/quimicos\/#website\",\"url\":\"https:\/\/multiagua.cl\/quimicos\/\",\"name\":\"Multiagua Qu\u00edmicos\",\"description\":\"Desodorantes para ba\u00f1os quimicos y sanitarios portatiles\",\"potentialAction\":[{\"@type\":\"SearchAction\",\"target\":{\"@type\":\"EntryPoint\",\"urlTemplate\":\"https:\/\/multiagua.cl\/quimicos\/?s={search_term_string}\"},\"query-input\":{\"@type\":\"PropertyValueSpecification\",\"valueRequired\":true,\"valueName\":\"search_term_string\"}}],\"inLanguage\":\"es\"}]}<\/script>\n<!-- \/ Yoast SEO Premium plugin. -->","yoast_head_json":{"title":"Super Blue - Multiagua Qu\u00edmicos","robots":{"index":"index","follow":"follow","max-snippet":"max-snippet:-1","max-image-preview":"max-image-preview:large","max-video-preview":"max-video-preview:-1"},"canonical":"https:\/\/multiagua.cl\/quimicos\/producto\/super-blue\/","og_locale":"es_ES","og_type":"article","og_title":"Super Blue","og_description":"Limpiador y Desengrasante para Todo Prop\u00f3sito Super Blue es nuestro limpiador y desengrasante para todo prop\u00f3sito especialmente formulado para remover mugre y manchas dif\u00edciles de los Sanitarios Port\u00e1tiles.  Diez veces m\u00e1s potente que la mayor\u00eda de los limpiadores multiprop\u00f3sito residenciales; Super Blue remover\u00e1 grasa, barro, manchas de hongos, escoria de jab\u00f3n, holl\u00edn, chicle, resina, aceite, colorantes, sangre, comida y tinta.  Mezclarlo en 10 a 1 le suministra un limpiador fuerte y eficiente en costos.","og_url":"https:\/\/multiagua.cl\/quimicos\/producto\/super-blue\/","og_site_name":"Multiagua Qu\u00edmicos","article_modified_time":"2025-06-06T13:55:45+00:00","og_image":[{"width":523,"height":523,"url":"https:\/\/multiagua.cl\/quimicos\/wp-content\/uploads\/2025\/06\/super-blue-prod.jpg","type":"image\/jpeg"}],"twitter_card":"summary_large_image","twitter_misc":{"Tiempo de lectura":"1 minuto"},"schema":{"@context":"https:\/\/schema.org","@graph":[{"@type":"WebPage","@id":"https:\/\/multiagua.cl\/quimicos\/producto\/super-blue\/","url":"https:\/\/multiagua.cl\/quimicos\/producto\/super-blue\/","name":"Super Blue - Multiagua Qu\u00edmicos","isPartOf":{"@id":"https:\/\/multiagua.cl\/quimicos\/#website"},"primaryImageOfPage":{"@id":"https:\/\/multiagua.cl\/quimicos\/producto\/super-blue\/#primaryimage"},"image":{"@id":"https:\/\/multiagua.cl\/quimicos\/producto\/super-blue\/#primaryimage"},"thumbnailUrl":"https:\/\/multiagua.cl\/quimicos\/wp-content\/uploads\/2025\/06\/super-blue-prod.jpg","datePublished":"2025-06-06T13:55:10+00:00","dateModified":"2025-06-06T13:55:45+00:00","breadcrumb":{"@id":"https:\/\/multiagua.cl\/quimicos\/producto\/super-blue\/#breadcrumb"},"inLanguage":"es","potentialAction":[{"@type":"ReadAction","target":["https:\/\/multiagua.cl\/quimicos\/producto\/super-blue\/"]}]},{"@type":"ImageObject","inLanguage":"es","@id":"https:\/\/multiagua.cl\/quimicos\/producto\/super-blue\/#primaryimage","url":"https:\/\/multiagua.cl\/quimicos\/wp-content\/uploads\/2025\/06\/super-blue-prod.jpg","contentUrl":"https:\/\/multiagua.cl\/quimicos\/wp-content\/uploads\/2025\/06\/super-blue-prod.jpg","width":523,"height":523},{"@type":"BreadcrumbList","@id":"https:\/\/multiagua.cl\/quimicos\/producto\/super-blue\/#breadcrumb","itemListElement":[{"@type":"ListItem","position":1,"name":"Portada","item":"https:\/\/multiagua.cl\/quimicos\/"},{"@type":"ListItem","position":2,"name":"Productos","item":"https:\/\/multiagua.cl\/quimicos\/tienda\/"},{"@type":"ListItem","position":3,"name":"Super Blue"}]},{"@type":"WebSite","@id":"https:\/\/multiagua.cl\/quimicos\/#website","url":"https:\/\/multiagua.cl\/quimicos\/","name":"Multiagua Qu\u00edmicos","description":"Desodorantes para ba\u00f1os quimicos y sanitarios portatiles","potentialAction":[{"@type":"SearchAction","target":{"@type":"EntryPoint","urlTemplate":"https:\/\/multiagua.cl\/quimicos\/?s={search_term_string}"},"query-input":{"@type":"PropertyValueSpecification","valueRequired":true,"valueName":"search_term_string"}}],"inLanguage":"es"}]}},"_links":{"self":[{"href":"https:\/\/multiagua.cl\/quimicos\/wp-json\/wp\/v2\/product\/1550","targetHints":{"allow":["GET"]}}],"collection":[{"href":"https:\/\/multiagua.cl\/quimicos\/wp-json\/wp\/v2\/product"}],"about":[{"href":"https:\/\/multiagua.cl\/quimicos\/wp-json\/wp\/v2\/types\/product"}],"version-history":[{"count":1,"href":"https:\/\/multiagua.cl\/quimicos\/wp-json\/wp\/v2\/product\/1550\/revisions"}],"predecessor-version":[{"id":1592,"href":"https:\/\/multiagua.cl\/quimicos\/wp-json\/wp\/v2\/product\/1550\/revisions\/1592"}],"wp:featuredmedia":[{"embeddable":true,"href":"https:\/\/multiagua.cl\/quimicos\/wp-json\/wp\/v2\/media\/1591"}],"wp:attachment":[{"href":"https:\/\/multiagua.cl\/quimicos\/wp-json\/wp\/v2\/media?parent=1550"}],"wp:term":[{"taxonomy":"product_brand","embeddable":true,"href":"https:\/\/multiagua.cl\/quimicos\/wp-json\/wp\/v2\/product_brand?post=1550"},{"taxonomy":"product_cat","embeddable":true,"href":"https:\/\/multiagua.cl\/quimicos\/wp-json\/wp\/v2\/product_cat?post=1550"},{"taxonomy":"product_tag","embeddable":true,"href":"https:\/\/multiagua.cl\/quimicos\/wp-json\/wp\/v2\/product_tag?post=1550"}],"curies":[{"name":"wp","href":"https:\/\/api.w.org\/{rel}","templated":true}]}}