{"id":1547,"date":"2025-06-06T09:55:09","date_gmt":"2025-06-06T13:55:09","guid":{"rendered":"https:\/\/multiagua.cl\/quimicos\/?post_type=product&#038;p=1547"},"modified":"2025-06-06T09:55:37","modified_gmt":"2025-06-06T13:55:37","slug":"j-screen","status":"publish","type":"product","link":"https:\/\/multiagua.cl\/quimicos\/producto\/j-screen\/","title":{"rendered":"J &#8211; Screen"},"content":{"rendered":"","protected":false},"excerpt":{"rendered":"<div class=\"kl-title-block clearfix tbk--text- tbk--left text-left tbk-symbol-- tbk-icon-pos--after-title eluid814f57a4 \">\n<h4 class=\"tbk__subtitle\">Pantallas para Urinales Reforzadoras de Fragancia 24 horas \/ 365 d\u00edas<\/h4>\n<\/div>\n<div class=\"kl-title-block clearfix tbk--text- tbk--left text-left tbk-symbol-- tbk-icon-pos--after-title eluidaf634388 \">\n<p class=\"tbk__subtitle\">Las pantallas J-Screen son el reemplazo perfecto para todos los dem\u00e1s productos reforzadores de fragancia. Cumple con las normas de compuestos org\u00e1nicos vol\u00e1tiles (VOC). Las fragancias \u00fanicas de J&amp;J est\u00e1n dise\u00f1adas para desempe\u00f1ar duraderamente.<\/p>\n<p>Cumple con normas VOC (Compuestos Org\u00e1nicos Vol\u00e1tiles) y re\u00fane criterios de sustentabilidad LEED (Liderazgo en Energ\u00eda y Dise\u00f1o Ambiental).<\/p>\n<\/div>\n<div class=\"kl-title-block clearfix tbk--text- tbk--left text-left tbk-symbol-- tbk-icon-pos--after-title eluidd20609d7 \">\n<h4 class=\"tbk__title\">J &#8211; SCREEN SILVER<\/h4>\n<\/div>\n<div class=\"znList eluid0eeeec67 text-left znList-icon--left elm-znlist--light element-scheme--light\">\n<ul>\n<li><span class=\"znListItems-text\">Duran hasta 30 d\u00edas.<\/span><\/li>\n<li><span class=\"znListItems-text\">24 Pantallas por bolsa.<\/span><\/li>\n<\/ul>\n<\/div>\n<h3>\u00a1Consulta por fragancias disponibles!<\/h3>\n","protected":false},"featured_media":1583,"template":"","meta":[],"product_brand":[],"product_cat":[59],"product_tag":[],"class_list":{"0":"post-1547","1":"product","2":"type-product","3":"status-publish","4":"has-post-thumbnail","6":"product_cat-potenciadores-de-fragancia","8":"first","9":"instock","10":"shipping-taxable","11":"product-type-simple"},"yoast_head":"<!-- This site is optimized with the Yoast SEO Premium plugin v27.1 (Yoast SEO v27.2) - https:\/\/yoast.com\/product\/yoast-seo-premium-wordpress\/ -->\n<title>J - Screen - Multiagua Qu\u00edmicos<\/title>\n<meta name=\"robots\" content=\"index, follow, max-snippet:-1, max-image-preview:large, max-video-preview:-1\" \/>\n<link rel=\"canonical\" href=\"https:\/\/multiagua.cl\/quimicos\/producto\/j-screen\/\" \/>\n<meta property=\"og:locale\" content=\"es_ES\" \/>\n<meta property=\"og:type\" content=\"article\" \/>\n<meta property=\"og:title\" content=\"J - Screen\" \/>\n<meta property=\"og:description\" content=\"Pantallas para Urinales Reforzadoras de Fragancia 24 horas \/ 365 d\u00edas   Las pantallas J-Screen son el reemplazo perfecto para todos los dem\u00e1s productos reforzadores de fragancia. Cumple con las normas de compuestos org\u00e1nicos vol\u00e1tiles (VOC). Las fragancias \u00fanicas de J&amp;J est\u00e1n dise\u00f1adas para desempe\u00f1ar duraderamente. Cumple con normas VOC (Compuestos Org\u00e1nicos Vol\u00e1tiles) y re\u00fane criterios de sustentabilidad LEED (Liderazgo en Energ\u00eda y Dise\u00f1o Ambiental).    J - SCREEN SILVER     Duran hasta 30 d\u00edas.  24 Pantallas por bolsa.   \u00a1Consulta por fragancias disponibles!\" \/>\n<meta property=\"og:url\" content=\"https:\/\/multiagua.cl\/quimicos\/producto\/j-screen\/\" \/>\n<meta property=\"og:site_name\" content=\"Multiagua Qu\u00edmicos\" \/>\n<meta property=\"article:modified_time\" content=\"2025-06-06T13:55:37+00:00\" \/>\n<meta property=\"og:image\" content=\"https:\/\/multiagua.cl\/quimicos\/wp-content\/uploads\/2025\/06\/j-screen-prod.jpg\" \/>\n\t<meta property=\"og:image:width\" content=\"812\" \/>\n\t<meta property=\"og:image:height\" content=\"812\" \/>\n\t<meta property=\"og:image:type\" content=\"image\/jpeg\" \/>\n<meta name=\"twitter:card\" content=\"summary_large_image\" \/>\n<meta name=\"twitter:label1\" content=\"Tiempo de lectura\" \/>\n\t<meta name=\"twitter:data1\" content=\"1 minuto\" \/>\n<script type=\"application\/ld+json\" class=\"yoast-schema-graph\">{\"@context\":\"https:\/\/schema.org\",\"@graph\":[{\"@type\":\"WebPage\",\"@id\":\"https:\/\/multiagua.cl\/quimicos\/producto\/j-screen\/\",\"url\":\"https:\/\/multiagua.cl\/quimicos\/producto\/j-screen\/\",\"name\":\"J - Screen - Multiagua Qu\u00edmicos\",\"isPartOf\":{\"@id\":\"https:\/\/multiagua.cl\/quimicos\/#website\"},\"primaryImageOfPage\":{\"@id\":\"https:\/\/multiagua.cl\/quimicos\/producto\/j-screen\/#primaryimage\"},\"image\":{\"@id\":\"https:\/\/multiagua.cl\/quimicos\/producto\/j-screen\/#primaryimage\"},\"thumbnailUrl\":\"https:\/\/multiagua.cl\/quimicos\/wp-content\/uploads\/2025\/06\/j-screen-prod.jpg\",\"datePublished\":\"2025-06-06T13:55:09+00:00\",\"dateModified\":\"2025-06-06T13:55:37+00:00\",\"breadcrumb\":{\"@id\":\"https:\/\/multiagua.cl\/quimicos\/producto\/j-screen\/#breadcrumb\"},\"inLanguage\":\"es\",\"potentialAction\":[{\"@type\":\"ReadAction\",\"target\":[\"https:\/\/multiagua.cl\/quimicos\/producto\/j-screen\/\"]}]},{\"@type\":\"ImageObject\",\"inLanguage\":\"es\",\"@id\":\"https:\/\/multiagua.cl\/quimicos\/producto\/j-screen\/#primaryimage\",\"url\":\"https:\/\/multiagua.cl\/quimicos\/wp-content\/uploads\/2025\/06\/j-screen-prod.jpg\",\"contentUrl\":\"https:\/\/multiagua.cl\/quimicos\/wp-content\/uploads\/2025\/06\/j-screen-prod.jpg\",\"width\":812,\"height\":812},{\"@type\":\"BreadcrumbList\",\"@id\":\"https:\/\/multiagua.cl\/quimicos\/producto\/j-screen\/#breadcrumb\",\"itemListElement\":[{\"@type\":\"ListItem\",\"position\":1,\"name\":\"Portada\",\"item\":\"https:\/\/multiagua.cl\/quimicos\/\"},{\"@type\":\"ListItem\",\"position\":2,\"name\":\"Productos\",\"item\":\"https:\/\/multiagua.cl\/quimicos\/tienda\/\"},{\"@type\":\"ListItem\",\"position\":3,\"name\":\"J &#8211; Screen\"}]},{\"@type\":\"WebSite\",\"@id\":\"https:\/\/multiagua.cl\/quimicos\/#website\",\"url\":\"https:\/\/multiagua.cl\/quimicos\/\",\"name\":\"Multiagua Qu\u00edmicos\",\"description\":\"Desodorantes para ba\u00f1os quimicos y sanitarios portatiles\",\"potentialAction\":[{\"@type\":\"SearchAction\",\"target\":{\"@type\":\"EntryPoint\",\"urlTemplate\":\"https:\/\/multiagua.cl\/quimicos\/?s={search_term_string}\"},\"query-input\":{\"@type\":\"PropertyValueSpecification\",\"valueRequired\":true,\"valueName\":\"search_term_string\"}}],\"inLanguage\":\"es\"}]}<\/script>\n<!-- \/ Yoast SEO Premium plugin. -->","yoast_head_json":{"title":"J - Screen - Multiagua Qu\u00edmicos","robots":{"index":"index","follow":"follow","max-snippet":"max-snippet:-1","max-image-preview":"max-image-preview:large","max-video-preview":"max-video-preview:-1"},"canonical":"https:\/\/multiagua.cl\/quimicos\/producto\/j-screen\/","og_locale":"es_ES","og_type":"article","og_title":"J - Screen","og_description":"Pantallas para Urinales Reforzadoras de Fragancia 24 horas \/ 365 d\u00edas   Las pantallas J-Screen son el reemplazo perfecto para todos los dem\u00e1s productos reforzadores de fragancia. Cumple con las normas de compuestos org\u00e1nicos vol\u00e1tiles (VOC). Las fragancias \u00fanicas de J&amp;J est\u00e1n dise\u00f1adas para desempe\u00f1ar duraderamente. Cumple con normas VOC (Compuestos Org\u00e1nicos Vol\u00e1tiles) y re\u00fane criterios de sustentabilidad LEED (Liderazgo en Energ\u00eda y Dise\u00f1o Ambiental).    J - SCREEN SILVER     Duran hasta 30 d\u00edas.  24 Pantallas por bolsa.   \u00a1Consulta por fragancias disponibles!","og_url":"https:\/\/multiagua.cl\/quimicos\/producto\/j-screen\/","og_site_name":"Multiagua Qu\u00edmicos","article_modified_time":"2025-06-06T13:55:37+00:00","og_image":[{"width":812,"height":812,"url":"https:\/\/multiagua.cl\/quimicos\/wp-content\/uploads\/2025\/06\/j-screen-prod.jpg","type":"image\/jpeg"}],"twitter_card":"summary_large_image","twitter_misc":{"Tiempo de lectura":"1 minuto"},"schema":{"@context":"https:\/\/schema.org","@graph":[{"@type":"WebPage","@id":"https:\/\/multiagua.cl\/quimicos\/producto\/j-screen\/","url":"https:\/\/multiagua.cl\/quimicos\/producto\/j-screen\/","name":"J - Screen - Multiagua Qu\u00edmicos","isPartOf":{"@id":"https:\/\/multiagua.cl\/quimicos\/#website"},"primaryImageOfPage":{"@id":"https:\/\/multiagua.cl\/quimicos\/producto\/j-screen\/#primaryimage"},"image":{"@id":"https:\/\/multiagua.cl\/quimicos\/producto\/j-screen\/#primaryimage"},"thumbnailUrl":"https:\/\/multiagua.cl\/quimicos\/wp-content\/uploads\/2025\/06\/j-screen-prod.jpg","datePublished":"2025-06-06T13:55:09+00:00","dateModified":"2025-06-06T13:55:37+00:00","breadcrumb":{"@id":"https:\/\/multiagua.cl\/quimicos\/producto\/j-screen\/#breadcrumb"},"inLanguage":"es","potentialAction":[{"@type":"ReadAction","target":["https:\/\/multiagua.cl\/quimicos\/producto\/j-screen\/"]}]},{"@type":"ImageObject","inLanguage":"es","@id":"https:\/\/multiagua.cl\/quimicos\/producto\/j-screen\/#primaryimage","url":"https:\/\/multiagua.cl\/quimicos\/wp-content\/uploads\/2025\/06\/j-screen-prod.jpg","contentUrl":"https:\/\/multiagua.cl\/quimicos\/wp-content\/uploads\/2025\/06\/j-screen-prod.jpg","width":812,"height":812},{"@type":"BreadcrumbList","@id":"https:\/\/multiagua.cl\/quimicos\/producto\/j-screen\/#breadcrumb","itemListElement":[{"@type":"ListItem","position":1,"name":"Portada","item":"https:\/\/multiagua.cl\/quimicos\/"},{"@type":"ListItem","position":2,"name":"Productos","item":"https:\/\/multiagua.cl\/quimicos\/tienda\/"},{"@type":"ListItem","position":3,"name":"J &#8211; Screen"}]},{"@type":"WebSite","@id":"https:\/\/multiagua.cl\/quimicos\/#website","url":"https:\/\/multiagua.cl\/quimicos\/","name":"Multiagua Qu\u00edmicos","description":"Desodorantes para ba\u00f1os quimicos y sanitarios portatiles","potentialAction":[{"@type":"SearchAction","target":{"@type":"EntryPoint","urlTemplate":"https:\/\/multiagua.cl\/quimicos\/?s={search_term_string}"},"query-input":{"@type":"PropertyValueSpecification","valueRequired":true,"valueName":"search_term_string"}}],"inLanguage":"es"}]}},"_links":{"self":[{"href":"https:\/\/multiagua.cl\/quimicos\/wp-json\/wp\/v2\/product\/1547","targetHints":{"allow":["GET"]}}],"collection":[{"href":"https:\/\/multiagua.cl\/quimicos\/wp-json\/wp\/v2\/product"}],"about":[{"href":"https:\/\/multiagua.cl\/quimicos\/wp-json\/wp\/v2\/types\/product"}],"version-history":[{"count":1,"href":"https:\/\/multiagua.cl\/quimicos\/wp-json\/wp\/v2\/product\/1547\/revisions"}],"predecessor-version":[{"id":1584,"href":"https:\/\/multiagua.cl\/quimicos\/wp-json\/wp\/v2\/product\/1547\/revisions\/1584"}],"wp:featuredmedia":[{"embeddable":true,"href":"https:\/\/multiagua.cl\/quimicos\/wp-json\/wp\/v2\/media\/1583"}],"wp:attachment":[{"href":"https:\/\/multiagua.cl\/quimicos\/wp-json\/wp\/v2\/media?parent=1547"}],"wp:term":[{"taxonomy":"product_brand","embeddable":true,"href":"https:\/\/multiagua.cl\/quimicos\/wp-json\/wp\/v2\/product_brand?post=1547"},{"taxonomy":"product_cat","embeddable":true,"href":"https:\/\/multiagua.cl\/quimicos\/wp-json\/wp\/v2\/product_cat?post=1547"},{"taxonomy":"product_tag","embeddable":true,"href":"https:\/\/multiagua.cl\/quimicos\/wp-json\/wp\/v2\/product_tag?post=1547"}],"curies":[{"name":"wp","href":"https:\/\/api.w.org\/{rel}","templated":true}]}}