{"id":1542,"date":"2025-06-06T09:55:05","date_gmt":"2025-06-06T13:55:05","guid":{"rendered":"https:\/\/multiagua.cl\/quimicos\/?post_type=product&#038;p=1542"},"modified":"2025-07-28T16:02:32","modified_gmt":"2025-07-28T20:02:32","slug":"destroyer","status":"publish","type":"product","link":"https:\/\/multiagua.cl\/quimicos\/producto\/destroyer\/","title":{"rendered":"Destroyer"},"content":{"rendered":"","protected":false},"excerpt":{"rendered":"<h3>Desodorizante para Sanitarios Port\u00e1tiles con alto desempe\u00f1o.<\/h3>\n<p>Nuestro desodorizante de alto desempe\u00f1o a base de formaldehido combina la tecnolog\u00eda de Truex con la potencia del formol (niveles permitidos) para controlar malos olores por m\u00e1s tiempo y descomponer los desechos mientras ayuda a limpiar el tanque de retenci\u00f3n.<\/p>\n<h3>SX-800<\/h3>\n<ul>\n<li><strong>Fuerza Superior:<\/strong><br \/>\nPara condiciones de calor y tr\u00e1fico alto.<\/li>\n<li>2-6 onzas (60-180ml) por servicio.<\/li>\n<li>F\u00f3rmula Avanzada con Tecnolog\u00eda que Abruma continuamente los malos olores.<\/li>\n<li>Desempe\u00f1o Garantizado.<\/li>\n<li>Descompone el Desecho y el Papel.<\/li>\n<li>Color Azul Profundo.<\/li>\n<\/ul>\n<h3>Formatos disponibles:<\/h3>\n<ul>\n<li>\n<h5>Bid\u00f3n de 3.8 Litros.<\/h5>\n<\/li>\n<li>\n<h5>Bid\u00f3n 27 Litros.<\/h5>\n<\/li>\n<li>\n<h5>Barril de\u00a0 209 Litros.<\/h5>\n<\/li>\n<li>\n<h5>Estanque IBC de 1041 Litros.<\/h5>\n<\/li>\n<\/ul>\n<h2>\u00a1Te ense\u00f1amos c\u00f3mo utilizar nuestros productos paso a paso!<\/h2>\n<h3>Paso N\u00b01:<\/h3>\n<h4>Debes llenar el estanque con 20 litros de agua limpia.<\/h4>\n<p><img loading=\"lazy\" decoding=\"async\" class=\"wp-image-1557 aligncenter\" src=\"https:\/\/ecoportable.cl\/wp-content\/uploads\/2024\/04\/Untitled-design-31.webp\" alt=\"\" width=\"372\" height=\"255\" \/><\/p>\n<h3>Paso N\u00b02:<\/h3>\n<h4>Carga el estanque con la dosis correcta de Destroyer.<\/h4>\n<h4>\u00a1Recuerde consultar con nuestros vendedores sobre la dosis que debas utilizar!<\/h4>\n<p><img loading=\"lazy\" decoding=\"async\" class=\"wp-image-1559 aligncenter\" src=\"https:\/\/ecoportable.cl\/wp-content\/uploads\/2024\/04\/Untitled-design-36.webp\" alt=\"\" width=\"371\" height=\"254\" \/><\/p>\n<h3>Paso N\u00b03:<\/h3>\n<h4>El producto liberar\u00e1 una fragancia agradable seg\u00fan el aroma elegido, mientras el agua adquiere un tono azul oscuro que oculta los residuos en el interior del estanque y ayuda a disgregar el contenido, facilitando su extracci\u00f3n.<\/h4>\n<p><img loading=\"lazy\" decoding=\"async\" class=\"wp-image-1636 aligncenter\" src=\"https:\/\/ecoportable.cl\/wp-content\/uploads\/2024\/04\/Untitled-design-351-ezgif.com-gif-to-webp-converter.webp\" alt=\"\" width=\"371\" height=\"254\" \/><\/p>\n","protected":false},"featured_media":1815,"template":"","meta":[],"product_brand":[],"product_cat":[83],"product_tag":[],"class_list":{"0":"post-1542","1":"product","2":"type-product","3":"status-publish","4":"has-post-thumbnail","6":"product_cat-liquidos-disgregantes","8":"first","9":"instock","10":"shipping-taxable","11":"product-type-simple"},"yoast_head":"<!-- This site is optimized with the Yoast SEO Premium plugin v27.1 (Yoast SEO v27.2) - https:\/\/yoast.com\/product\/yoast-seo-premium-wordpress\/ -->\n<title>Destroyer - Multiagua Qu\u00edmicos<\/title>\n<meta name=\"robots\" content=\"index, follow, max-snippet:-1, max-image-preview:large, max-video-preview:-1\" \/>\n<link rel=\"canonical\" href=\"https:\/\/multiagua.cl\/quimicos\/producto\/destroyer\/\" \/>\n<meta property=\"og:locale\" content=\"es_ES\" \/>\n<meta property=\"og:type\" content=\"article\" \/>\n<meta property=\"og:title\" content=\"Destroyer\" \/>\n<meta property=\"og:description\" content=\"Desodorizante para Sanitarios Port\u00e1tiles con alto desempe\u00f1o. Nuestro desodorizante de alto desempe\u00f1o a base de formaldehido combina la tecnolog\u00eda de Truex con la potencia del formol (niveles permitidos) para controlar malos olores por m\u00e1s tiempo y descomponer los desechos mientras ayuda a limpiar el tanque de retenci\u00f3n. SX-800   Fuerza Superior: Para condiciones de calor y tr\u00e1fico alto.  2-6 onzas (60-180ml) por servicio.  F\u00f3rmula Avanzada con Tecnolog\u00eda que Abruma continuamente los malos olores.  Desempe\u00f1o Garantizado.  Descompone el Desecho y el Papel.  Color Azul Profundo.  Formatos disponibles:    Bid\u00f3n de 3.8 Litros.    Bid\u00f3n 27 Litros.    Barril de\u00a0 209 Litros.    Estanque IBC de 1041 Litros.   \u00a1Te ense\u00f1amos c\u00f3mo utilizar nuestros productos paso a paso! Paso N\u00b01: Debes llenar el estanque con 20 litros de agua limpia.  Paso N\u00b02: Carga el estanque con la dosis correcta de Destroyer. \u00a1Recuerde consultar con nuestros vendedores sobre la dosis que debas utilizar!  Paso N\u00b03: El producto liberar\u00e1 una fragancia agradable seg\u00fan el aroma elegido, mientras el agua adquiere un tono azul oscuro que oculta los residuos en el interior del estanque y ayuda a disgregar el contenido, facilitando su extracci\u00f3n.\" \/>\n<meta property=\"og:url\" content=\"https:\/\/multiagua.cl\/quimicos\/producto\/destroyer\/\" \/>\n<meta property=\"og:site_name\" content=\"Multiagua Qu\u00edmicos\" \/>\n<meta property=\"article:modified_time\" content=\"2025-07-28T20:02:32+00:00\" \/>\n<meta property=\"og:image\" content=\"https:\/\/multiagua.cl\/quimicos\/wp-content\/uploads\/2025\/06\/pixelcut-export-2025-07-25T130107.887.png\" \/>\n\t<meta property=\"og:image:width\" content=\"1080\" \/>\n\t<meta property=\"og:image:height\" content=\"1080\" \/>\n\t<meta property=\"og:image:type\" content=\"image\/png\" \/>\n<meta name=\"twitter:card\" content=\"summary_large_image\" \/>\n<meta name=\"twitter:label1\" content=\"Tiempo de lectura\" \/>\n\t<meta name=\"twitter:data1\" content=\"1 minuto\" \/>\n<script type=\"application\/ld+json\" class=\"yoast-schema-graph\">{\"@context\":\"https:\/\/schema.org\",\"@graph\":[{\"@type\":\"WebPage\",\"@id\":\"https:\/\/multiagua.cl\/quimicos\/producto\/destroyer\/\",\"url\":\"https:\/\/multiagua.cl\/quimicos\/producto\/destroyer\/\",\"name\":\"Destroyer - Multiagua Qu\u00edmicos\",\"isPartOf\":{\"@id\":\"https:\/\/multiagua.cl\/quimicos\/#website\"},\"primaryImageOfPage\":{\"@id\":\"https:\/\/multiagua.cl\/quimicos\/producto\/destroyer\/#primaryimage\"},\"image\":{\"@id\":\"https:\/\/multiagua.cl\/quimicos\/producto\/destroyer\/#primaryimage\"},\"thumbnailUrl\":\"https:\/\/multiagua.cl\/quimicos\/wp-content\/uploads\/2025\/06\/pixelcut-export-2025-07-25T130107.887.png\",\"datePublished\":\"2025-06-06T13:55:05+00:00\",\"dateModified\":\"2025-07-28T20:02:32+00:00\",\"breadcrumb\":{\"@id\":\"https:\/\/multiagua.cl\/quimicos\/producto\/destroyer\/#breadcrumb\"},\"inLanguage\":\"es\",\"potentialAction\":[{\"@type\":\"ReadAction\",\"target\":[\"https:\/\/multiagua.cl\/quimicos\/producto\/destroyer\/\"]}]},{\"@type\":\"ImageObject\",\"inLanguage\":\"es\",\"@id\":\"https:\/\/multiagua.cl\/quimicos\/producto\/destroyer\/#primaryimage\",\"url\":\"https:\/\/multiagua.cl\/quimicos\/wp-content\/uploads\/2025\/06\/pixelcut-export-2025-07-25T130107.887.png\",\"contentUrl\":\"https:\/\/multiagua.cl\/quimicos\/wp-content\/uploads\/2025\/06\/pixelcut-export-2025-07-25T130107.887.png\",\"width\":1080,\"height\":1080},{\"@type\":\"BreadcrumbList\",\"@id\":\"https:\/\/multiagua.cl\/quimicos\/producto\/destroyer\/#breadcrumb\",\"itemListElement\":[{\"@type\":\"ListItem\",\"position\":1,\"name\":\"Portada\",\"item\":\"https:\/\/multiagua.cl\/quimicos\/\"},{\"@type\":\"ListItem\",\"position\":2,\"name\":\"Productos\",\"item\":\"https:\/\/multiagua.cl\/quimicos\/tienda\/\"},{\"@type\":\"ListItem\",\"position\":3,\"name\":\"Destroyer\"}]},{\"@type\":\"WebSite\",\"@id\":\"https:\/\/multiagua.cl\/quimicos\/#website\",\"url\":\"https:\/\/multiagua.cl\/quimicos\/\",\"name\":\"Multiagua Qu\u00edmicos\",\"description\":\"Desodorantes para ba\u00f1os quimicos y sanitarios portatiles\",\"potentialAction\":[{\"@type\":\"SearchAction\",\"target\":{\"@type\":\"EntryPoint\",\"urlTemplate\":\"https:\/\/multiagua.cl\/quimicos\/?s={search_term_string}\"},\"query-input\":{\"@type\":\"PropertyValueSpecification\",\"valueRequired\":true,\"valueName\":\"search_term_string\"}}],\"inLanguage\":\"es\"}]}<\/script>\n<!-- \/ Yoast SEO Premium plugin. -->","yoast_head_json":{"title":"Destroyer - Multiagua Qu\u00edmicos","robots":{"index":"index","follow":"follow","max-snippet":"max-snippet:-1","max-image-preview":"max-image-preview:large","max-video-preview":"max-video-preview:-1"},"canonical":"https:\/\/multiagua.cl\/quimicos\/producto\/destroyer\/","og_locale":"es_ES","og_type":"article","og_title":"Destroyer","og_description":"Desodorizante para Sanitarios Port\u00e1tiles con alto desempe\u00f1o. Nuestro desodorizante de alto desempe\u00f1o a base de formaldehido combina la tecnolog\u00eda de Truex con la potencia del formol (niveles permitidos) para controlar malos olores por m\u00e1s tiempo y descomponer los desechos mientras ayuda a limpiar el tanque de retenci\u00f3n. SX-800   Fuerza Superior: Para condiciones de calor y tr\u00e1fico alto.  2-6 onzas (60-180ml) por servicio.  F\u00f3rmula Avanzada con Tecnolog\u00eda que Abruma continuamente los malos olores.  Desempe\u00f1o Garantizado.  Descompone el Desecho y el Papel.  Color Azul Profundo.  Formatos disponibles:    Bid\u00f3n de 3.8 Litros.    Bid\u00f3n 27 Litros.    Barril de\u00a0 209 Litros.    Estanque IBC de 1041 Litros.   \u00a1Te ense\u00f1amos c\u00f3mo utilizar nuestros productos paso a paso! Paso N\u00b01: Debes llenar el estanque con 20 litros de agua limpia.  Paso N\u00b02: Carga el estanque con la dosis correcta de Destroyer. \u00a1Recuerde consultar con nuestros vendedores sobre la dosis que debas utilizar!  Paso N\u00b03: El producto liberar\u00e1 una fragancia agradable seg\u00fan el aroma elegido, mientras el agua adquiere un tono azul oscuro que oculta los residuos en el interior del estanque y ayuda a disgregar el contenido, facilitando su extracci\u00f3n.","og_url":"https:\/\/multiagua.cl\/quimicos\/producto\/destroyer\/","og_site_name":"Multiagua Qu\u00edmicos","article_modified_time":"2025-07-28T20:02:32+00:00","og_image":[{"width":1080,"height":1080,"url":"https:\/\/multiagua.cl\/quimicos\/wp-content\/uploads\/2025\/06\/pixelcut-export-2025-07-25T130107.887.png","type":"image\/png"}],"twitter_card":"summary_large_image","twitter_misc":{"Tiempo de lectura":"1 minuto"},"schema":{"@context":"https:\/\/schema.org","@graph":[{"@type":"WebPage","@id":"https:\/\/multiagua.cl\/quimicos\/producto\/destroyer\/","url":"https:\/\/multiagua.cl\/quimicos\/producto\/destroyer\/","name":"Destroyer - Multiagua Qu\u00edmicos","isPartOf":{"@id":"https:\/\/multiagua.cl\/quimicos\/#website"},"primaryImageOfPage":{"@id":"https:\/\/multiagua.cl\/quimicos\/producto\/destroyer\/#primaryimage"},"image":{"@id":"https:\/\/multiagua.cl\/quimicos\/producto\/destroyer\/#primaryimage"},"thumbnailUrl":"https:\/\/multiagua.cl\/quimicos\/wp-content\/uploads\/2025\/06\/pixelcut-export-2025-07-25T130107.887.png","datePublished":"2025-06-06T13:55:05+00:00","dateModified":"2025-07-28T20:02:32+00:00","breadcrumb":{"@id":"https:\/\/multiagua.cl\/quimicos\/producto\/destroyer\/#breadcrumb"},"inLanguage":"es","potentialAction":[{"@type":"ReadAction","target":["https:\/\/multiagua.cl\/quimicos\/producto\/destroyer\/"]}]},{"@type":"ImageObject","inLanguage":"es","@id":"https:\/\/multiagua.cl\/quimicos\/producto\/destroyer\/#primaryimage","url":"https:\/\/multiagua.cl\/quimicos\/wp-content\/uploads\/2025\/06\/pixelcut-export-2025-07-25T130107.887.png","contentUrl":"https:\/\/multiagua.cl\/quimicos\/wp-content\/uploads\/2025\/06\/pixelcut-export-2025-07-25T130107.887.png","width":1080,"height":1080},{"@type":"BreadcrumbList","@id":"https:\/\/multiagua.cl\/quimicos\/producto\/destroyer\/#breadcrumb","itemListElement":[{"@type":"ListItem","position":1,"name":"Portada","item":"https:\/\/multiagua.cl\/quimicos\/"},{"@type":"ListItem","position":2,"name":"Productos","item":"https:\/\/multiagua.cl\/quimicos\/tienda\/"},{"@type":"ListItem","position":3,"name":"Destroyer"}]},{"@type":"WebSite","@id":"https:\/\/multiagua.cl\/quimicos\/#website","url":"https:\/\/multiagua.cl\/quimicos\/","name":"Multiagua Qu\u00edmicos","description":"Desodorantes para ba\u00f1os quimicos y sanitarios portatiles","potentialAction":[{"@type":"SearchAction","target":{"@type":"EntryPoint","urlTemplate":"https:\/\/multiagua.cl\/quimicos\/?s={search_term_string}"},"query-input":{"@type":"PropertyValueSpecification","valueRequired":true,"valueName":"search_term_string"}}],"inLanguage":"es"}]}},"_links":{"self":[{"href":"https:\/\/multiagua.cl\/quimicos\/wp-json\/wp\/v2\/product\/1542","targetHints":{"allow":["GET"]}}],"collection":[{"href":"https:\/\/multiagua.cl\/quimicos\/wp-json\/wp\/v2\/product"}],"about":[{"href":"https:\/\/multiagua.cl\/quimicos\/wp-json\/wp\/v2\/types\/product"}],"version-history":[{"count":1,"href":"https:\/\/multiagua.cl\/quimicos\/wp-json\/wp\/v2\/product\/1542\/revisions"}],"predecessor-version":[{"id":1572,"href":"https:\/\/multiagua.cl\/quimicos\/wp-json\/wp\/v2\/product\/1542\/revisions\/1572"}],"wp:featuredmedia":[{"embeddable":true,"href":"https:\/\/multiagua.cl\/quimicos\/wp-json\/wp\/v2\/media\/1815"}],"wp:attachment":[{"href":"https:\/\/multiagua.cl\/quimicos\/wp-json\/wp\/v2\/media?parent=1542"}],"wp:term":[{"taxonomy":"product_brand","embeddable":true,"href":"https:\/\/multiagua.cl\/quimicos\/wp-json\/wp\/v2\/product_brand?post=1542"},{"taxonomy":"product_cat","embeddable":true,"href":"https:\/\/multiagua.cl\/quimicos\/wp-json\/wp\/v2\/product_cat?post=1542"},{"taxonomy":"product_tag","embeddable":true,"href":"https:\/\/multiagua.cl\/quimicos\/wp-json\/wp\/v2\/product_tag?post=1542"}],"curies":[{"name":"wp","href":"https:\/\/api.w.org\/{rel}","templated":true}]}}