{"id":1540,"date":"2025-06-06T09:55:05","date_gmt":"2025-06-06T13:55:05","guid":{"rendered":"https:\/\/multiagua.cl\/quimicos\/?post_type=product&#038;p=1540"},"modified":"2025-07-28T15:59:34","modified_gmt":"2025-07-28T19:59:34","slug":"evergreen-elite-series","status":"publish","type":"product","link":"https:\/\/multiagua.cl\/quimicos\/producto\/evergreen-elite-series\/","title":{"rendered":"Evergreen Elite Packets"},"content":{"rendered":"","protected":false},"excerpt":{"rendered":"<div class=\"elementor-element elementor-element-31fbcb38 wd-single-title text-left elementor-widget elementor-widget-wd_single_product_title\" data-id=\"31fbcb38\" data-element_type=\"widget\" data-widget_type=\"wd_single_product_title.default\">\n<div class=\"elementor-widget-container\">\n<h1 class=\"product_title entry-title wd-entities-title ai-optimize-30\"><span style=\"font-size: 22px;\">Desodorizante para Sanitarios Port\u00e1tiles que Elimina Malos Olores Naturalmente<\/span><\/h1>\n<\/div>\n<\/div>\n<div class=\"elementor-element elementor-element-62545fc wd-single-short-desc text-left elementor-widget elementor-widget-wd_single_product_short_description\" data-id=\"62545fc\" data-element_type=\"widget\" data-widget_type=\"wd_single_product_short_description.default\">\n<div class=\"elementor-widget-container\">\n<div class=\"woocommerce-product-details__short-description\">\n<p class=\"ai-optimize-32\">Evergreen Elite Series son pastillas y sachets de l\u00ednea ecol\u00f3gica que adem\u00e1s de estar libres de todo elemento contaminante, adicionan encimas y bacterias no pat\u00f3genas que eliminan y destruyen naturalmente el mal olor en los sanitarios.<\/p>\n<div class=\"zn_custom_container eluid380ce4b8 smart-cnt--default clearfix\">\n<div class=\"row zn_col_container-smart_container \">\n<div id=\"eluid8df5073c\" class=\"eluid8df5073c col-md-9 col-sm-9 znColumnElement\">\n<div class=\"znColumnElement-innerWrapper-eluid8df5073c znColumnElement-innerWrapper znColumnElement-innerWrapper--valign-top znColumnElement-innerWrapper--halign-left \">\n<div class=\"znColumnElement-innerContent\">\n<div class=\"znList eluidc1e91236 text-left znList-icon--left elm-znlist--light element-scheme--light\">\n<div class=\"zn_custom_container eluid615b87ad smart-cnt--default clearfix\">\n<div class=\"row zn_col_container-smart_container \">\n<div id=\"eluid73a5fb95\" class=\"eluid73a5fb95 col-md-9 col-sm-9 znColumnElement\">\n<div class=\"znColumnElement-innerWrapper-eluid73a5fb95 znColumnElement-innerWrapper znColumnElement-innerWrapper--valign-top znColumnElement-innerWrapper--halign-left \">\n<div class=\"znColumnElement-innerContent\">\n<h4 class=\"ai-optimize-33\">PASTILLAS SILVER<\/h4>\n<\/div>\n<\/div>\n<\/div>\n<\/div>\n<\/div>\n<div class=\"zn_custom_container eluid1bfc6bdf smart-cnt--default clearfix\">\n<div class=\"row zn_col_container-smart_container \">\n<div id=\"eluid5d021c01\" class=\"eluid5d021c01 col-md-9 col-sm-9 znColumnElement\">\n<div class=\"znColumnElement-innerWrapper-eluid5d021c01 znColumnElement-innerWrapper znColumnElement-innerWrapper--valign-top znColumnElement-innerWrapper--halign-left \">\n<div class=\"znColumnElement-innerContent\">\n<div class=\"znList eluid4ac9a5ca text-left znList-icon--left elm-znlist--light element-scheme--light\">\n<ul>\n<li class=\"ai-optimize-34\"><span class=\"znListItems-text\">Para condiciones de calor y tr\u00e1fico moderados.<\/span><\/li>\n<li class=\"ai-optimize-35\"><span class=\"znListItems-text\">220 pastillas por caja.<\/span><\/li>\n<\/ul>\n<p>&nbsp;<\/p>\n<h3 class=\"ai-optimize-36\">SACHET GOLD<\/h3>\n<p class=\"ai-optimize-37\"><strong>Para condiciones de calor y tr\u00e1fico extremo.<\/strong><\/p>\n<ul>\n<li class=\"ai-optimize-38\">75 Paquetes por bolsa \/300 paquetes por caja.<\/li>\n<li class=\"ai-optimize-39\">4 Bolsas por caja.<\/li>\n<\/ul>\n<h3 class=\"ai-optimize-40\">SACHET\u00a0SILVER<\/h3>\n<p class=\"ai-optimize-41\"><strong>Para condiciones de calor y tr\u00e1fico moderado.<\/strong><\/p>\n<ul>\n<li class=\"ai-optimize-42\">80 Paquetes por bolsa \/ 320 paquetes por caja.<\/li>\n<li class=\"ai-optimize-43\">4 Bolsas por caja.<\/li>\n<\/ul>\n<\/div>\n<\/div>\n<\/div>\n<\/div>\n<\/div>\n<\/div>\n<\/div>\n<\/div>\n<\/div>\n<\/div>\n<\/div>\n<\/div>\n<h4><\/h4>\n<h4 class=\"ai-optimize-44\"><strong>Sachet &amp; Pastillas Evergreen solo disponibles en algunas fragancias de la variedad exclusiva de J&amp;J.<\/strong><br \/>\n<strong>El Desodorizante Liquido EverGreen est\u00e1 disponible en todas las variedades de Fragancias Exclusivas de J&amp;J.<\/strong><\/h4>\n<\/div>\n<\/div>\n<\/div>\n","protected":false},"featured_media":1811,"template":"","meta":[],"product_brand":[],"product_cat":[82],"product_tag":[],"class_list":{"0":"post-1540","1":"product","2":"type-product","3":"status-publish","4":"has-post-thumbnail","6":"product_cat-disgregantes-aromatizantes","8":"first","9":"instock","10":"featured","11":"shipping-taxable","12":"product-type-simple"},"yoast_head":"<!-- This site is optimized with the Yoast SEO Premium plugin v27.1 (Yoast SEO v27.2) - https:\/\/yoast.com\/product\/yoast-seo-premium-wordpress\/ -->\n<title>Evergreen Elite Packets - Multiagua Qu\u00edmicos<\/title>\n<meta name=\"robots\" content=\"index, follow, max-snippet:-1, max-image-preview:large, max-video-preview:-1\" \/>\n<link rel=\"canonical\" href=\"https:\/\/multiagua.cl\/quimicos\/producto\/evergreen-elite-series\/\" \/>\n<meta property=\"og:locale\" content=\"es_ES\" \/>\n<meta property=\"og:type\" content=\"article\" \/>\n<meta property=\"og:title\" content=\"Evergreen Elite Packets\" \/>\n<meta property=\"og:description\" content=\"Desodorizante para Sanitarios Port\u00e1tiles que Elimina Malos Olores Naturalmente      Evergreen Elite Series son pastillas y sachets de l\u00ednea ecol\u00f3gica que adem\u00e1s de estar libres de todo elemento contaminante, adicionan encimas y bacterias no pat\u00f3genas que eliminan y destruyen naturalmente el mal olor en los sanitarios.             PASTILLAS SILVER              Para condiciones de calor y tr\u00e1fico moderados.  220 pastillas por caja.  &nbsp; SACHET GOLD Para condiciones de calor y tr\u00e1fico extremo.    75 Paquetes por bolsa \/300 paquetes por caja.  4 Bolsas por caja.  SACHET\u00a0SILVER Para condiciones de calor y tr\u00e1fico moderado.    80 Paquetes por bolsa \/ 320 paquetes por caja.  4 Bolsas por caja.               Sachet &amp; Pastillas Evergreen solo disponibles en algunas fragancias de la variedad exclusiva de J&amp;J. El Desodorizante Liquido EverGreen est\u00e1 disponible en todas las variedades de Fragancias Exclusivas de J&amp;J.\" \/>\n<meta property=\"og:url\" content=\"https:\/\/multiagua.cl\/quimicos\/producto\/evergreen-elite-series\/\" \/>\n<meta property=\"og:site_name\" content=\"Multiagua Qu\u00edmicos\" \/>\n<meta property=\"article:modified_time\" content=\"2025-07-28T19:59:34+00:00\" \/>\n<meta property=\"og:image\" content=\"https:\/\/multiagua.cl\/quimicos\/wp-content\/uploads\/2025\/06\/pixelcut-export-2025-07-25T135816.017.png\" \/>\n\t<meta property=\"og:image:width\" content=\"950\" \/>\n\t<meta property=\"og:image:height\" content=\"950\" \/>\n\t<meta property=\"og:image:type\" content=\"image\/png\" \/>\n<meta name=\"twitter:card\" content=\"summary_large_image\" \/>\n<meta name=\"twitter:label1\" content=\"Tiempo de lectura\" \/>\n\t<meta name=\"twitter:data1\" content=\"1 minuto\" \/>\n<script type=\"application\/ld+json\" class=\"yoast-schema-graph\">{\"@context\":\"https:\/\/schema.org\",\"@graph\":[{\"@type\":\"WebPage\",\"@id\":\"https:\/\/multiagua.cl\/quimicos\/producto\/evergreen-elite-series\/\",\"url\":\"https:\/\/multiagua.cl\/quimicos\/producto\/evergreen-elite-series\/\",\"name\":\"Evergreen Elite Packets - Multiagua Qu\u00edmicos\",\"isPartOf\":{\"@id\":\"https:\/\/multiagua.cl\/quimicos\/#website\"},\"primaryImageOfPage\":{\"@id\":\"https:\/\/multiagua.cl\/quimicos\/producto\/evergreen-elite-series\/#primaryimage\"},\"image\":{\"@id\":\"https:\/\/multiagua.cl\/quimicos\/producto\/evergreen-elite-series\/#primaryimage\"},\"thumbnailUrl\":\"https:\/\/multiagua.cl\/quimicos\/wp-content\/uploads\/2025\/06\/pixelcut-export-2025-07-25T135816.017.png\",\"datePublished\":\"2025-06-06T13:55:05+00:00\",\"dateModified\":\"2025-07-28T19:59:34+00:00\",\"breadcrumb\":{\"@id\":\"https:\/\/multiagua.cl\/quimicos\/producto\/evergreen-elite-series\/#breadcrumb\"},\"inLanguage\":\"es\",\"potentialAction\":[{\"@type\":\"ReadAction\",\"target\":[\"https:\/\/multiagua.cl\/quimicos\/producto\/evergreen-elite-series\/\"]}]},{\"@type\":\"ImageObject\",\"inLanguage\":\"es\",\"@id\":\"https:\/\/multiagua.cl\/quimicos\/producto\/evergreen-elite-series\/#primaryimage\",\"url\":\"https:\/\/multiagua.cl\/quimicos\/wp-content\/uploads\/2025\/06\/pixelcut-export-2025-07-25T135816.017.png\",\"contentUrl\":\"https:\/\/multiagua.cl\/quimicos\/wp-content\/uploads\/2025\/06\/pixelcut-export-2025-07-25T135816.017.png\",\"width\":950,\"height\":950},{\"@type\":\"BreadcrumbList\",\"@id\":\"https:\/\/multiagua.cl\/quimicos\/producto\/evergreen-elite-series\/#breadcrumb\",\"itemListElement\":[{\"@type\":\"ListItem\",\"position\":1,\"name\":\"Portada\",\"item\":\"https:\/\/multiagua.cl\/quimicos\/\"},{\"@type\":\"ListItem\",\"position\":2,\"name\":\"Productos\",\"item\":\"https:\/\/multiagua.cl\/quimicos\/tienda\/\"},{\"@type\":\"ListItem\",\"position\":3,\"name\":\"Evergreen Elite Packets\"}]},{\"@type\":\"WebSite\",\"@id\":\"https:\/\/multiagua.cl\/quimicos\/#website\",\"url\":\"https:\/\/multiagua.cl\/quimicos\/\",\"name\":\"Multiagua Qu\u00edmicos\",\"description\":\"Desodorantes para ba\u00f1os quimicos y sanitarios portatiles\",\"potentialAction\":[{\"@type\":\"SearchAction\",\"target\":{\"@type\":\"EntryPoint\",\"urlTemplate\":\"https:\/\/multiagua.cl\/quimicos\/?s={search_term_string}\"},\"query-input\":{\"@type\":\"PropertyValueSpecification\",\"valueRequired\":true,\"valueName\":\"search_term_string\"}}],\"inLanguage\":\"es\"}]}<\/script>\n<!-- \/ Yoast SEO Premium plugin. -->","yoast_head_json":{"title":"Evergreen Elite Packets - Multiagua Qu\u00edmicos","robots":{"index":"index","follow":"follow","max-snippet":"max-snippet:-1","max-image-preview":"max-image-preview:large","max-video-preview":"max-video-preview:-1"},"canonical":"https:\/\/multiagua.cl\/quimicos\/producto\/evergreen-elite-series\/","og_locale":"es_ES","og_type":"article","og_title":"Evergreen Elite Packets","og_description":"Desodorizante para Sanitarios Port\u00e1tiles que Elimina Malos Olores Naturalmente      Evergreen Elite Series son pastillas y sachets de l\u00ednea ecol\u00f3gica que adem\u00e1s de estar libres de todo elemento contaminante, adicionan encimas y bacterias no pat\u00f3genas que eliminan y destruyen naturalmente el mal olor en los sanitarios.             PASTILLAS SILVER              Para condiciones de calor y tr\u00e1fico moderados.  220 pastillas por caja.  &nbsp; SACHET GOLD Para condiciones de calor y tr\u00e1fico extremo.    75 Paquetes por bolsa \/300 paquetes por caja.  4 Bolsas por caja.  SACHET\u00a0SILVER Para condiciones de calor y tr\u00e1fico moderado.    80 Paquetes por bolsa \/ 320 paquetes por caja.  4 Bolsas por caja.               Sachet &amp; Pastillas Evergreen solo disponibles en algunas fragancias de la variedad exclusiva de J&amp;J. El Desodorizante Liquido EverGreen est\u00e1 disponible en todas las variedades de Fragancias Exclusivas de J&amp;J.","og_url":"https:\/\/multiagua.cl\/quimicos\/producto\/evergreen-elite-series\/","og_site_name":"Multiagua Qu\u00edmicos","article_modified_time":"2025-07-28T19:59:34+00:00","og_image":[{"width":950,"height":950,"url":"https:\/\/multiagua.cl\/quimicos\/wp-content\/uploads\/2025\/06\/pixelcut-export-2025-07-25T135816.017.png","type":"image\/png"}],"twitter_card":"summary_large_image","twitter_misc":{"Tiempo de lectura":"1 minuto"},"schema":{"@context":"https:\/\/schema.org","@graph":[{"@type":"WebPage","@id":"https:\/\/multiagua.cl\/quimicos\/producto\/evergreen-elite-series\/","url":"https:\/\/multiagua.cl\/quimicos\/producto\/evergreen-elite-series\/","name":"Evergreen Elite Packets - Multiagua Qu\u00edmicos","isPartOf":{"@id":"https:\/\/multiagua.cl\/quimicos\/#website"},"primaryImageOfPage":{"@id":"https:\/\/multiagua.cl\/quimicos\/producto\/evergreen-elite-series\/#primaryimage"},"image":{"@id":"https:\/\/multiagua.cl\/quimicos\/producto\/evergreen-elite-series\/#primaryimage"},"thumbnailUrl":"https:\/\/multiagua.cl\/quimicos\/wp-content\/uploads\/2025\/06\/pixelcut-export-2025-07-25T135816.017.png","datePublished":"2025-06-06T13:55:05+00:00","dateModified":"2025-07-28T19:59:34+00:00","breadcrumb":{"@id":"https:\/\/multiagua.cl\/quimicos\/producto\/evergreen-elite-series\/#breadcrumb"},"inLanguage":"es","potentialAction":[{"@type":"ReadAction","target":["https:\/\/multiagua.cl\/quimicos\/producto\/evergreen-elite-series\/"]}]},{"@type":"ImageObject","inLanguage":"es","@id":"https:\/\/multiagua.cl\/quimicos\/producto\/evergreen-elite-series\/#primaryimage","url":"https:\/\/multiagua.cl\/quimicos\/wp-content\/uploads\/2025\/06\/pixelcut-export-2025-07-25T135816.017.png","contentUrl":"https:\/\/multiagua.cl\/quimicos\/wp-content\/uploads\/2025\/06\/pixelcut-export-2025-07-25T135816.017.png","width":950,"height":950},{"@type":"BreadcrumbList","@id":"https:\/\/multiagua.cl\/quimicos\/producto\/evergreen-elite-series\/#breadcrumb","itemListElement":[{"@type":"ListItem","position":1,"name":"Portada","item":"https:\/\/multiagua.cl\/quimicos\/"},{"@type":"ListItem","position":2,"name":"Productos","item":"https:\/\/multiagua.cl\/quimicos\/tienda\/"},{"@type":"ListItem","position":3,"name":"Evergreen Elite Packets"}]},{"@type":"WebSite","@id":"https:\/\/multiagua.cl\/quimicos\/#website","url":"https:\/\/multiagua.cl\/quimicos\/","name":"Multiagua Qu\u00edmicos","description":"Desodorantes para ba\u00f1os quimicos y sanitarios portatiles","potentialAction":[{"@type":"SearchAction","target":{"@type":"EntryPoint","urlTemplate":"https:\/\/multiagua.cl\/quimicos\/?s={search_term_string}"},"query-input":{"@type":"PropertyValueSpecification","valueRequired":true,"valueName":"search_term_string"}}],"inLanguage":"es"}]}},"_links":{"self":[{"href":"https:\/\/multiagua.cl\/quimicos\/wp-json\/wp\/v2\/product\/1540","targetHints":{"allow":["GET"]}}],"collection":[{"href":"https:\/\/multiagua.cl\/quimicos\/wp-json\/wp\/v2\/product"}],"about":[{"href":"https:\/\/multiagua.cl\/quimicos\/wp-json\/wp\/v2\/types\/product"}],"version-history":[{"count":3,"href":"https:\/\/multiagua.cl\/quimicos\/wp-json\/wp\/v2\/product\/1540\/revisions"}],"predecessor-version":[{"id":1813,"href":"https:\/\/multiagua.cl\/quimicos\/wp-json\/wp\/v2\/product\/1540\/revisions\/1813"}],"wp:featuredmedia":[{"embeddable":true,"href":"https:\/\/multiagua.cl\/quimicos\/wp-json\/wp\/v2\/media\/1811"}],"wp:attachment":[{"href":"https:\/\/multiagua.cl\/quimicos\/wp-json\/wp\/v2\/media?parent=1540"}],"wp:term":[{"taxonomy":"product_brand","embeddable":true,"href":"https:\/\/multiagua.cl\/quimicos\/wp-json\/wp\/v2\/product_brand?post=1540"},{"taxonomy":"product_cat","embeddable":true,"href":"https:\/\/multiagua.cl\/quimicos\/wp-json\/wp\/v2\/product_cat?post=1540"},{"taxonomy":"product_tag","embeddable":true,"href":"https:\/\/multiagua.cl\/quimicos\/wp-json\/wp\/v2\/product_tag?post=1540"}],"curies":[{"name":"wp","href":"https:\/\/api.w.org\/{rel}","templated":true}]}}