{"id":1538,"date":"2025-06-06T09:55:03","date_gmt":"2025-06-06T13:55:03","guid":{"rendered":"https:\/\/multiagua.cl\/quimicos\/?post_type=product&#038;p=1538"},"modified":"2026-03-20T11:30:01","modified_gmt":"2026-03-20T15:30:01","slug":"propaxx-elite-packets","status":"publish","type":"product","link":"https:\/\/multiagua.cl\/quimicos\/producto\/propaxx-elite-packets\/","title":{"rendered":"Propaxx Elite Packets"},"content":{"rendered":"<p >asd<\/p>\n","protected":false},"excerpt":{"rendered":"<h2>La Forma M\u00e1s F\u00e1cil y Segura de Desodorizar Sanitarios Port\u00e1tiles.<\/h2>\n<p>Propaxx es una dosis en sachet, libre de formaldehidos, que elimina los malos olores con una potente fragancia y color azul profundo, mientras que ayuda a limpiar el tanque de retenci\u00f3n de desechos.<\/p>\n<ul>\n<li>Hidrosoluble y Automezclante<\/li>\n<li>Libre de Formaldehidos<\/li>\n<li>Color Azul Profundo Duradero<\/li>\n<li>Fragancias de Alto Desempe\u00f1o<\/li>\n<li>Limpio Seguro, R\u00e1pido y F\u00e1cil<\/li>\n<\/ul>\n<p>&nbsp;<\/p>\n<h3>SUPER PLATINUM<\/h3>\n<p><strong>\u00a1El paquete desodorizante m\u00e1s potente!\u00a0<\/strong><\/p>\n<ul>\n<li>60 Paquetes por bolsa \/ 240 paquetes por caja.<\/li>\n<li>4 Bolsas por caja.<\/li>\n<\/ul>\n<h3>GOLD<\/h3>\n<p><strong>Para condiciones de calor y tr\u00e1fico extremo.<\/strong><\/p>\n<ul>\n<li>75 Paquetes por bolsa \/300 paquetes por caja.<\/li>\n<li>4 Bolsas por caja.<\/li>\n<\/ul>\n<h3>SILVER<\/h3>\n<p><strong>Para condiciones de calor y tr\u00e1fico moderado.<\/strong><\/p>\n<ul>\n<li>80 Paquetes por bolsa \/ 320 paquetes por caja.<\/li>\n<li>4 Bolsas por caja.<\/li>\n<\/ul>\n<h3>BRONZE<\/h3>\n<p><strong>Para condiciones de calor y tr\u00e1fico moderado excelente para eventos.<\/strong><\/p>\n<ul>\n<li>100 Paquetes por bolsa \/ 400 paquetes por caja.<\/li>\n<li>4 Bolsas por caja.<\/li>\n<\/ul>\n<h4>\u00a1Consulte por fragancias disponibles!<\/h4>\n<p>&nbsp;<\/p>\n<h3>\u00a1Te ense\u00f1amos c\u00f3mo utilizar nuestro producto paso a paso!<\/h3>\n<h3>Paso N\u00b0 1:<\/h3>\n<h4>Debes llenar el estanque con 20 Litros de agua limpia.<\/h4>\n<p><img loading=\"lazy\" decoding=\"async\" class=\"wp-image-1557 aligncenter\" src=\"https:\/\/ecoportable.cl\/wp-content\/uploads\/2024\/04\/Untitled-design-31.webp\" alt=\"\" width=\"370\" height=\"253\" \/><\/p>\n<h3>Paso N\u00b0 2:<\/h3>\n<h4>Deja caer 1 sachet en el estanque.<\/h4>\n<h4>Recuerda mantener tus manos secas para evitar que el sachet se rompa, ya que su envoltura se disuelve al contacto con el agua.<\/h4>\n<p><img loading=\"lazy\" decoding=\"async\" class=\"wp-image-1561 aligncenter\" src=\"https:\/\/ecoportable.cl\/wp-content\/uploads\/2024\/04\/Untitled-design-30.webp\" alt=\"\" width=\"369\" height=\"253\" \/><\/p>\n<h3>Paso N\u00b0 3:<\/h3>\n<h4>Espera unos segundos y ver\u00e1s resultados casi al instante. El producto liberar\u00e1 una fragancia agradable seg\u00fan el aroma elegido, mientras el agua adquiere un tono azul oscuro que oculta los residuos en el interior del estanque y ayuda a disgregar el contenido, facilitando su extracci\u00f3n.<\/h4>\n<p><img loading=\"lazy\" decoding=\"async\" class=\"wp-image-1564 aligncenter\" src=\"https:\/\/ecoportable.cl\/wp-content\/uploads\/2024\/04\/Untitled-design-32-1.webp\" alt=\"\" width=\"370\" height=\"254\" \/><\/p>\n<p>&nbsp;<\/p>\n<p>https:\/\/www.youtube.com\/watch?v=tZ0IHQ-dAUI<\/p>\n","protected":false},"featured_media":1526,"template":"","meta":[],"product_brand":[],"product_cat":[82],"product_tag":[],"class_list":{"0":"post-1538","1":"product","2":"type-product","3":"status-publish","4":"has-post-thumbnail","6":"product_cat-disgregantes-aromatizantes","8":"first","9":"instock","10":"featured","11":"shipping-taxable","12":"product-type-simple"},"yoast_head":"<!-- This site is optimized with the Yoast SEO Premium plugin v27.1 (Yoast SEO v27.2) - https:\/\/yoast.com\/product\/yoast-seo-premium-wordpress\/ -->\n<title>Propaxx Elite Packets - Multiagua Qu\u00edmicos<\/title>\n<meta name=\"robots\" content=\"index, follow, max-snippet:-1, max-image-preview:large, max-video-preview:-1\" \/>\n<link rel=\"canonical\" href=\"https:\/\/multiagua.cl\/quimicos\/producto\/propaxx-elite-packets\/\" \/>\n<meta property=\"og:locale\" content=\"es_ES\" \/>\n<meta property=\"og:type\" content=\"article\" \/>\n<meta property=\"og:title\" content=\"Propaxx Elite Packets\" \/>\n<meta property=\"og:description\" content=\"La Forma M\u00e1s F\u00e1cil y Segura de Desodorizar Sanitarios Port\u00e1tiles. Propaxx es una dosis en sachet, libre de formaldehidos, que elimina los malos olores con una potente fragancia y color azul profundo, mientras que ayuda a limpiar el tanque de retenci\u00f3n de desechos.   Hidrosoluble y Automezclante  Libre de Formaldehidos  Color Azul Profundo Duradero  Fragancias de Alto Desempe\u00f1o  Limpio Seguro, R\u00e1pido y F\u00e1cil  &nbsp; SUPER PLATINUM \u00a1El paquete desodorizante m\u00e1s potente!\u00a0   60 Paquetes por bolsa \/ 240 paquetes por caja.  4 Bolsas por caja.  GOLD Para condiciones de calor y tr\u00e1fico extremo.   75 Paquetes por bolsa \/300 paquetes por caja.  4 Bolsas por caja.  SILVER Para condiciones de calor y tr\u00e1fico moderado.   80 Paquetes por bolsa \/ 320 paquetes por caja.  4 Bolsas por caja.  BRONZE Para condiciones de calor y tr\u00e1fico moderado excelente para eventos.   100 Paquetes por bolsa \/ 400 paquetes por caja.  4 Bolsas por caja.  \u00a1Consulte por fragancias disponibles! &nbsp; \u00a1Te ense\u00f1amos c\u00f3mo utilizar nuestro producto paso a paso! Paso N\u00b0 1: Debes llenar el estanque con 20 Litros de agua limpia.  Paso N\u00b0 2: Deja caer 1 sachet en el estanque. Recuerda mantener tus manos secas para evitar que el sachet se rompa, ya que su envoltura se disuelve al contacto con el agua.  Paso N\u00b0 3: Espera unos segundos y ver\u00e1s resultados casi al instante. El producto liberar\u00e1 una fragancia agradable seg\u00fan el aroma elegido, mientras el agua adquiere un tono azul oscuro que oculta los residuos en el interior del estanque y ayuda a disgregar el contenido, facilitando su extracci\u00f3n.   &nbsp;  https:\/\/www.youtube.com\/watch?v=tZ0IHQ-dAUI\" \/>\n<meta property=\"og:url\" content=\"https:\/\/multiagua.cl\/quimicos\/producto\/propaxx-elite-packets\/\" \/>\n<meta property=\"og:site_name\" content=\"Multiagua Qu\u00edmicos\" \/>\n<meta property=\"article:modified_time\" content=\"2026-03-20T15:30:01+00:00\" \/>\n<meta property=\"og:image\" content=\"https:\/\/multiagua.cl\/quimicos\/wp-content\/uploads\/2025\/06\/propaxx-2.jpg\" \/>\n\t<meta property=\"og:image:width\" content=\"812\" \/>\n\t<meta property=\"og:image:height\" content=\"812\" \/>\n\t<meta property=\"og:image:type\" content=\"image\/jpeg\" \/>\n<meta name=\"twitter:card\" content=\"summary_large_image\" \/>\n<meta name=\"twitter:label1\" content=\"Tiempo de lectura\" \/>\n\t<meta name=\"twitter:data1\" content=\"1 minuto\" \/>\n<script type=\"application\/ld+json\" class=\"yoast-schema-graph\">{\"@context\":\"https:\/\/schema.org\",\"@graph\":[{\"@type\":\"WebPage\",\"@id\":\"https:\/\/multiagua.cl\/quimicos\/producto\/propaxx-elite-packets\/\",\"url\":\"https:\/\/multiagua.cl\/quimicos\/producto\/propaxx-elite-packets\/\",\"name\":\"Propaxx Elite Packets - Multiagua Qu\u00edmicos\",\"isPartOf\":{\"@id\":\"https:\/\/multiagua.cl\/quimicos\/#website\"},\"primaryImageOfPage\":{\"@id\":\"https:\/\/multiagua.cl\/quimicos\/producto\/propaxx-elite-packets\/#primaryimage\"},\"image\":{\"@id\":\"https:\/\/multiagua.cl\/quimicos\/producto\/propaxx-elite-packets\/#primaryimage\"},\"thumbnailUrl\":\"https:\/\/multiagua.cl\/quimicos\/wp-content\/uploads\/2025\/06\/propaxx-2.jpg\",\"datePublished\":\"2025-06-06T13:55:03+00:00\",\"dateModified\":\"2026-03-20T15:30:01+00:00\",\"breadcrumb\":{\"@id\":\"https:\/\/multiagua.cl\/quimicos\/producto\/propaxx-elite-packets\/#breadcrumb\"},\"inLanguage\":\"es\",\"potentialAction\":[{\"@type\":\"ReadAction\",\"target\":[\"https:\/\/multiagua.cl\/quimicos\/producto\/propaxx-elite-packets\/\"]}]},{\"@type\":\"ImageObject\",\"inLanguage\":\"es\",\"@id\":\"https:\/\/multiagua.cl\/quimicos\/producto\/propaxx-elite-packets\/#primaryimage\",\"url\":\"https:\/\/multiagua.cl\/quimicos\/wp-content\/uploads\/2025\/06\/propaxx-2.jpg\",\"contentUrl\":\"https:\/\/multiagua.cl\/quimicos\/wp-content\/uploads\/2025\/06\/propaxx-2.jpg\",\"width\":812,\"height\":812},{\"@type\":\"BreadcrumbList\",\"@id\":\"https:\/\/multiagua.cl\/quimicos\/producto\/propaxx-elite-packets\/#breadcrumb\",\"itemListElement\":[{\"@type\":\"ListItem\",\"position\":1,\"name\":\"Portada\",\"item\":\"https:\/\/multiagua.cl\/quimicos\/\"},{\"@type\":\"ListItem\",\"position\":2,\"name\":\"Productos\",\"item\":\"https:\/\/multiagua.cl\/quimicos\/tienda\/\"},{\"@type\":\"ListItem\",\"position\":3,\"name\":\"Propaxx Elite Packets\"}]},{\"@type\":\"WebSite\",\"@id\":\"https:\/\/multiagua.cl\/quimicos\/#website\",\"url\":\"https:\/\/multiagua.cl\/quimicos\/\",\"name\":\"Multiagua Qu\u00edmicos\",\"description\":\"Desodorantes para ba\u00f1os quimicos y sanitarios portatiles\",\"potentialAction\":[{\"@type\":\"SearchAction\",\"target\":{\"@type\":\"EntryPoint\",\"urlTemplate\":\"https:\/\/multiagua.cl\/quimicos\/?s={search_term_string}\"},\"query-input\":{\"@type\":\"PropertyValueSpecification\",\"valueRequired\":true,\"valueName\":\"search_term_string\"}}],\"inLanguage\":\"es\"}]}<\/script>\n<!-- \/ Yoast SEO Premium plugin. -->","yoast_head_json":{"title":"Propaxx Elite Packets - Multiagua Qu\u00edmicos","robots":{"index":"index","follow":"follow","max-snippet":"max-snippet:-1","max-image-preview":"max-image-preview:large","max-video-preview":"max-video-preview:-1"},"canonical":"https:\/\/multiagua.cl\/quimicos\/producto\/propaxx-elite-packets\/","og_locale":"es_ES","og_type":"article","og_title":"Propaxx Elite Packets","og_description":"La Forma M\u00e1s F\u00e1cil y Segura de Desodorizar Sanitarios Port\u00e1tiles. Propaxx es una dosis en sachet, libre de formaldehidos, que elimina los malos olores con una potente fragancia y color azul profundo, mientras que ayuda a limpiar el tanque de retenci\u00f3n de desechos.   Hidrosoluble y Automezclante  Libre de Formaldehidos  Color Azul Profundo Duradero  Fragancias de Alto Desempe\u00f1o  Limpio Seguro, R\u00e1pido y F\u00e1cil  &nbsp; SUPER PLATINUM \u00a1El paquete desodorizante m\u00e1s potente!\u00a0   60 Paquetes por bolsa \/ 240 paquetes por caja.  4 Bolsas por caja.  GOLD Para condiciones de calor y tr\u00e1fico extremo.   75 Paquetes por bolsa \/300 paquetes por caja.  4 Bolsas por caja.  SILVER Para condiciones de calor y tr\u00e1fico moderado.   80 Paquetes por bolsa \/ 320 paquetes por caja.  4 Bolsas por caja.  BRONZE Para condiciones de calor y tr\u00e1fico moderado excelente para eventos.   100 Paquetes por bolsa \/ 400 paquetes por caja.  4 Bolsas por caja.  \u00a1Consulte por fragancias disponibles! &nbsp; \u00a1Te ense\u00f1amos c\u00f3mo utilizar nuestro producto paso a paso! Paso N\u00b0 1: Debes llenar el estanque con 20 Litros de agua limpia.  Paso N\u00b0 2: Deja caer 1 sachet en el estanque. Recuerda mantener tus manos secas para evitar que el sachet se rompa, ya que su envoltura se disuelve al contacto con el agua.  Paso N\u00b0 3: Espera unos segundos y ver\u00e1s resultados casi al instante. El producto liberar\u00e1 una fragancia agradable seg\u00fan el aroma elegido, mientras el agua adquiere un tono azul oscuro que oculta los residuos en el interior del estanque y ayuda a disgregar el contenido, facilitando su extracci\u00f3n.   &nbsp;  https:\/\/www.youtube.com\/watch?v=tZ0IHQ-dAUI","og_url":"https:\/\/multiagua.cl\/quimicos\/producto\/propaxx-elite-packets\/","og_site_name":"Multiagua Qu\u00edmicos","article_modified_time":"2026-03-20T15:30:01+00:00","og_image":[{"width":812,"height":812,"url":"https:\/\/multiagua.cl\/quimicos\/wp-content\/uploads\/2025\/06\/propaxx-2.jpg","type":"image\/jpeg"}],"twitter_card":"summary_large_image","twitter_misc":{"Tiempo de lectura":"1 minuto"},"schema":{"@context":"https:\/\/schema.org","@graph":[{"@type":"WebPage","@id":"https:\/\/multiagua.cl\/quimicos\/producto\/propaxx-elite-packets\/","url":"https:\/\/multiagua.cl\/quimicos\/producto\/propaxx-elite-packets\/","name":"Propaxx Elite Packets - Multiagua Qu\u00edmicos","isPartOf":{"@id":"https:\/\/multiagua.cl\/quimicos\/#website"},"primaryImageOfPage":{"@id":"https:\/\/multiagua.cl\/quimicos\/producto\/propaxx-elite-packets\/#primaryimage"},"image":{"@id":"https:\/\/multiagua.cl\/quimicos\/producto\/propaxx-elite-packets\/#primaryimage"},"thumbnailUrl":"https:\/\/multiagua.cl\/quimicos\/wp-content\/uploads\/2025\/06\/propaxx-2.jpg","datePublished":"2025-06-06T13:55:03+00:00","dateModified":"2026-03-20T15:30:01+00:00","breadcrumb":{"@id":"https:\/\/multiagua.cl\/quimicos\/producto\/propaxx-elite-packets\/#breadcrumb"},"inLanguage":"es","potentialAction":[{"@type":"ReadAction","target":["https:\/\/multiagua.cl\/quimicos\/producto\/propaxx-elite-packets\/"]}]},{"@type":"ImageObject","inLanguage":"es","@id":"https:\/\/multiagua.cl\/quimicos\/producto\/propaxx-elite-packets\/#primaryimage","url":"https:\/\/multiagua.cl\/quimicos\/wp-content\/uploads\/2025\/06\/propaxx-2.jpg","contentUrl":"https:\/\/multiagua.cl\/quimicos\/wp-content\/uploads\/2025\/06\/propaxx-2.jpg","width":812,"height":812},{"@type":"BreadcrumbList","@id":"https:\/\/multiagua.cl\/quimicos\/producto\/propaxx-elite-packets\/#breadcrumb","itemListElement":[{"@type":"ListItem","position":1,"name":"Portada","item":"https:\/\/multiagua.cl\/quimicos\/"},{"@type":"ListItem","position":2,"name":"Productos","item":"https:\/\/multiagua.cl\/quimicos\/tienda\/"},{"@type":"ListItem","position":3,"name":"Propaxx Elite Packets"}]},{"@type":"WebSite","@id":"https:\/\/multiagua.cl\/quimicos\/#website","url":"https:\/\/multiagua.cl\/quimicos\/","name":"Multiagua Qu\u00edmicos","description":"Desodorantes para ba\u00f1os quimicos y sanitarios portatiles","potentialAction":[{"@type":"SearchAction","target":{"@type":"EntryPoint","urlTemplate":"https:\/\/multiagua.cl\/quimicos\/?s={search_term_string}"},"query-input":{"@type":"PropertyValueSpecification","valueRequired":true,"valueName":"search_term_string"}}],"inLanguage":"es"}]}},"_links":{"self":[{"href":"https:\/\/multiagua.cl\/quimicos\/wp-json\/wp\/v2\/product\/1538","targetHints":{"allow":["GET"]}}],"collection":[{"href":"https:\/\/multiagua.cl\/quimicos\/wp-json\/wp\/v2\/product"}],"about":[{"href":"https:\/\/multiagua.cl\/quimicos\/wp-json\/wp\/v2\/types\/product"}],"version-history":[{"count":2,"href":"https:\/\/multiagua.cl\/quimicos\/wp-json\/wp\/v2\/product\/1538\/revisions"}],"predecessor-version":[{"id":1767,"href":"https:\/\/multiagua.cl\/quimicos\/wp-json\/wp\/v2\/product\/1538\/revisions\/1767"}],"wp:featuredmedia":[{"embeddable":true,"href":"https:\/\/multiagua.cl\/quimicos\/wp-json\/wp\/v2\/media\/1526"}],"wp:attachment":[{"href":"https:\/\/multiagua.cl\/quimicos\/wp-json\/wp\/v2\/media?parent=1538"}],"wp:term":[{"taxonomy":"product_brand","embeddable":true,"href":"https:\/\/multiagua.cl\/quimicos\/wp-json\/wp\/v2\/product_brand?post=1538"},{"taxonomy":"product_cat","embeddable":true,"href":"https:\/\/multiagua.cl\/quimicos\/wp-json\/wp\/v2\/product_cat?post=1538"},{"taxonomy":"product_tag","embeddable":true,"href":"https:\/\/multiagua.cl\/quimicos\/wp-json\/wp\/v2\/product_tag?post=1538"}],"curies":[{"name":"wp","href":"https:\/\/api.w.org\/{rel}","templated":true}]}}