{"id":14,"date":"2023-06-15T12:33:10","date_gmt":"2023-06-15T12:33:10","guid":{"rendered":"https:\/\/dummy.xtemos.com\/woodmart2\/kids-elementor\/?page_id=14"},"modified":"2024-11-19T16:44:13","modified_gmt":"2024-11-19T20:44:13","slug":"nuestra-empresa","status":"publish","type":"page","link":"https:\/\/multiagua.cl\/quimicos\/nuestra-empresa\/","title":{"rendered":"Nuestra Empresa"},"content":{"rendered":"\t\t<div data-elementor-type=\"wp-page\" data-elementor-id=\"14\" class=\"elementor elementor-14\">\n\t\t\t\t<div class=\"elementor-element elementor-element-38d1e6f e-flex e-con-boxed e-con e-parent\" data-id=\"38d1e6f\" data-element_type=\"container\" data-e-type=\"container\">\n\t\t\t\t\t<div class=\"e-con-inner\">\n\t\t<div class=\"elementor-element elementor-element-c9ddb24 e-con-full e-flex e-con e-child\" data-id=\"c9ddb24\" data-element_type=\"container\" data-e-type=\"container\">\n\t\t\t\t<div class=\"elementor-element elementor-element-6030832 elementor-widget elementor-widget-wd_image_or_svg\" data-id=\"6030832\" data-element_type=\"widget\" data-e-type=\"widget\" data-widget_type=\"wd_image_or_svg.default\">\n\t\t\t\t<div class=\"elementor-widget-container\">\n\t\t\t\t\t\n\t\t<div class=\"wd-image text-left\">\n\t\t\t\t\t\t\t\t<img loading=\"lazy\" decoding=\"async\" width=\"1000\" height=\"770\" src=\"https:\/\/multiagua.cl\/quimicos\/wp-content\/uploads\/2024\/11\/pixelcut-export-43.png\" class=\"attachment-full size-full\" alt=\"\" srcset=\"https:\/\/multiagua.cl\/quimicos\/wp-content\/uploads\/2024\/11\/pixelcut-export-43.png 1000w, https:\/\/multiagua.cl\/quimicos\/wp-content\/uploads\/2024\/11\/pixelcut-export-43-300x231.png 300w, https:\/\/multiagua.cl\/quimicos\/wp-content\/uploads\/2024\/11\/pixelcut-export-43-768x591.png 768w, https:\/\/multiagua.cl\/quimicos\/wp-content\/uploads\/2024\/11\/pixelcut-export-43-150x116.png 150w\" sizes=\"auto, (max-width: 1000px) 100vw, 1000px\" \/>\t\t\t\t\t<\/div>\n\n\t\t\t\t\t\t<\/div>\n\t\t\t\t<\/div>\n\t\t\t\t<\/div>\n\t\t<div class=\"elementor-element elementor-element-a392c61 e-con-full e-flex e-con e-child\" data-id=\"a392c61\" data-element_type=\"container\" data-e-type=\"container\">\n\t\t\t\t<div class=\"elementor-element elementor-element-7087836 wd-width-100 elementor-widget elementor-widget-wd_title\" data-id=\"7087836\" data-element_type=\"widget\" data-e-type=\"widget\" data-widget_type=\"wd_title.default\">\n\t\t\t\t<div class=\"elementor-widget-container\">\n\t\t\t\t\t\t\t<div class=\"title-wrapper wd-set-mb reset-last-child wd-title-color-primary wd-title-style-default wd-title-size-extra-large text-left\">\n\n\t\t\t\t\t\t\t\t\t\t\t<div class=\"title-subtitle subtitle-color-primary subtitle-style-default wd-fontsize-m\">\n\t\t\t\t\tNuestra Empresa\t\t\t\t<\/div>\n\t\t\t\n\t\t\t<div class=\"liner-continer\">\n\t\t\t\t<h4 class=\"woodmart-title-container title wd-fontsize-xxxl\">Multiagua qu\u00edmicos<\/h4> \n\t\t\t\t\t\t\t<\/div>\n\n\t\t\t\t\t<\/div>\n\t\t\t\t\t\t<\/div>\n\t\t\t\t<\/div>\n\t\t\t\t<div class=\"elementor-element elementor-element-0b93a1b elementor-widget elementor-widget-wd_text_block\" data-id=\"0b93a1b\" data-element_type=\"widget\" data-e-type=\"widget\" data-widget_type=\"wd_text_block.default\">\n\t\t\t\t<div class=\"elementor-widget-container\">\n\t\t\t\t\t\t\t<div class=\"wd-text-block reset-last-child text-left\">\n\t\t\t\n\t\t\t<p>Comercial Las Heras S.A opera en nuestro pa\u00eds desde el a\u00f1o 1987 y es parte de un Holding de empresas que atiende \u00edntegramente y con productos de excelencia a toda la Industria Nacional enfocados muy especialmente en el mercado de Servicios de Arriendo de Ba\u00f1os Qu\u00edmicos y Sanitarios Port\u00e1tiles. Nuestra empresa Comercial Las Heras S.A. (Multiagua - Ba\u00f1os Qu\u00edmicos \/ Multiagua Qu\u00edmicos) por a\u00f1os ha sido una de las empresas l\u00edderes en la distribuci\u00f3n de ba\u00f1os qu\u00edmicos importados de U.S.A. adem\u00e1s de abastecer a las empresas de piezas de rotomoldeo exclusivas fabricadas en Chile y con calidad internacional.\u00a0<\/p>\n\t\t\t\t\t<\/div>\n\t\t\t\t\t\t<\/div>\n\t\t\t\t<\/div>\n\t\t\t\t<\/div>\n\t\t\t\t\t<\/div>\n\t\t\t\t<\/div>\n\t\t<div class=\"elementor-element elementor-element-446a967 e-flex e-con-boxed e-con e-parent\" data-id=\"446a967\" data-element_type=\"container\" data-e-type=\"container\">\n\t\t\t\t\t<div class=\"e-con-inner\">\n\t\t<div class=\"elementor-element elementor-element-4f5f4e0 e-con-full e-flex e-con e-child\" data-id=\"4f5f4e0\" data-element_type=\"container\" data-e-type=\"container\">\n\t\t<div class=\"wd-negative-gap elementor-element elementor-element-9bd5efe e-flex e-con-boxed e-con e-child\" data-id=\"9bd5efe\" data-element_type=\"container\" data-e-type=\"container\">\n\t\t\t\t\t<div class=\"e-con-inner\">\n\t\t\t\t<div class=\"elementor-element elementor-element-6810dac elementor-widget elementor-widget-wd_text_block\" data-id=\"6810dac\" data-element_type=\"widget\" data-e-type=\"widget\" data-widget_type=\"wd_text_block.default\">\n\t\t\t\t<div class=\"elementor-widget-container\">\n\t\t\t\t\t\t\t<div class=\"wd-text-block reset-last-child text-left\">\n\t\t\t\n\t\t\t<p>En Multiagua qu\u00edmicos estamos enfocados en satisfacer las demandas a empresas de arriendo de Ba\u00f1os Qu\u00edmicos y Sanitarios Port\u00e1tiles quienes le prestan sus servicios a otras empresas de la industria en general tales como constructoras, agroindustrias, empresas mineras, contratistas del MOP, etc. Adem\u00e1s atendemos a clientes finales tales como empresas de buses, aeron\u00e1uticas, navieras, etc. Multiagua qu\u00edmico es el Distribuidor exclusivo y Agente Autorizado para Chile de J&amp;J Chemical Co., empresa N\u00b01 de U.S.A. y del Mundo en Insumos para Sanitarios Qu\u00edmicos y Port\u00e1tiles. Toda la tecnolog\u00eda, innovaci\u00f3n, calidad, cuidado con el medio ambiente y excelencia de sus productos estar\u00e1n al alcance de nuestros clientes a trav\u00e9s de los desodorantes m\u00e1s poderosos e innovadores del mercado. En Multiagua qu\u00edmicos nos preocupamos de entregar una respuesta r\u00e1pida y profesional a todos los requerimientos de nuestros clientes, esto se traduce en soluciones inmediatas a sus solicitudes y la mejora continua de todos nuestros procedimientos.<\/p>\n\t\t\t\t\t<\/div>\n\t\t\t\t\t\t<\/div>\n\t\t\t\t<\/div>\n\t\t\t\t\t<\/div>\n\t\t\t\t<\/div>\n\t\t\t\t<\/div>\n\t\t<div class=\"elementor-element elementor-element-19de9e6 e-con-full e-flex e-con e-child\" data-id=\"19de9e6\" data-element_type=\"container\" data-e-type=\"container\">\n\t\t\t\t<div class=\"elementor-element elementor-element-df533f5 elementor-widget elementor-widget-wd_image_or_svg\" data-id=\"df533f5\" data-element_type=\"widget\" data-e-type=\"widget\" data-widget_type=\"wd_image_or_svg.default\">\n\t\t\t\t<div class=\"elementor-widget-container\">\n\t\t\t\t\t\n\t\t<div class=\"wd-image text-left\">\n\t\t\t\t\t\t\t\t<img loading=\"lazy\" decoding=\"async\" width=\"1452\" height=\"1080\" src=\"https:\/\/multiagua.cl\/quimicos\/wp-content\/uploads\/2024\/11\/pixelcut-export-44.png\" class=\"attachment-full size-full\" alt=\"\" srcset=\"https:\/\/multiagua.cl\/quimicos\/wp-content\/uploads\/2024\/11\/pixelcut-export-44.png 1452w, https:\/\/multiagua.cl\/quimicos\/wp-content\/uploads\/2024\/11\/pixelcut-export-44-300x223.png 300w, https:\/\/multiagua.cl\/quimicos\/wp-content\/uploads\/2024\/11\/pixelcut-export-44-1024x762.png 1024w, https:\/\/multiagua.cl\/quimicos\/wp-content\/uploads\/2024\/11\/pixelcut-export-44-768x571.png 768w, https:\/\/multiagua.cl\/quimicos\/wp-content\/uploads\/2024\/11\/pixelcut-export-44-1200x893.png 1200w, https:\/\/multiagua.cl\/quimicos\/wp-content\/uploads\/2024\/11\/pixelcut-export-44-150x112.png 150w\" sizes=\"auto, (max-width: 1452px) 100vw, 1452px\" \/>\t\t\t\t\t<\/div>\n\n\t\t\t\t\t\t<\/div>\n\t\t\t\t<\/div>\n\t\t\t\t<\/div>\n\t\t\t\t\t<\/div>\n\t\t\t\t<\/div>\n\t\t<div class=\"elementor-element elementor-element-7ad3bb7 e-flex e-con-boxed e-con e-parent\" data-id=\"7ad3bb7\" data-element_type=\"container\" data-e-type=\"container\">\n\t\t\t\t\t<div class=\"e-con-inner\">\n\t\t<div class=\"elementor-element elementor-element-17fe656 e-con-full e-flex e-con e-child\" data-id=\"17fe656\" data-element_type=\"container\" data-e-type=\"container\">\n\t\t\t\t<div class=\"elementor-element elementor-element-f6bd784 elementor-widget elementor-widget-wd_text_block\" data-id=\"f6bd784\" data-element_type=\"widget\" data-e-type=\"widget\" data-widget_type=\"wd_text_block.default\">\n\t\t\t\t<div class=\"elementor-widget-container\">\n\t\t\t\t\t\t\t<div class=\"wd-text-block reset-last-child text-center\">\n\t\t\t\n\t\t\t<h3>LOS MEJORES PRECIOS DEL MERCADO<br \/>STOCK PERMANENTE<br \/>PORCIONES CONTROLADAS - L\u00cdQUIDOS - COMPLEMENTOS (POTENCIADORES DE FRAGANCIAS) - ACCESORIOS \u2026.<\/h3><p>Nuestra meta es ser l\u00edderes en el mercado de la distribuci\u00f3n de productos de limpieza y mantenci\u00f3n de ba\u00f1os qu\u00edmicos.<\/p>\n\t\t\t\t\t<\/div>\n\t\t\t\t\t\t<\/div>\n\t\t\t\t<\/div>\n\t\t\t\t<\/div>\n\t\t\t\t\t<\/div>\n\t\t\t\t<\/div>\n\t\t\t\t<\/div>\n\t\t","protected":false},"excerpt":{"rendered":"<p>Nuestra Empresa Multiagua qu\u00edmicos Comercial Las Heras S.A opera en nuestro pa\u00eds desde el a\u00f1o 1987 y es parte de<\/p>\n","protected":false},"author":1,"featured_media":0,"parent":0,"menu_order":0,"comment_status":"closed","ping_status":"closed","template":"","meta":{"footnotes":""},"class_list":["post-14","page","type-page","status-publish","hentry"],"yoast_head":"<!-- This site is optimized with the Yoast SEO Premium plugin v27.1 (Yoast SEO v27.2) - https:\/\/yoast.com\/product\/yoast-seo-premium-wordpress\/ -->\n<title>Nuestra Empresa - Multiagua Qu\u00edmicos<\/title>\n<meta name=\"robots\" content=\"index, follow, max-snippet:-1, max-image-preview:large, max-video-preview:-1\" \/>\n<link rel=\"canonical\" href=\"https:\/\/multiagua.cl\/quimicos\/nuestra-empresa\/\" \/>\n<meta property=\"og:locale\" content=\"es_ES\" \/>\n<meta property=\"og:type\" content=\"article\" \/>\n<meta property=\"og:title\" content=\"Nuestra Empresa\" \/>\n<meta property=\"og:description\" content=\"Nuestra Empresa Multiagua qu\u00edmicos Comercial Las Heras S.A opera en nuestro pa\u00eds desde el a\u00f1o 1987 y es parte de\" \/>\n<meta property=\"og:url\" content=\"https:\/\/multiagua.cl\/quimicos\/nuestra-empresa\/\" \/>\n<meta property=\"og:site_name\" content=\"Multiagua Qu\u00edmicos\" \/>\n<meta property=\"article:modified_time\" content=\"2024-11-19T20:44:13+00:00\" \/>\n<meta property=\"og:image\" content=\"https:\/\/multiagua.cl\/quimicos\/wp-content\/uploads\/2024\/11\/pixelcut-export-43.png\" \/>\n<meta name=\"twitter:card\" content=\"summary_large_image\" \/>\n<meta name=\"twitter:label1\" content=\"Tiempo de lectura\" \/>\n\t<meta name=\"twitter:data1\" content=\"2 minutos\" \/>\n<script type=\"application\/ld+json\" class=\"yoast-schema-graph\">{\"@context\":\"https:\/\/schema.org\",\"@graph\":[{\"@type\":\"WebPage\",\"@id\":\"https:\/\/multiagua.cl\/quimicos\/nuestra-empresa\/\",\"url\":\"https:\/\/multiagua.cl\/quimicos\/nuestra-empresa\/\",\"name\":\"Nuestra Empresa - Multiagua Qu\u00edmicos\",\"isPartOf\":{\"@id\":\"https:\/\/multiagua.cl\/quimicos\/#website\"},\"primaryImageOfPage\":{\"@id\":\"https:\/\/multiagua.cl\/quimicos\/nuestra-empresa\/#primaryimage\"},\"image\":{\"@id\":\"https:\/\/multiagua.cl\/quimicos\/nuestra-empresa\/#primaryimage\"},\"thumbnailUrl\":\"https:\/\/multiagua.cl\/quimicos\/wp-content\/uploads\/2024\/11\/pixelcut-export-43.png\",\"datePublished\":\"2023-06-15T12:33:10+00:00\",\"dateModified\":\"2024-11-19T20:44:13+00:00\",\"breadcrumb\":{\"@id\":\"https:\/\/multiagua.cl\/quimicos\/nuestra-empresa\/#breadcrumb\"},\"inLanguage\":\"es\",\"potentialAction\":[{\"@type\":\"ReadAction\",\"target\":[\"https:\/\/multiagua.cl\/quimicos\/nuestra-empresa\/\"]}]},{\"@type\":\"ImageObject\",\"inLanguage\":\"es\",\"@id\":\"https:\/\/multiagua.cl\/quimicos\/nuestra-empresa\/#primaryimage\",\"url\":\"https:\/\/multiagua.cl\/quimicos\/wp-content\/uploads\/2024\/11\/pixelcut-export-43.png\",\"contentUrl\":\"https:\/\/multiagua.cl\/quimicos\/wp-content\/uploads\/2024\/11\/pixelcut-export-43.png\",\"width\":1000,\"height\":770},{\"@type\":\"BreadcrumbList\",\"@id\":\"https:\/\/multiagua.cl\/quimicos\/nuestra-empresa\/#breadcrumb\",\"itemListElement\":[{\"@type\":\"ListItem\",\"position\":1,\"name\":\"Portada\",\"item\":\"https:\/\/multiagua.cl\/quimicos\/\"},{\"@type\":\"ListItem\",\"position\":2,\"name\":\"Nuestra Empresa\"}]},{\"@type\":\"WebSite\",\"@id\":\"https:\/\/multiagua.cl\/quimicos\/#website\",\"url\":\"https:\/\/multiagua.cl\/quimicos\/\",\"name\":\"Multiagua Qu\u00edmicos\",\"description\":\"Desodorantes para ba\u00f1os quimicos y sanitarios portatiles\",\"potentialAction\":[{\"@type\":\"SearchAction\",\"target\":{\"@type\":\"EntryPoint\",\"urlTemplate\":\"https:\/\/multiagua.cl\/quimicos\/?s={search_term_string}\"},\"query-input\":{\"@type\":\"PropertyValueSpecification\",\"valueRequired\":true,\"valueName\":\"search_term_string\"}}],\"inLanguage\":\"es\"}]}<\/script>\n<!-- \/ Yoast SEO Premium plugin. -->","yoast_head_json":{"title":"Nuestra Empresa - Multiagua Qu\u00edmicos","robots":{"index":"index","follow":"follow","max-snippet":"max-snippet:-1","max-image-preview":"max-image-preview:large","max-video-preview":"max-video-preview:-1"},"canonical":"https:\/\/multiagua.cl\/quimicos\/nuestra-empresa\/","og_locale":"es_ES","og_type":"article","og_title":"Nuestra Empresa","og_description":"Nuestra Empresa Multiagua qu\u00edmicos Comercial Las Heras S.A opera en nuestro pa\u00eds desde el a\u00f1o 1987 y es parte de","og_url":"https:\/\/multiagua.cl\/quimicos\/nuestra-empresa\/","og_site_name":"Multiagua Qu\u00edmicos","article_modified_time":"2024-11-19T20:44:13+00:00","og_image":[{"url":"https:\/\/multiagua.cl\/quimicos\/wp-content\/uploads\/2024\/11\/pixelcut-export-43.png","type":"","width":"","height":""}],"twitter_card":"summary_large_image","twitter_misc":{"Tiempo de lectura":"2 minutos"},"schema":{"@context":"https:\/\/schema.org","@graph":[{"@type":"WebPage","@id":"https:\/\/multiagua.cl\/quimicos\/nuestra-empresa\/","url":"https:\/\/multiagua.cl\/quimicos\/nuestra-empresa\/","name":"Nuestra Empresa - Multiagua Qu\u00edmicos","isPartOf":{"@id":"https:\/\/multiagua.cl\/quimicos\/#website"},"primaryImageOfPage":{"@id":"https:\/\/multiagua.cl\/quimicos\/nuestra-empresa\/#primaryimage"},"image":{"@id":"https:\/\/multiagua.cl\/quimicos\/nuestra-empresa\/#primaryimage"},"thumbnailUrl":"https:\/\/multiagua.cl\/quimicos\/wp-content\/uploads\/2024\/11\/pixelcut-export-43.png","datePublished":"2023-06-15T12:33:10+00:00","dateModified":"2024-11-19T20:44:13+00:00","breadcrumb":{"@id":"https:\/\/multiagua.cl\/quimicos\/nuestra-empresa\/#breadcrumb"},"inLanguage":"es","potentialAction":[{"@type":"ReadAction","target":["https:\/\/multiagua.cl\/quimicos\/nuestra-empresa\/"]}]},{"@type":"ImageObject","inLanguage":"es","@id":"https:\/\/multiagua.cl\/quimicos\/nuestra-empresa\/#primaryimage","url":"https:\/\/multiagua.cl\/quimicos\/wp-content\/uploads\/2024\/11\/pixelcut-export-43.png","contentUrl":"https:\/\/multiagua.cl\/quimicos\/wp-content\/uploads\/2024\/11\/pixelcut-export-43.png","width":1000,"height":770},{"@type":"BreadcrumbList","@id":"https:\/\/multiagua.cl\/quimicos\/nuestra-empresa\/#breadcrumb","itemListElement":[{"@type":"ListItem","position":1,"name":"Portada","item":"https:\/\/multiagua.cl\/quimicos\/"},{"@type":"ListItem","position":2,"name":"Nuestra Empresa"}]},{"@type":"WebSite","@id":"https:\/\/multiagua.cl\/quimicos\/#website","url":"https:\/\/multiagua.cl\/quimicos\/","name":"Multiagua Qu\u00edmicos","description":"Desodorantes para ba\u00f1os quimicos y sanitarios portatiles","potentialAction":[{"@type":"SearchAction","target":{"@type":"EntryPoint","urlTemplate":"https:\/\/multiagua.cl\/quimicos\/?s={search_term_string}"},"query-input":{"@type":"PropertyValueSpecification","valueRequired":true,"valueName":"search_term_string"}}],"inLanguage":"es"}]}},"_links":{"self":[{"href":"https:\/\/multiagua.cl\/quimicos\/wp-json\/wp\/v2\/pages\/14","targetHints":{"allow":["GET"]}}],"collection":[{"href":"https:\/\/multiagua.cl\/quimicos\/wp-json\/wp\/v2\/pages"}],"about":[{"href":"https:\/\/multiagua.cl\/quimicos\/wp-json\/wp\/v2\/types\/page"}],"author":[{"embeddable":true,"href":"https:\/\/multiagua.cl\/quimicos\/wp-json\/wp\/v2\/users\/1"}],"replies":[{"embeddable":true,"href":"https:\/\/multiagua.cl\/quimicos\/wp-json\/wp\/v2\/comments?post=14"}],"version-history":[{"count":34,"href":"https:\/\/multiagua.cl\/quimicos\/wp-json\/wp\/v2\/pages\/14\/revisions"}],"predecessor-version":[{"id":1463,"href":"https:\/\/multiagua.cl\/quimicos\/wp-json\/wp\/v2\/pages\/14\/revisions\/1463"}],"wp:attachment":[{"href":"https:\/\/multiagua.cl\/quimicos\/wp-json\/wp\/v2\/media?parent=14"}],"curies":[{"name":"wp","href":"https:\/\/api.w.org\/{rel}","templated":true}]}}